{"id":5541,"date":"2025-10-30T14:16:14","date_gmt":"2025-10-30T13:16:14","guid":{"rendered":"https:\/\/brynemedisinskehudpleie.no\/?page_id=5541"},"modified":"2025-10-30T14:21:59","modified_gmt":"2025-10-30T13:21:59","slug":"purchase-conditions","status":"publish","type":"page","link":"https:\/\/brynemedisinskehudpleie.no\/en\/kjopsbetingelser\/","title":{"rendered":"Terms of purchase"},"content":{"rendered":"<p><strong>About online ordering<\/strong><br>All orders are processed as soon as the order is received by e-mail by one of our store managers. After the order has been received, you will be sent a confirmation by e-mail. Delivery takes place within two working days after the order has been received. The products must be prepaid in the online store or in the salon.<\/p>\n\n\n\n<p><strong>Postage &amp; shipping, domestic<\/strong><br>Postage and handling fees vary and are calculated at checkout.<\/p>\n\n\n\n<p><strong>Delivery outside Norway<\/strong><br>If you need deliveries outside Norway, send your order by e-mail<br>to <a href=\"mailto:monica@brynemedisinskehudpleie.no\">monica@brynemedisinskehudpleie.no<\/a>. Shipping will be added to the price and depends on the weight of the shipment and delivery method.<\/p>\n\n\n\n<p><strong>Right of withdrawal<br><\/strong>The Right of Withdrawal Act of LOV-2023-06-16-38 from 01.10.2023, LOV-2023-06-16-39.<br>The consumer may withdraw from the agreement without giving any reason within 14 days after the service provider has fulfilled its duty of disclosure in accordance with the Right of Withdrawal Act, and the goods and withdrawal form have been received. In any case, the deadline expires no later than 3 months after the goods have been received, or after 1 year if information about the right of withdrawal has not been provided. The consumer must notify the service provider if the right of withdrawal is exercised. The deadline is deemed to have been met if the notification is sent within the deadline. There are no formal requirements for the notification, but for evidentiary reasons it should be in writing and enclosed with the return of the book. If the conditions for the right of withdrawal are met, the service provider is obliged to refund all actual costs charged to the consumer. However, return costs must be borne by the consumer, unless the service provider has breached the agreement, or the service provider has delivered a replacement item in accordance with the agreement, because the ordered item was not available.<\/p>\n\n\n\n<p>Contact us to receive a regret form.<\/p>\n\n\n\n<p><strong>Errors in the online store<br><\/strong>If you receive an order that is no longer in stock or cannot yet be delivered, you will be contacted by one of our employees and given the opportunity to change your order or cancel it. We will check all orders for errors before we deliver.<\/p>\n\n\n\n<p><br><strong>Errors in delivery<\/strong><br>If there is an error or defect in the delivery, we will cover the return costs. Mark the return clearly with your name and customer number\/order number (you can, for example, attach a packing slip or invoice).<br>Please feel free to contact us before returning anything:<\/p>\n\n\n\n<p><strong><strong>Bryne medical skin care AS<\/strong><\/strong><br>org.nr. 933 948 498<br>Email: <a href=\"mailto:monica@brynemedisinskehudpleie.no\">monica@brynemedisinskehudpleie.no<\/a><br>Phone: 97534248<br>Address: Jernbanegata 4, 2nd floor- north entrance<\/p>","protected":false},"excerpt":{"rendered":"<p>Om nettbestillingAlle bestillinger behandles s\u00e5 fort bestillingen er mottatt pr. e-post av en av v\u00e5re butikkansvarlige. Etter at bestillingen er mottatt, vil du bli tilsendt en bekreftelse via e- post. Levering skjer innen to virkedager etter at bestillingen er mottatt. Produktene m\u00e5 v\u00e6re forh\u00e5ndsbetalt i nettbutikken eller i salong. Porto &amp; frakt, innlandPorto og ekspedisjonsgebyr [&hellip;]<\/p>\n","protected":false},"author":1,"featured_media":0,"parent":0,"menu_order":0,"comment_status":"closed","ping_status":"closed","template":"","meta":{"_et_pb_use_builder":"","_et_pb_old_content":"","_et_gb_content_width":"","footnotes":""},"class_list":["post-5541","page","type-page","status-publish","hentry"],"yoast_head":"<!-- This site is optimized with the Yoast SEO plugin v27.5 - https:\/\/yoast.com\/product\/yoast-seo-wordpress\/ -->\n<title>Kj\u00f8psbetingelser - Bryne Medisinske Hudpleie<\/title>\n<meta name=\"robots\" content=\"index, follow, max-snippet:-1, max-image-preview:large, max-video-preview:-1\" \/>\n<link rel=\"canonical\" href=\"https:\/\/brynemedisinskehudpleie.no\/en\/purchase-conditions\/\" \/>\n<meta property=\"og:locale\" content=\"en_US\" \/>\n<meta property=\"og:type\" content=\"article\" \/>\n<meta property=\"og:title\" content=\"Kj\u00f8psbetingelser - Bryne Medisinske Hudpleie\" \/>\n<meta property=\"og:description\" content=\"Om nettbestillingAlle bestillinger behandles s\u00e5 fort bestillingen er mottatt pr. e-post av en av v\u00e5re butikkansvarlige. Etter at bestillingen er mottatt, vil du bli tilsendt en bekreftelse via e- post. Levering skjer innen to virkedager etter at bestillingen er mottatt. Produktene m\u00e5 v\u00e6re forh\u00e5ndsbetalt i nettbutikken eller i salong. Porto &amp; frakt, innlandPorto og ekspedisjonsgebyr [&hellip;]\" \/>\n<meta property=\"og:url\" content=\"https:\/\/brynemedisinskehudpleie.no\/en\/purchase-conditions\/\" \/>\n<meta property=\"og:site_name\" content=\"Bryne Medisinske Hudpleie\" \/>\n<meta property=\"article:modified_time\" content=\"2025-10-30T13:21:59+00:00\" \/>\n<meta name=\"twitter:card\" content=\"summary_large_image\" \/>\n<meta name=\"twitter:label1\" content=\"Est. reading time\" \/>\n\t<meta name=\"twitter:data1\" content=\"2 minutes\" \/>\n<script type=\"application\/ld+json\" class=\"yoast-schema-graph\">{\"@context\":\"https:\\\/\\\/schema.org\",\"@graph\":[{\"@type\":\"WebPage\",\"@id\":\"https:\\\/\\\/brynemedisinskehudpleie.no\\\/kjopsbetingelser\\\/\",\"url\":\"https:\\\/\\\/brynemedisinskehudpleie.no\\\/kjopsbetingelser\\\/\",\"name\":\"Kj\u00f8psbetingelser - Bryne Medisinske Hudpleie\",\"isPartOf\":{\"@id\":\"https:\\\/\\\/brynemedisinskehudpleie.no\\\/#website\"},\"datePublished\":\"2025-10-30T13:16:14+00:00\",\"dateModified\":\"2025-10-30T13:21:59+00:00\",\"breadcrumb\":{\"@id\":\"https:\\\/\\\/brynemedisinskehudpleie.no\\\/kjopsbetingelser\\\/#breadcrumb\"},\"inLanguage\":\"en-US\",\"potentialAction\":[{\"@type\":\"ReadAction\",\"target\":[\"https:\\\/\\\/brynemedisinskehudpleie.no\\\/kjopsbetingelser\\\/\"]}]},{\"@type\":\"BreadcrumbList\",\"@id\":\"https:\\\/\\\/brynemedisinskehudpleie.no\\\/kjopsbetingelser\\\/#breadcrumb\",\"itemListElement\":[{\"@type\":\"ListItem\",\"position\":1,\"name\":\"Home\",\"item\":\"https:\\\/\\\/brynemedisinskehudpleie.no\\\/\"},{\"@type\":\"ListItem\",\"position\":2,\"name\":\"Kj\u00f8psbetingelser\"}]},{\"@type\":\"WebSite\",\"@id\":\"https:\\\/\\\/brynemedisinskehudpleie.no\\\/#website\",\"url\":\"https:\\\/\\\/brynemedisinskehudpleie.no\\\/\",\"name\":\"Bryne Medisinske Hudpleie\",\"description\":\"Kosmetisk-medisinske hudbehandlinger og veiledning\",\"potentialAction\":[{\"@type\":\"SearchAction\",\"target\":{\"@type\":\"EntryPoint\",\"urlTemplate\":\"https:\\\/\\\/brynemedisinskehudpleie.no\\\/?s={search_term_string}\"},\"query-input\":{\"@type\":\"PropertyValueSpecification\",\"valueRequired\":true,\"valueName\":\"search_term_string\"}}],\"inLanguage\":\"en-US\"}]}<\/script>\n<!-- \/ Yoast SEO plugin. -->","yoast_head_json":{"title":"Terms of purchase - Bryne Medisinske Hudpleie","robots":{"index":"index","follow":"follow","max-snippet":"max-snippet:-1","max-image-preview":"max-image-preview:large","max-video-preview":"max-video-preview:-1"},"canonical":"https:\/\/brynemedisinskehudpleie.no\/en\/purchase-conditions\/","og_locale":"en_US","og_type":"article","og_title":"Kj\u00f8psbetingelser - Bryne Medisinske Hudpleie","og_description":"Om nettbestillingAlle bestillinger behandles s\u00e5 fort bestillingen er mottatt pr. e-post av en av v\u00e5re butikkansvarlige. Etter at bestillingen er mottatt, vil du bli tilsendt en bekreftelse via e- post. Levering skjer innen to virkedager etter at bestillingen er mottatt. Produktene m\u00e5 v\u00e6re forh\u00e5ndsbetalt i nettbutikken eller i salong. Porto &amp; frakt, innlandPorto og ekspedisjonsgebyr [&hellip;]","og_url":"https:\/\/brynemedisinskehudpleie.no\/en\/purchase-conditions\/","og_site_name":"Bryne Medisinske Hudpleie","article_modified_time":"2025-10-30T13:21:59+00:00","twitter_card":"summary_large_image","twitter_misc":{"Est. reading time":"2 minutes"},"schema":{"@context":"https:\/\/schema.org","@graph":[{"@type":"WebPage","@id":"https:\/\/brynemedisinskehudpleie.no\/kjopsbetingelser\/","url":"https:\/\/brynemedisinskehudpleie.no\/kjopsbetingelser\/","name":"Terms of purchase - Bryne Medisinske Hudpleie","isPartOf":{"@id":"https:\/\/brynemedisinskehudpleie.no\/#website"},"datePublished":"2025-10-30T13:16:14+00:00","dateModified":"2025-10-30T13:21:59+00:00","breadcrumb":{"@id":"https:\/\/brynemedisinskehudpleie.no\/kjopsbetingelser\/#breadcrumb"},"inLanguage":"en-US","potentialAction":[{"@type":"ReadAction","target":["https:\/\/brynemedisinskehudpleie.no\/kjopsbetingelser\/"]}]},{"@type":"BreadcrumbList","@id":"https:\/\/brynemedisinskehudpleie.no\/kjopsbetingelser\/#breadcrumb","itemListElement":[{"@type":"ListItem","position":1,"name":"Home","item":"https:\/\/brynemedisinskehudpleie.no\/"},{"@type":"ListItem","position":2,"name":"Kj\u00f8psbetingelser"}]},{"@type":"WebSite","@id":"https:\/\/brynemedisinskehudpleie.no\/#website","url":"https:\/\/brynemedisinskehudpleie.no\/","name":"Bryne Medical Skin Care","description":"Cosmetic-medical skin treatments and guidance","potentialAction":[{"@type":"SearchAction","target":{"@type":"EntryPoint","urlTemplate":"https:\/\/brynemedisinskehudpleie.no\/?s={search_term_string}"},"query-input":{"@type":"PropertyValueSpecification","valueRequired":true,"valueName":"search_term_string"}}],"inLanguage":"en-US"}]}},"_links":{"self":[{"href":"https:\/\/brynemedisinskehudpleie.no\/en\/wp-json\/wp\/v2\/pages\/5541","targetHints":{"allow":["GET"]}}],"collection":[{"href":"https:\/\/brynemedisinskehudpleie.no\/en\/wp-json\/wp\/v2\/pages"}],"about":[{"href":"https:\/\/brynemedisinskehudpleie.no\/en\/wp-json\/wp\/v2\/types\/page"}],"author":[{"embeddable":true,"href":"https:\/\/brynemedisinskehudpleie.no\/en\/wp-json\/wp\/v2\/users\/1"}],"replies":[{"embeddable":true,"href":"https:\/\/brynemedisinskehudpleie.no\/en\/wp-json\/wp\/v2\/comments?post=5541"}],"version-history":[{"count":0,"href":"https:\/\/brynemedisinskehudpleie.no\/en\/wp-json\/wp\/v2\/pages\/5541\/revisions"}],"wp:attachment":[{"href":"https:\/\/brynemedisinskehudpleie.no\/en\/wp-json\/wp\/v2\/media?parent=5541"}],"curies":[{"name":"wp","href":"https:\/\/api.w.org\/{rel}","templated":true}]}}