{"id":4675,"date":"2020-08-13T12:54:51","date_gmt":"2020-08-13T12:54:51","guid":{"rendered":"http:\/\/brynemedisinskehudpleie.no\/?page_id=4675"},"modified":"2022-11-24T00:14:03","modified_gmt":"2022-11-24T00:14:03","slug":"mesotherapy","status":"publish","type":"page","link":"https:\/\/brynemedisinskehudpleie.no\/en\/behandling\/mesoterapi\/","title":{"rendered":"Mesotherapy"},"content":{"rendered":"<p>[et_pb_section fb_built=&raquo;1&#8243; _builder_version=&raquo;4.16&#8243; custom_padding=&raquo;0px||0px||true|false&raquo; global_colors_info=&raquo;{}&raquo;][et_pb_row column_structure=&raquo;1_2,1_2&#8243; use_custom_gutter=&raquo;on&raquo; gutter_width=&raquo;1&#8243; make_equal=&raquo;on&raquo; admin_label=&raquo;CTA Row&raquo; module_class=&raquo; et_pb_row_fullwidth&raquo; _builder_version=&raquo;4.16&#8243; width=&raquo;100%&raquo; width_tablet=&raquo;100%&raquo; width_phone=&raquo;&raquo; width_last_edited=&raquo;on|desktop&raquo; max_width=&raquo;100%&raquo; max_width_tablet=&raquo;100%&raquo; max_width_phone=&raquo;&raquo; max_width_last_edited=&raquo;on|desktop&raquo; custom_padding=&raquo;0px|0px|0px|0px&raquo; make_fullwidth=&raquo;on&raquo; locked=&raquo;off&raquo; global_colors_info=&raquo;{}&raquo;][et_pb_column type=&raquo;1_2&#8243; _builder_version=&raquo;4.16&#8243; background_image=&raquo;https:\/\/brynemedisinskehudpleie.no\/wp-content\/uploads\/2020\/01\/KLE_9983-resized.jpg&raquo; custom_padding=&raquo;|||&raquo; global_colors_info=&raquo;{}&raquo; custom_padding__hover=&raquo;|||&raquo;][et_pb_divider show_divider=&raquo;off&raquo; _builder_version=&raquo;4.16&#8243; height=&raquo;400px&raquo; locked=&raquo;off&raquo; global_colors_info=&raquo;{}&raquo;][\/et_pb_divider][\/et_pb_column][et_pb_column type=&raquo;1_2&#8243; _builder_version=&raquo;4.16&#8243; background_color=&raquo;rgba(0,0,0,0)&raquo; use_background_color_gradient=&raquo;on&raquo; background_color_gradient_direction=&raquo;160deg&raquo; background_color_gradient_stops=&raquo;#00c6d1 0%|#0099b5 100%&raquo; background_color_gradient_start=&raquo;#00c6d1&#8243; background_color_gradient_end=&raquo;#0099b5&#8243; custom_padding=&raquo;|||&raquo; global_colors_info=&raquo;{}&raquo; custom_padding__hover=&raquo;|||&raquo;][et_pb_cta title=&raquo;Mesoterapi&raquo; button_url=&raquo;\/priser\/&raquo; button_text=&raquo;Priser&raquo; _builder_version=&raquo;4.16&#8243; header_font=&raquo;Yeseva One||||||||&raquo; header_text_color=&raquo;#ffffff&raquo; header_font_size=&raquo;72px&raquo; header_line_height=&raquo;1.4em&raquo; body_font=&raquo;Montserrat|500|||||||&raquo; body_text_color=&raquo;rgba(255,255,255,0.5)&raquo; body_font_size=&raquo;16px&raquo; body_line_height=&raquo;1.9em&raquo; use_background_color=&raquo;off&raquo; custom_button=&raquo;on&raquo; button_text_size=&raquo;16px&raquo; button_text_color=&raquo;#ffffff&raquo; button_bg_color=&raquo;rgba(0,0,0,0.13)&raquo; button_border_width=&raquo;0px&raquo; button_border_color=&raquo;rgba(47,56,84,0)&raquo; button_border_radius=&raquo;60px&raquo; button_letter_spacing=&raquo;1px&raquo; button_font=&raquo;|700||on|||||&raquo; button_use_icon=&raquo;off&raquo; button_alignment=&raquo;left&raquo; button_custom_padding=&raquo;15px|30px|15px|30px|true|true&raquo; text_orientation=&raquo;left&raquo; max_width=&raquo;580px&raquo; max_width_tablet=&raquo;&raquo; max_width_phone=&raquo;&raquo; max_width_last_edited=&raquo;on|desktop&raquo; module_alignment=&raquo;left&raquo; custom_margin=&raquo;|||&raquo; custom_padding=&raquo;100px|60px|100px|60px&raquo; custom_padding_tablet=&raquo;60px||60px||true|false&raquo; custom_padding_phone=&raquo;40px||40px||true|false&raquo; custom_padding_last_edited=&raquo;on|phone&raquo; header_font_size_tablet=&raquo;42px&raquo; header_font_size_phone=&raquo;&raquo; header_font_size_last_edited=&raquo;on|tablet&raquo; button_text_color_hover=&raquo;#2f3854&#8243; button_border_radius_hover=&raquo;66px&raquo; button_letter_spacing_hover=&raquo;1px&raquo; button_bg_color_hover=&raquo;#ffffff&raquo; global_colors_info=&raquo;{}&raquo; button_text_size__hover_enabled=&raquo;off&raquo; button_one_text_size__hover_enabled=&raquo;off&raquo; button_two_text_size__hover_enabled=&raquo;off&raquo; button_text_color__hover_enabled=&raquo;off|desktop&raquo; button_text_color__hover=&raquo;#2f3854&#8243; button_one_text_color__hover_enabled=&raquo;off&raquo; button_two_text_color__hover_enabled=&raquo;off&raquo; button_border_width__hover_enabled=&raquo;off&raquo; button_one_border_width__hover_enabled=&raquo;off&raquo; button_two_border_width__hover_enabled=&raquo;off&raquo; button_border_color__hover_enabled=&raquo;off&raquo; button_one_border_color__hover_enabled=&raquo;off&raquo; button_two_border_color__hover_enabled=&raquo;off&raquo; button_border_radius__hover_enabled=&raquo;off|hover&raquo; button_border_radius__hover=&raquo;66px&raquo; button_one_border_radius__hover_enabled=&raquo;off&raquo; button_two_border_radius__hover_enabled=&raquo;off&raquo; button_letter_spacing__hover_enabled=&raquo;off|hover&raquo; button_letter_spacing__hover=&raquo;1px&raquo; button_one_letter_spacing__hover_enabled=&raquo;off&raquo; button_two_letter_spacing__hover_enabled=&raquo;off&raquo; button_bg_color__hover_enabled=&raquo;on|hover&raquo; button_bg_color__hover=&raquo;rgba(47,56,84,0.5)&raquo; button_one_bg_color__hover_enabled=&raquo;off&raquo; button_two_bg_color__hover_enabled=&raquo;off&raquo;]<\/p>\n<p><span>Mesoterapi er behandlinger hvor ulike n\u00e6ringsstoffer for huden tilf\u00f8res\u00a0 direkte i huden, enten ved \u00e5 sette mange sm\u00e5 doser med en tynn n\u00e5l, eller ved \u00e5 stampe n\u00e6ringsstoffene ned i huden via mikrotynne spesialn\u00e5ler med indre kanalleveringssystem. Resultatet blir en hud som fremst\u00e5r mer jevn, plumpet, fuktet og vital.\u00a0\u00a0<\/span><\/p>\n<p><span><\/span><\/p>\n<p>[\/et_pb_cta][\/et_pb_column][\/et_pb_row][\/et_pb_section][et_pb_section fb_built=&raquo;1&#8243; admin_label=&raquo;Team&raquo; _builder_version=&raquo;4.16&#8243; background_color=&raquo;#324b4d&raquo; use_background_color_gradient=&raquo;on&raquo; background_color_gradient_direction=&raquo;160deg&raquo; background_color_gradient_stops=&raquo;rgba(47,56,84,0.4) 0%|rgba(0,0,0,0) 100%&raquo; background_color_gradient_start=&raquo;rgba(47,56,84,0.4)&raquo; background_color_gradient_end=&raquo;rgba(0,0,0,0)&raquo; custom_padding=&raquo;100px|0px|100px|0px&raquo; global_colors_info=&raquo;{}&raquo;][et_pb_row _builder_version=&raquo;4.16&#8243; global_colors_info=&raquo;{}&raquo;][et_pb_column type=&raquo;4_4&#8243; _builder_version=&raquo;4.16&#8243; custom_padding=&raquo;|||&raquo; global_colors_info=&raquo;{}&raquo; custom_padding__hover=&raquo;|||&raquo;][et_pb_image src=&raquo;https:\/\/brynemedisinskehudpleie.no\/wp-content\/uploads\/2020\/01\/ikon-kjemisk-peel-kvinner-100.png&raquo; alt=&raquo;Injeksjonsbehandling&raquo; title_text=&raquo;ikon-kjemisk-peel-kvinner-100&#8243; align=&raquo;center&raquo; _builder_version=&raquo;4.16&#8243; global_colors_info=&raquo;{}&raquo;][\/et_pb_image][et_pb_text _builder_version=&raquo;4.16&#8243; text_font=&raquo;Montserrat|500|||||||&raquo; text_text_color=&raquo;rgba(255,255,255,0.5)&raquo; text_font_size=&raquo;16px&raquo; text_line_height=&raquo;1.9em&raquo; header_font=&raquo;||||||||&raquo; header_2_font=&raquo;Yeseva One||||||||&raquo; header_2_font_size=&raquo;50px&raquo; header_2_line_height=&raquo;1.3em&raquo; text_orientation=&raquo;center&raquo; background_layout=&raquo;dark&raquo; max_width=&raquo;700px&raquo; module_alignment=&raquo;center&raquo; custom_padding=&raquo;|2px||||&raquo; header_2_font_size_tablet=&raquo;42px&raquo; header_2_font_size_phone=&raquo;&raquo; header_2_font_size_last_edited=&raquo;on|phone&raquo; global_colors_info=&raquo;{}&raquo;]<\/p>\n<h2>Mesoterapi gir forynget\u00a0 hud\u00a0<\/h2>\n<p>[\/et_pb_text][\/et_pb_column][\/et_pb_row][et_pb_row column_structure=&raquo;1_2,1_2&#8243; _builder_version=&raquo;4.16&#8243; custom_padding=&raquo;27px|0px|50px|0px&raquo; global_colors_info=&raquo;{}&raquo;][et_pb_column type=&raquo;1_2&#8243; _builder_version=&raquo;4.16&#8243; custom_padding=&raquo;|||&raquo; global_colors_info=&raquo;{}&raquo; custom_padding__hover=&raquo;|||&raquo;][et_pb_text admin_label=&raquo;Paragraph&raquo; _builder_version=&raquo;4.16&#8243; text_font=&raquo;Montserrat|500|||||||&raquo; text_text_color=&raquo;rgba(255,255,255,0.5)&raquo; text_font_size=&raquo;16px&raquo; text_line_height=&raquo;1.9em&raquo; header_font=&raquo;||||||||&raquo; header_2_font=&raquo;Yeseva One||||||||&raquo; header_2_text_color=&raquo;#2f3854&#8243; header_2_font_size=&raquo;50px&raquo; header_2_line_height=&raquo;1.4em&raquo; header_3_font=&raquo;Montserrat|700|||||||&raquo; header_3_text_color=&raquo;rgba(255,255,255,0.8)&raquo; max_width=&raquo;700px&raquo; module_alignment=&raquo;center&raquo; custom_padding=&raquo;||0px|||&raquo; global_colors_info=&raquo;{}&raquo;]<\/p>\n<p>\u00d8nsker du en sunn hud, eller trenger huden din mer fuktighet?\u00a0<\/p>\n<p>Da kan mesoterapi v\u00e6re akkurat det huden din trenger. Huden er bygd for \u00e5 beskytte kroppens indre milj\u00f8, som en beskyttelsesbarriere. Det betyr ogs\u00e5 at det er begrenset hvor mye som kan trenge gjennom av det vi sm\u00f8rer p\u00e5 huden i form av ulike hudkremer og oljer.<\/p>\n<p>Tilf\u00f8rsel via sm\u00e5 n\u00e5lestikk eller stempler med mikron\u00e5ler sikrer at ingrediensene kommer ned i huden der vi vil de skal virke, slik at vi kan oppn\u00e5 en sunn, fuktet og balansert hud, som vil resultere i bedre hudkvalitet.\u00a0<\/p>\n<p>&nbsp;<\/p>\n<p>[\/et_pb_text][\/et_pb_column][et_pb_column type=&raquo;1_2&#8243; _builder_version=&raquo;4.16&#8243; custom_padding=&raquo;|||&raquo; global_colors_info=&raquo;{}&raquo; custom_padding__hover=&raquo;|||&raquo;][et_pb_text admin_label=&raquo;Paragraph&raquo; _builder_version=&raquo;4.16&#8243; text_font=&raquo;Montserrat|500|||||||&raquo; text_text_color=&raquo;rgba(255,255,255,0.5)&raquo; text_font_size=&raquo;16px&raquo; text_line_height=&raquo;1.9em&raquo; header_font=&raquo;||||||||&raquo; header_2_font=&raquo;Yeseva One||||||||&raquo; header_2_text_color=&raquo;#2f3854&#8243; header_2_font_size=&raquo;50px&raquo; header_2_line_height=&raquo;1.4em&raquo; header_3_font=&raquo;Montserrat|700|||||||&raquo; header_3_text_color=&raquo;rgba(255,255,255,0.8)&raquo; max_width=&raquo;700px&raquo; module_alignment=&raquo;center&raquo; global_colors_info=&raquo;{}&raquo;]<\/p>\n<p>Mesoterapi endrer ikke selve ansiktskonturene dine, det er en behandling for huden. Resultatet blir en mer vital, forynget og motstandsdyktig hud. Du beh\u00f8ver derfor ikke v\u00e6re redd for et unaturlig resultat.\u00a0<\/p>\n<p>[\/et_pb_text][\/et_pb_column][\/et_pb_row][\/et_pb_section][et_pb_section fb_built=&raquo;1&#8243; admin_label=&raquo;Services&raquo; _builder_version=&raquo;4.16&#8243; locked=&raquo;off&raquo; global_colors_info=&raquo;{}&raquo;][et_pb_row _builder_version=&raquo;4.16&#8243; custom_padding=&raquo;|||&raquo; global_colors_info=&raquo;{}&raquo;][et_pb_column type=&raquo;4_4&#8243; _builder_version=&raquo;4.16&#8243; custom_padding=&raquo;|||&raquo; global_colors_info=&raquo;{}&raquo; custom_padding__hover=&raquo;|||&raquo;][et_pb_text _builder_version=&raquo;4.16&#8243; text_font=&raquo;Montserrat|500|||||||&raquo; text_text_color=&raquo;rgba(47,56,84,0.5)&raquo; text_font_size=&raquo;16px&raquo; text_line_height=&raquo;1.9em&raquo; header_font=&raquo;||||||||&raquo; header_2_font=&raquo;Yeseva One||||||||&raquo; header_2_font_size=&raquo;50px&raquo; header_2_line_height=&raquo;1.3em&raquo; text_orientation=&raquo;center&raquo; max_width=&raquo;700px&raquo; module_alignment=&raquo;center&raquo; global_colors_info=&raquo;{}&raquo;]<\/p>\n<h2>Ofte stilte sp\u00f8rsm\u00e5l<\/h2>\n<p>[\/et_pb_text][\/et_pb_column][\/et_pb_row][et_pb_row column_structure=&raquo;1_2,1_2&#8243; _builder_version=&raquo;4.16&#8243; custom_padding=&raquo;27px|0px|50px|0px&raquo; global_colors_info=&raquo;{}&raquo;][et_pb_column type=&raquo;1_2&#8243; _builder_version=&raquo;4.16&#8243; custom_padding=&raquo;|||&raquo; global_colors_info=&raquo;{}&raquo; custom_padding__hover=&raquo;|||&raquo;][et_pb_text admin_label=&raquo;Paragraph&raquo; _builder_version=&raquo;4.16&#8243; text_font=&raquo;Montserrat|500|||||||&raquo; text_text_color=&raquo;rgba(47,56,84,0.5)&raquo; text_font_size=&raquo;16px&raquo; text_line_height=&raquo;1.9em&raquo; header_font=&raquo;||||||||&raquo; header_2_font=&raquo;Yeseva One||||||||&raquo; header_2_text_color=&raquo;#2f3854&#8243; header_2_font_size=&raquo;50px&raquo; header_2_line_height=&raquo;1.4em&raquo; max_width=&raquo;700px&raquo; module_alignment=&raquo;center&raquo; global_colors_info=&raquo;{}&raquo;]<\/p>\n<p>Jeg tilbyr skinboosteren Teosyal redensity 1.\u00a0<\/p>\n<p>Teosyal redensity 1 er et prisvinnende produkt, en s\u00e5kalt skinbooster, som best\u00e5r av\u00a0 hyaluronsyre tilsatt aminosyrer, antioxidanter, mineraler og vitaminer. Den settes med tynn n\u00e5l rett under huden, fordelt p\u00e5 mange sm\u00e5 stikk, og kan settes i ansikt, p\u00e5 hals og decollete og hender.<\/p>\n<p>Teosyal Skinbooster\u00a0 kan brukes for forebygging og behandling av :<\/p>\n<p>rynker og linjer<\/p>\n<p>tap av elastisitet<\/p>\n<p>solskader<\/p>\n<p>tynn, \u00f8delagt hud<\/p>\n<p>mangel p\u00e5 fukt og gl\u00f8d<\/p>\n<p>&nbsp;<\/p>\n<p>[\/et_pb_text][\/et_pb_column][et_pb_column type=&raquo;1_2&#8243; _builder_version=&raquo;4.16&#8243; custom_padding=&raquo;|||&raquo; global_colors_info=&raquo;{}&raquo; custom_padding__hover=&raquo;|||&raquo;][et_pb_blurb title=&raquo;Hvor lenge varer resultatet ?&raquo; use_icon=&raquo;on&raquo; font_icon=&raquo;&#xe052;||divi||400&#8243; icon_placement=&raquo;left&raquo; image_icon_width=&raquo;27px&raquo; _builder_version=&raquo;4.16&#8243; header_font=&raquo;Montserrat|700|||||||&raquo; header_text_color=&raquo;#333&#8243; header_font_size=&raquo;16px&raquo; header_line_height=&raquo;1.9em&raquo; body_font=&raquo;Montserrat|500|||||||&raquo; body_text_color=&raquo;rgba(47,56,84,0.5)&raquo; body_line_height=&raquo;1.9em&raquo; custom_margin=&raquo;|||&raquo; custom_padding=&raquo;|||&raquo; animation_style=&raquo;zoom&raquo; animation_direction=&raquo;left&raquo; animation_intensity_zoom=&raquo;10%&raquo; icon_font_size=&raquo;27px&raquo; global_colors_info=&raquo;{}&raquo;]<\/p>\n<p>Det vil variere, men effekt kan ses ganske raskt, og vil ha en langvarig effekt p\u00e5 flere m\u00e5neder. Gj\u00f8r man en kur p\u00e5 3 etterf\u00f8lgende\u00a0 behandlinger vil effekten v\u00e6re optimal.\u00a0<\/p>\n<p>[\/et_pb_blurb][et_pb_blurb title=&raquo;Er det smertefullt?&raquo; use_icon=&raquo;on&raquo; font_icon=&raquo;&#xe052;||divi||400&#8243; icon_placement=&raquo;left&raquo; image_icon_width=&raquo;27px&raquo; _builder_version=&raquo;4.16&#8243; header_font=&raquo;Montserrat|700|||||||&raquo; header_text_color=&raquo;#333&#8243; header_font_size=&raquo;16px&raquo; header_line_height=&raquo;1.9em&raquo; body_font=&raquo;Montserrat|500|||||||&raquo; body_text_color=&raquo;rgba(47,56,84,0.5)&raquo; body_line_height=&raquo;1.9em&raquo; custom_margin=&raquo;|||&raquo; custom_padding=&raquo;|||&raquo; animation_style=&raquo;zoom&raquo; animation_direction=&raquo;left&raquo; animation_intensity_zoom=&raquo;10%&raquo; icon_font_size=&raquo;27px&raquo; global_colors_info=&raquo;{}&raquo;]<\/p>\n<p>Dette vil v\u00e6re individuelt . Om \u00f8nskelig kan bed\u00f8vende krem legges p\u00e5 behandlingsomr\u00e5det.<\/p>\n<p>&nbsp;<\/p>\n<p>[\/et_pb_blurb][et_pb_blurb title=&raquo;Hvor mange behandlinger er n\u00f8dvendig  med Teosyal skin booster?&raquo; use_icon=&raquo;on&raquo; font_icon=&raquo;&#xe052;||divi||400&#8243; icon_placement=&raquo;left&raquo; image_icon_width=&raquo;27px&raquo; _builder_version=&raquo;4.16&#8243; header_font=&raquo;Montserrat|700|||||||&raquo; header_text_color=&raquo;#333&#8243; header_font_size=&raquo;16px&raquo; header_line_height=&raquo;1.9em&raquo; body_font=&raquo;Montserrat|500|||||||&raquo; body_text_color=&raquo;rgba(47,56,84,0.5)&raquo; body_line_height=&raquo;1.9em&raquo; custom_margin=&raquo;|||&raquo; custom_padding=&raquo;|||&raquo; animation_style=&raquo;zoom&raquo; animation_direction=&raquo;left&raquo; animation_intensity_zoom=&raquo;10%&raquo; icon_font_size=&raquo;27px&raquo; global_colors_info=&raquo;{}&raquo;]<\/p>\n<p>Best resultat oppn\u00e5s ved \u00e5 gjennomf\u00f8re 3 behandlinger med ca 3-4 ukers mellomrom.<\/p>\n<p>&nbsp;<\/p>\n<p>[\/et_pb_blurb][\/et_pb_column][\/et_pb_row][\/et_pb_section]<\/p>\n","protected":false},"excerpt":{"rendered":"<p>Mesoterapi er behandlinger hvor ulike n\u00e6ringsstoffer for huden tilf\u00f8res\u00a0 direkte i huden, enten ved \u00e5 sette mange sm\u00e5 doser med en tynn n\u00e5l, eller ved \u00e5 stampe n\u00e6ringsstoffene ned i huden via mikrotynne spesialn\u00e5ler med indre kanalleveringssystem. Resultatet blir en hud som fremst\u00e5r mer jevn, plumpet, fuktet og vital.\u00a0\u00a0 Mesoterapi gir forynget\u00a0 hud\u00a0\u00d8nsker du en [&hellip;]<\/p>\n","protected":false},"author":1,"featured_media":0,"parent":4065,"menu_order":0,"comment_status":"closed","ping_status":"closed","template":"","meta":{"_et_pb_use_builder":"on","_et_pb_old_content":"<!-- wp:divi\/placeholder \/-->","_et_gb_content_width":"","footnotes":""},"class_list":["post-4675","page","type-page","status-publish","hentry"],"yoast_head":"<!-- This site is optimized with the Yoast SEO plugin v27.3 - https:\/\/yoast.com\/product\/yoast-seo-wordpress\/ -->\n<title>Mesoterapi - Bryne Medisinske Hudpleie<\/title>\n<meta name=\"robots\" content=\"index, follow, max-snippet:-1, max-image-preview:large, max-video-preview:-1\" \/>\n<link rel=\"canonical\" href=\"https:\/\/brynemedisinskehudpleie.no\/en\/treatment\/mesotherapy\/\" \/>\n<meta property=\"og:locale\" content=\"en_US\" \/>\n<meta property=\"og:type\" content=\"article\" \/>\n<meta property=\"og:title\" content=\"Mesoterapi - Bryne Medisinske Hudpleie\" \/>\n<meta property=\"og:url\" content=\"https:\/\/brynemedisinskehudpleie.no\/en\/treatment\/mesotherapy\/\" \/>\n<meta property=\"og:site_name\" content=\"Bryne Medisinske Hudpleie\" \/>\n<meta property=\"article:modified_time\" content=\"2022-11-24T00:14:03+00:00\" \/>\n<meta name=\"twitter:card\" content=\"summary_large_image\" \/>\n<meta name=\"twitter:label1\" content=\"Est. reading time\" \/>\n\t<meta name=\"twitter:data1\" content=\"8 minutes\" \/>\n<script type=\"application\/ld+json\" class=\"yoast-schema-graph\">{\"@context\":\"https:\\\/\\\/schema.org\",\"@graph\":[{\"@type\":\"WebPage\",\"@id\":\"https:\\\/\\\/brynemedisinskehudpleie.no\\\/behandling\\\/mesoterapi\\\/\",\"url\":\"https:\\\/\\\/brynemedisinskehudpleie.no\\\/behandling\\\/mesoterapi\\\/\",\"name\":\"Mesoterapi - Bryne Medisinske Hudpleie\",\"isPartOf\":{\"@id\":\"https:\\\/\\\/brynemedisinskehudpleie.no\\\/#website\"},\"datePublished\":\"2020-08-13T12:54:51+00:00\",\"dateModified\":\"2022-11-24T00:14:03+00:00\",\"breadcrumb\":{\"@id\":\"https:\\\/\\\/brynemedisinskehudpleie.no\\\/behandling\\\/mesoterapi\\\/#breadcrumb\"},\"inLanguage\":\"en-US\",\"potentialAction\":[{\"@type\":\"ReadAction\",\"target\":[\"https:\\\/\\\/brynemedisinskehudpleie.no\\\/behandling\\\/mesoterapi\\\/\"]}]},{\"@type\":\"BreadcrumbList\",\"@id\":\"https:\\\/\\\/brynemedisinskehudpleie.no\\\/behandling\\\/mesoterapi\\\/#breadcrumb\",\"itemListElement\":[{\"@type\":\"ListItem\",\"position\":1,\"name\":\"Home\",\"item\":\"https:\\\/\\\/brynemedisinskehudpleie.no\\\/\"},{\"@type\":\"ListItem\",\"position\":2,\"name\":\"Behandling\",\"item\":\"https:\\\/\\\/brynemedisinskehudpleie.no\\\/behandling\\\/\"},{\"@type\":\"ListItem\",\"position\":3,\"name\":\"Mesoterapi\"}]},{\"@type\":\"WebSite\",\"@id\":\"https:\\\/\\\/brynemedisinskehudpleie.no\\\/#website\",\"url\":\"https:\\\/\\\/brynemedisinskehudpleie.no\\\/\",\"name\":\"Bryne Medisinske Hudpleie\",\"description\":\"Kosmetisk-medisinske hudbehandlinger og veiledning\",\"potentialAction\":[{\"@type\":\"SearchAction\",\"target\":{\"@type\":\"EntryPoint\",\"urlTemplate\":\"https:\\\/\\\/brynemedisinskehudpleie.no\\\/?s={search_term_string}\"},\"query-input\":{\"@type\":\"PropertyValueSpecification\",\"valueRequired\":true,\"valueName\":\"search_term_string\"}}],\"inLanguage\":\"en-US\"}]}<\/script>\n<!-- \/ Yoast SEO plugin. -->","yoast_head_json":{"title":"Mesotherapy - Bryne Medical Skin Care","robots":{"index":"index","follow":"follow","max-snippet":"max-snippet:-1","max-image-preview":"max-image-preview:large","max-video-preview":"max-video-preview:-1"},"canonical":"https:\/\/brynemedisinskehudpleie.no\/en\/treatment\/mesotherapy\/","og_locale":"en_US","og_type":"article","og_title":"Mesoterapi - Bryne Medisinske Hudpleie","og_url":"https:\/\/brynemedisinskehudpleie.no\/en\/treatment\/mesotherapy\/","og_site_name":"Bryne Medisinske Hudpleie","article_modified_time":"2022-11-24T00:14:03+00:00","twitter_card":"summary_large_image","twitter_misc":{"Est. reading time":"8 minutes"},"schema":{"@context":"https:\/\/schema.org","@graph":[{"@type":"WebPage","@id":"https:\/\/brynemedisinskehudpleie.no\/behandling\/mesoterapi\/","url":"https:\/\/brynemedisinskehudpleie.no\/behandling\/mesoterapi\/","name":"Mesotherapy - Bryne Medical Skin Care","isPartOf":{"@id":"https:\/\/brynemedisinskehudpleie.no\/#website"},"datePublished":"2020-08-13T12:54:51+00:00","dateModified":"2022-11-24T00:14:03+00:00","breadcrumb":{"@id":"https:\/\/brynemedisinskehudpleie.no\/behandling\/mesoterapi\/#breadcrumb"},"inLanguage":"en-US","potentialAction":[{"@type":"ReadAction","target":["https:\/\/brynemedisinskehudpleie.no\/behandling\/mesoterapi\/"]}]},{"@type":"BreadcrumbList","@id":"https:\/\/brynemedisinskehudpleie.no\/behandling\/mesoterapi\/#breadcrumb","itemListElement":[{"@type":"ListItem","position":1,"name":"Home","item":"https:\/\/brynemedisinskehudpleie.no\/"},{"@type":"ListItem","position":2,"name":"Behandling","item":"https:\/\/brynemedisinskehudpleie.no\/behandling\/"},{"@type":"ListItem","position":3,"name":"Mesoterapi"}]},{"@type":"WebSite","@id":"https:\/\/brynemedisinskehudpleie.no\/#website","url":"https:\/\/brynemedisinskehudpleie.no\/","name":"Bryne Medical Skin Care","description":"Cosmetic-medical skin treatments and guidance","potentialAction":[{"@type":"SearchAction","target":{"@type":"EntryPoint","urlTemplate":"https:\/\/brynemedisinskehudpleie.no\/?s={search_term_string}"},"query-input":{"@type":"PropertyValueSpecification","valueRequired":true,"valueName":"search_term_string"}}],"inLanguage":"en-US"}]}},"_links":{"self":[{"href":"https:\/\/brynemedisinskehudpleie.no\/en\/wp-json\/wp\/v2\/pages\/4675","targetHints":{"allow":["GET"]}}],"collection":[{"href":"https:\/\/brynemedisinskehudpleie.no\/en\/wp-json\/wp\/v2\/pages"}],"about":[{"href":"https:\/\/brynemedisinskehudpleie.no\/en\/wp-json\/wp\/v2\/types\/page"}],"author":[{"embeddable":true,"href":"https:\/\/brynemedisinskehudpleie.no\/en\/wp-json\/wp\/v2\/users\/1"}],"replies":[{"embeddable":true,"href":"https:\/\/brynemedisinskehudpleie.no\/en\/wp-json\/wp\/v2\/comments?post=4675"}],"version-history":[{"count":0,"href":"https:\/\/brynemedisinskehudpleie.no\/en\/wp-json\/wp\/v2\/pages\/4675\/revisions"}],"up":[{"embeddable":true,"href":"https:\/\/brynemedisinskehudpleie.no\/en\/wp-json\/wp\/v2\/pages\/4065"}],"wp:attachment":[{"href":"https:\/\/brynemedisinskehudpleie.no\/en\/wp-json\/wp\/v2\/media?parent=4675"}],"curies":[{"name":"wp","href":"https:\/\/api.w.org\/{rel}","templated":true}]}}