{"id":4672,"date":"2020-08-13T12:53:12","date_gmt":"2020-08-13T12:53:12","guid":{"rendered":"http:\/\/brynemedisinskehudpleie.no\/?page_id=4672"},"modified":"2023-10-02T13:46:05","modified_gmt":"2023-10-02T13:46:05","slug":"medical-wrinkle-treatment","status":"publish","type":"page","link":"https:\/\/brynemedisinskehudpleie.no\/en\/behandling\/medisinsk-rynkebehandling\/","title":{"rendered":"Wrinkle treatment"},"content":{"rendered":"<p>[et_pb_section fb_built=&raquo;1&#8243; _builder_version=&raquo;4.16&#8243; custom_padding=&raquo;0px||0px||true|false&raquo; global_colors_info=&raquo;{}&raquo;][et_pb_row column_structure=&raquo;1_2,1_2&#8243; use_custom_gutter=&raquo;on&raquo; gutter_width=&raquo;1&#8243; make_equal=&raquo;on&raquo; admin_label=&raquo;CTA Row&raquo; module_class=&raquo; et_pb_row_fullwidth&raquo; _builder_version=&raquo;4.16&#8243; width=&raquo;100%&raquo; width_tablet=&raquo;100%&raquo; width_phone=&raquo;&raquo; width_last_edited=&raquo;on|desktop&raquo; max_width=&raquo;100%&raquo; max_width_tablet=&raquo;100%&raquo; max_width_phone=&raquo;&raquo; max_width_last_edited=&raquo;on|desktop&raquo; custom_padding=&raquo;0px|0px|0px|0px&raquo; make_fullwidth=&raquo;on&raquo; locked=&raquo;off&raquo; global_colors_info=&raquo;{}&raquo;][et_pb_column type=&raquo;1_2&#8243; _builder_version=&raquo;4.16&#8243; background_image=&raquo;https:\/\/brynemedisinskehudpleie.no\/wp-content\/uploads\/2020\/01\/KLE_9882-resized.jpg&raquo; custom_padding=&raquo;|||&raquo; global_colors_info=&raquo;{}&raquo; custom_padding__hover=&raquo;|||&raquo;][et_pb_divider show_divider=&raquo;off&raquo; _builder_version=&raquo;4.16&#8243; height=&raquo;400px&raquo; locked=&raquo;off&raquo; global_colors_info=&raquo;{}&raquo;][\/et_pb_divider][\/et_pb_column][et_pb_column type=&raquo;1_2&#8243; _builder_version=&raquo;4.16&#8243; background_color=&raquo;rgba(0,0,0,0)&raquo; use_background_color_gradient=&raquo;on&raquo; background_color_gradient_direction=&raquo;160deg&raquo; background_color_gradient_stops=&raquo;#00c6d1 0%|#0099b5 100%&raquo; background_color_gradient_start=&raquo;#00c6d1&#8243; background_color_gradient_end=&raquo;#0099b5&#8243; custom_padding=&raquo;|||&raquo; global_colors_info=&raquo;{}&raquo; custom_padding__hover=&raquo;|||&raquo;][et_pb_cta title=&raquo;Rynke-behandling&raquo; button_url=&raquo;\/priser\/&raquo; button_text=&raquo;Priser&raquo; _builder_version=&raquo;4.16&#8243; header_font=&raquo;Yeseva One||||||||&raquo; header_text_color=&raquo;#ffffff&raquo; header_font_size=&raquo;72px&raquo; header_line_height=&raquo;1.4em&raquo; body_font=&raquo;Montserrat|500|||||||&raquo; body_text_color=&raquo;rgba(255,255,255,0.5)&raquo; body_font_size=&raquo;16px&raquo; body_line_height=&raquo;1.9em&raquo; use_background_color=&raquo;off&raquo; custom_button=&raquo;on&raquo; button_text_size=&raquo;16px&raquo; button_text_color=&raquo;#ffffff&raquo; button_bg_color=&raquo;rgba(0,0,0,0.13)&raquo; button_border_width=&raquo;0px&raquo; button_border_color=&raquo;rgba(47,56,84,0)&raquo; button_border_radius=&raquo;60px&raquo; button_letter_spacing=&raquo;1px&raquo; button_font=&raquo;|700||on|||||&raquo; button_use_icon=&raquo;off&raquo; button_alignment=&raquo;left&raquo; button_custom_padding=&raquo;15px|30px|15px|30px|true|true&raquo; text_orientation=&raquo;left&raquo; max_width=&raquo;580px&raquo; max_width_tablet=&raquo;&raquo; max_width_phone=&raquo;&raquo; max_width_last_edited=&raquo;on|desktop&raquo; module_alignment=&raquo;left&raquo; custom_margin=&raquo;|||&raquo; custom_padding=&raquo;100px|60px|100px|60px&raquo; custom_padding_tablet=&raquo;60px||60px||true|false&raquo; custom_padding_phone=&raquo;40px||40px||true|false&raquo; custom_padding_last_edited=&raquo;on|phone&raquo; header_font_size_tablet=&raquo;42px&raquo; header_font_size_phone=&raquo;&raquo; header_font_size_last_edited=&raquo;on|tablet&raquo; button_text_color_hover=&raquo;#2f3854&#8243; button_border_radius_hover=&raquo;66px&raquo; button_letter_spacing_hover=&raquo;1px&raquo; button_bg_color_hover=&raquo;#ffffff&raquo; global_colors_info=&raquo;{}&raquo; button_text_size__hover_enabled=&raquo;off&raquo; button_one_text_size__hover_enabled=&raquo;off&raquo; button_two_text_size__hover_enabled=&raquo;off&raquo; button_text_color__hover_enabled=&raquo;off|desktop&raquo; button_text_color__hover=&raquo;#2f3854&#8243; button_one_text_color__hover_enabled=&raquo;off&raquo; button_two_text_color__hover_enabled=&raquo;off&raquo; button_border_width__hover_enabled=&raquo;off&raquo; button_one_border_width__hover_enabled=&raquo;off&raquo; button_two_border_width__hover_enabled=&raquo;off&raquo; button_border_color__hover_enabled=&raquo;off&raquo; button_one_border_color__hover_enabled=&raquo;off&raquo; button_two_border_color__hover_enabled=&raquo;off&raquo; button_border_radius__hover_enabled=&raquo;off|hover&raquo; button_border_radius__hover=&raquo;66px&raquo; button_one_border_radius__hover_enabled=&raquo;off&raquo; button_two_border_radius__hover_enabled=&raquo;off&raquo; button_letter_spacing__hover_enabled=&raquo;off|hover&raquo; button_letter_spacing__hover=&raquo;1px&raquo; button_one_letter_spacing__hover_enabled=&raquo;off&raquo; button_two_letter_spacing__hover_enabled=&raquo;off&raquo; button_bg_color__hover_enabled=&raquo;on|hover&raquo; button_bg_color__hover=&raquo;rgba(47,56,84,0.5)&raquo; button_one_bg_color__hover_enabled=&raquo;off&raquo; button_two_bg_color__hover_enabled=&raquo;off&raquo;]<\/p>\n<p><span>Utglatting og utjevning av rynker og linjer i pannen, mellom \u00f8ynene og rundt ytre del av \u00f8yeomr\u00e5det, er sv\u00e6rt etterspurte behandlinger.\u00a0<\/span><\/p>\n<p><span>P\u00e5 grunn av EU-reglement er det ikke lov for oss \u00e5 nevne reseptbelagte legemidler noen steder, heller ikke for \u00e5 informere. All informasjon vil bli gitt p\u00e5 konsultasjon. Men du er ogs\u00e5 velkommen til \u00e5 ringe\/sende meg en sms\/mail om det du m\u00e5tte lure p\u00e5.<\/span><\/p>\n<p><span>Klargj\u00f8ring av eksisterende lovverk har f\u00f8rt til at konsultasjon av lege kreves i forkant av disse rynkebehandlingene.\u00a0 Ansvarlig lege er Dr Irina Ibanescu, som eier og driver Derma Medispa ved Kilden kj\u00f8pesenter i Hillev\u00e5g. Hun har lang erfaring p\u00e5 det medisinsk-estetiske feltet, utf\u00f8rer selv rynkebehandlinger, har laser som spesialfelt, og kan bist\u00e5 dersom det skulle v\u00e6re n\u00f8dvendig.\u00a0<\/span><\/p>\n<p>[\/et_pb_cta][\/et_pb_column][\/et_pb_row][\/et_pb_section][et_pb_section fb_built=&raquo;1&#8243; admin_label=&raquo;Team&raquo; _builder_version=&raquo;4.16&#8243; background_color=&raquo;#324b4d&raquo; use_background_color_gradient=&raquo;on&raquo; background_color_gradient_direction=&raquo;160deg&raquo; background_color_gradient_stops=&raquo;rgba(47,56,84,0.4) 0%|rgba(0,0,0,0) 100%&raquo; background_color_gradient_start=&raquo;rgba(47,56,84,0.4)&raquo; background_color_gradient_end=&raquo;rgba(0,0,0,0)&raquo; custom_padding=&raquo;100px|0px|100px|0px&raquo; global_colors_info=&raquo;{}&raquo;][et_pb_row _builder_version=&raquo;4.16&#8243; global_colors_info=&raquo;{}&raquo;][et_pb_column type=&raquo;4_4&#8243; _builder_version=&raquo;4.16&#8243; custom_padding=&raquo;|||&raquo; global_colors_info=&raquo;{}&raquo; custom_padding__hover=&raquo;|||&raquo;][et_pb_image src=&raquo;https:\/\/brynemedisinskehudpleie.no\/wp-content\/uploads\/2020\/01\/ikon-Iinjeksjon-100.png&raquo; alt=&raquo;Injeksjonsbehandling&raquo; title_text=&raquo;Injeksjon&raquo; align=&raquo;center&raquo; _builder_version=&raquo;4.16&#8243; global_colors_info=&raquo;{}&raquo;][\/et_pb_image][et_pb_text _builder_version=&raquo;4.16&#8243; text_font=&raquo;Montserrat|500|||||||&raquo; text_text_color=&raquo;rgba(255,255,255,0.5)&raquo; text_font_size=&raquo;16px&raquo; text_line_height=&raquo;1.9em&raquo; header_font=&raquo;||||||||&raquo; header_2_font=&raquo;Yeseva One||||||||&raquo; header_2_font_size=&raquo;50px&raquo; header_2_line_height=&raquo;1.3em&raquo; text_orientation=&raquo;center&raquo; background_layout=&raquo;dark&raquo; max_width=&raquo;700px&raquo; module_alignment=&raquo;center&raquo; header_2_font_size_tablet=&raquo;42px&raquo; header_2_font_size_phone=&raquo;&raquo; header_2_font_size_last_edited=&raquo;on|phone&raquo; global_colors_info=&raquo;{}&raquo;]<\/p>\n<h2><span>\u00a0Medisinsk behandling av linjer og rynker.<\/span><\/h2>\n<p>[\/et_pb_text][\/et_pb_column][\/et_pb_row][et_pb_row _builder_version=&raquo;4.18.0&#8243; _module_preset=&raquo;default&raquo; custom_padding=&raquo;28px|||||&raquo; global_colors_info=&raquo;{}&raquo;][et_pb_column type=&raquo;4_4&#8243; _builder_version=&raquo;4.18.0&#8243; _module_preset=&raquo;default&raquo; global_colors_info=&raquo;{}&raquo;][\/et_pb_column][\/et_pb_row][\/et_pb_section][et_pb_section fb_built=&raquo;1&#8243; admin_label=&raquo;Services&raquo; _builder_version=&raquo;4.16&#8243; locked=&raquo;off&raquo; global_colors_info=&raquo;{}&raquo;][et_pb_row _builder_version=&raquo;4.16&#8243; custom_padding=&raquo;|||&raquo; global_colors_info=&raquo;{}&raquo;][et_pb_column type=&raquo;4_4&#8243; _builder_version=&raquo;4.16&#8243; custom_padding=&raquo;|||&raquo; global_colors_info=&raquo;{}&raquo; custom_padding__hover=&raquo;|||&raquo;][et_pb_text _builder_version=&raquo;4.16&#8243; text_font=&raquo;Montserrat|500|||||||&raquo; text_text_color=&raquo;rgba(47,56,84,0.5)&raquo; text_font_size=&raquo;16px&raquo; text_line_height=&raquo;1.9em&raquo; header_font=&raquo;||||||||&raquo; header_2_font=&raquo;Yeseva One||||||||&raquo; header_2_font_size=&raquo;50px&raquo; header_2_line_height=&raquo;1.3em&raquo; text_orientation=&raquo;center&raquo; max_width=&raquo;700px&raquo; module_alignment=&raquo;center&raquo; global_colors_info=&raquo;{}&raquo;][\/et_pb_text][\/et_pb_column][\/et_pb_row][et_pb_row column_structure=&raquo;1_2,1_2&#8243; _builder_version=&raquo;4.16&#8243; custom_padding=&raquo;27px|0px|50px|0px&raquo; global_colors_info=&raquo;{}&raquo;][et_pb_column type=&raquo;1_2&#8243; _builder_version=&raquo;4.16&#8243; custom_padding=&raquo;|||&raquo; global_colors_info=&raquo;{}&raquo; custom_padding__hover=&raquo;|||&raquo;][et_pb_text admin_label=&raquo;Paragraph&raquo; _builder_version=&raquo;4.16&#8243; text_font=&raquo;Montserrat|500|||||||&raquo; text_text_color=&raquo;rgba(47,56,84,0.5)&raquo; text_font_size=&raquo;16px&raquo; text_line_height=&raquo;1.9em&raquo; header_font=&raquo;||||||||&raquo; header_2_font=&raquo;Yeseva One||||||||&raquo; header_2_text_color=&raquo;#2f3854&#8243; header_2_font_size=&raquo;50px&raquo; header_2_line_height=&raquo;1.4em&raquo; max_width=&raquo;813px&raquo; module_alignment=&raquo;center&raquo; custom_padding=&raquo;|2px||||&raquo; global_colors_info=&raquo;{}&raquo;]<\/p>\n<p>F\u00f8r behandling f\u00e5r du tilsendt et digitalt samtykkeskjema p\u00e5 sms\/mail, med informasjon om behandling, virkning, og mulige komplikasjoner, som du besvarer f\u00f8r du kommer til behandling. Du vil ogs\u00e5 f\u00e5 snakke med min ansvarlige lege,Dr Irina Ibanescu, som eier og drifter klinikken Derma Medispa p\u00e5 Helsebygget Kilden i Hillev\u00e5g,\u00a0 som unders\u00f8ker om det finnes forhold som skulle tilsi at behandling ikke kan gjennomf\u00f8res.<\/p>\n<p>\u00a0Myndighetene har nedlagt forbud mot enhver form for informasjon om disse behandlingene, s\u00e5 sant kunden ikke selv aktivt s\u00f8ker informasjon.\u00a0 Skulle du ha sp\u00f8rsm\u00e5l om disse behandlingene er du hjertelig velkommen til \u00e5 kontakte meg. Jeg tilbyr gratis uforpliktende konsultasjon:-)<\/p>\n<p>&nbsp;<\/p>\n<p>&nbsp;<\/p>\n<ul><\/ul>\n<p>[\/et_pb_text][\/et_pb_column][et_pb_column type=&raquo;1_2&#8243; _builder_version=&raquo;4.16&#8243; custom_padding=&raquo;|||&raquo; global_colors_info=&raquo;{}&raquo; custom_padding__hover=&raquo;|||&raquo;][\/et_pb_column][\/et_pb_row][\/et_pb_section]<\/p>\n","protected":false},"excerpt":{"rendered":"<p>Utglatting og utjevning av rynker og linjer i pannen, mellom \u00f8ynene og rundt ytre del av \u00f8yeomr\u00e5det, er sv\u00e6rt etterspurte behandlinger.\u00a0 P\u00e5 grunn av EU-reglement er det ikke lov for oss \u00e5 nevne reseptbelagte legemidler noen steder, heller ikke for \u00e5 informere. All informasjon vil bli gitt p\u00e5 konsultasjon. Men du er ogs\u00e5 velkommen til [&hellip;]<\/p>\n","protected":false},"author":1,"featured_media":0,"parent":4065,"menu_order":0,"comment_status":"closed","ping_status":"closed","template":"","meta":{"_et_pb_use_builder":"on","_et_pb_old_content":"<!-- wp:divi\/placeholder \/-->","_et_gb_content_width":"","footnotes":""},"class_list":["post-4672","page","type-page","status-publish","hentry"],"yoast_head":"<!-- This site is optimized with the Yoast SEO plugin v27.3 - https:\/\/yoast.com\/product\/yoast-seo-wordpress\/ -->\n<title>Rynkebehandling - Bryne Medisinske Hudpleie<\/title>\n<meta name=\"robots\" content=\"index, follow, max-snippet:-1, max-image-preview:large, max-video-preview:-1\" \/>\n<link rel=\"canonical\" href=\"https:\/\/brynemedisinskehudpleie.no\/en\/treatment\/medical-wrinkle-treatment\/\" \/>\n<meta property=\"og:locale\" content=\"en_US\" \/>\n<meta property=\"og:type\" content=\"article\" \/>\n<meta property=\"og:title\" content=\"Rynkebehandling - Bryne Medisinske Hudpleie\" \/>\n<meta property=\"og:url\" content=\"https:\/\/brynemedisinskehudpleie.no\/en\/treatment\/medical-wrinkle-treatment\/\" \/>\n<meta property=\"og:site_name\" content=\"Bryne Medisinske Hudpleie\" \/>\n<meta property=\"article:modified_time\" content=\"2023-10-02T13:46:05+00:00\" \/>\n<meta name=\"twitter:card\" content=\"summary_large_image\" \/>\n<meta name=\"twitter:label1\" content=\"Est. reading time\" \/>\n\t<meta name=\"twitter:data1\" content=\"5 minutes\" \/>\n<script type=\"application\/ld+json\" class=\"yoast-schema-graph\">{\"@context\":\"https:\\\/\\\/schema.org\",\"@graph\":[{\"@type\":\"WebPage\",\"@id\":\"https:\\\/\\\/brynemedisinskehudpleie.no\\\/behandling\\\/medisinsk-rynkebehandling\\\/\",\"url\":\"https:\\\/\\\/brynemedisinskehudpleie.no\\\/behandling\\\/medisinsk-rynkebehandling\\\/\",\"name\":\"Rynkebehandling - Bryne Medisinske Hudpleie\",\"isPartOf\":{\"@id\":\"https:\\\/\\\/brynemedisinskehudpleie.no\\\/#website\"},\"datePublished\":\"2020-08-13T12:53:12+00:00\",\"dateModified\":\"2023-10-02T13:46:05+00:00\",\"breadcrumb\":{\"@id\":\"https:\\\/\\\/brynemedisinskehudpleie.no\\\/behandling\\\/medisinsk-rynkebehandling\\\/#breadcrumb\"},\"inLanguage\":\"en-US\",\"potentialAction\":[{\"@type\":\"ReadAction\",\"target\":[\"https:\\\/\\\/brynemedisinskehudpleie.no\\\/behandling\\\/medisinsk-rynkebehandling\\\/\"]}]},{\"@type\":\"BreadcrumbList\",\"@id\":\"https:\\\/\\\/brynemedisinskehudpleie.no\\\/behandling\\\/medisinsk-rynkebehandling\\\/#breadcrumb\",\"itemListElement\":[{\"@type\":\"ListItem\",\"position\":1,\"name\":\"Home\",\"item\":\"https:\\\/\\\/brynemedisinskehudpleie.no\\\/\"},{\"@type\":\"ListItem\",\"position\":2,\"name\":\"Behandling\",\"item\":\"https:\\\/\\\/brynemedisinskehudpleie.no\\\/behandling\\\/\"},{\"@type\":\"ListItem\",\"position\":3,\"name\":\"Rynkebehandling\"}]},{\"@type\":\"WebSite\",\"@id\":\"https:\\\/\\\/brynemedisinskehudpleie.no\\\/#website\",\"url\":\"https:\\\/\\\/brynemedisinskehudpleie.no\\\/\",\"name\":\"Bryne Medisinske Hudpleie\",\"description\":\"Kosmetisk-medisinske hudbehandlinger og veiledning\",\"potentialAction\":[{\"@type\":\"SearchAction\",\"target\":{\"@type\":\"EntryPoint\",\"urlTemplate\":\"https:\\\/\\\/brynemedisinskehudpleie.no\\\/?s={search_term_string}\"},\"query-input\":{\"@type\":\"PropertyValueSpecification\",\"valueRequired\":true,\"valueName\":\"search_term_string\"}}],\"inLanguage\":\"en-US\"}]}<\/script>\n<!-- \/ Yoast SEO plugin. -->","yoast_head_json":{"title":"Wrinkle treatment - Bryne Medisinske Hudpleie","robots":{"index":"index","follow":"follow","max-snippet":"max-snippet:-1","max-image-preview":"max-image-preview:large","max-video-preview":"max-video-preview:-1"},"canonical":"https:\/\/brynemedisinskehudpleie.no\/en\/treatment\/medical-wrinkle-treatment\/","og_locale":"en_US","og_type":"article","og_title":"Rynkebehandling - Bryne Medisinske Hudpleie","og_url":"https:\/\/brynemedisinskehudpleie.no\/en\/treatment\/medical-wrinkle-treatment\/","og_site_name":"Bryne Medisinske Hudpleie","article_modified_time":"2023-10-02T13:46:05+00:00","twitter_card":"summary_large_image","twitter_misc":{"Est. reading time":"5 minutes"},"schema":{"@context":"https:\/\/schema.org","@graph":[{"@type":"WebPage","@id":"https:\/\/brynemedisinskehudpleie.no\/behandling\/medisinsk-rynkebehandling\/","url":"https:\/\/brynemedisinskehudpleie.no\/behandling\/medisinsk-rynkebehandling\/","name":"Wrinkle treatment - Bryne Medisinske Hudpleie","isPartOf":{"@id":"https:\/\/brynemedisinskehudpleie.no\/#website"},"datePublished":"2020-08-13T12:53:12+00:00","dateModified":"2023-10-02T13:46:05+00:00","breadcrumb":{"@id":"https:\/\/brynemedisinskehudpleie.no\/behandling\/medisinsk-rynkebehandling\/#breadcrumb"},"inLanguage":"en-US","potentialAction":[{"@type":"ReadAction","target":["https:\/\/brynemedisinskehudpleie.no\/behandling\/medisinsk-rynkebehandling\/"]}]},{"@type":"BreadcrumbList","@id":"https:\/\/brynemedisinskehudpleie.no\/behandling\/medisinsk-rynkebehandling\/#breadcrumb","itemListElement":[{"@type":"ListItem","position":1,"name":"Home","item":"https:\/\/brynemedisinskehudpleie.no\/"},{"@type":"ListItem","position":2,"name":"Behandling","item":"https:\/\/brynemedisinskehudpleie.no\/behandling\/"},{"@type":"ListItem","position":3,"name":"Rynkebehandling"}]},{"@type":"WebSite","@id":"https:\/\/brynemedisinskehudpleie.no\/#website","url":"https:\/\/brynemedisinskehudpleie.no\/","name":"Bryne Medical Skin Care","description":"Cosmetic-medical skin treatments and guidance","potentialAction":[{"@type":"SearchAction","target":{"@type":"EntryPoint","urlTemplate":"https:\/\/brynemedisinskehudpleie.no\/?s={search_term_string}"},"query-input":{"@type":"PropertyValueSpecification","valueRequired":true,"valueName":"search_term_string"}}],"inLanguage":"en-US"}]}},"_links":{"self":[{"href":"https:\/\/brynemedisinskehudpleie.no\/en\/wp-json\/wp\/v2\/pages\/4672","targetHints":{"allow":["GET"]}}],"collection":[{"href":"https:\/\/brynemedisinskehudpleie.no\/en\/wp-json\/wp\/v2\/pages"}],"about":[{"href":"https:\/\/brynemedisinskehudpleie.no\/en\/wp-json\/wp\/v2\/types\/page"}],"author":[{"embeddable":true,"href":"https:\/\/brynemedisinskehudpleie.no\/en\/wp-json\/wp\/v2\/users\/1"}],"replies":[{"embeddable":true,"href":"https:\/\/brynemedisinskehudpleie.no\/en\/wp-json\/wp\/v2\/comments?post=4672"}],"version-history":[{"count":0,"href":"https:\/\/brynemedisinskehudpleie.no\/en\/wp-json\/wp\/v2\/pages\/4672\/revisions"}],"up":[{"embeddable":true,"href":"https:\/\/brynemedisinskehudpleie.no\/en\/wp-json\/wp\/v2\/pages\/4065"}],"wp:attachment":[{"href":"https:\/\/brynemedisinskehudpleie.no\/en\/wp-json\/wp\/v2\/media?parent=4672"}],"curies":[{"name":"wp","href":"https:\/\/api.w.org\/{rel}","templated":true}]}}