{"id":4640,"date":"2020-08-11T13:57:23","date_gmt":"2020-08-11T13:57:23","guid":{"rendered":"http:\/\/brynemedisinskehudpleie.no\/?page_id=4640"},"modified":"2020-08-26T08:06:49","modified_gmt":"2020-08-26T08:06:49","slug":"filler-treatment","status":"publish","type":"page","link":"https:\/\/brynemedisinskehudpleie.no\/en\/behandling\/fillerbehandling\/","title":{"rendered":"Filler treatment"},"content":{"rendered":"<p>[et_pb_section fb_built=&raquo;1&#8243; _builder_version=&raquo;4.2.1&#8243; custom_padding=&raquo;0px||0px||true|false&raquo;][et_pb_row column_structure=&raquo;1_2,1_2&#8243; use_custom_gutter=&raquo;on&raquo; gutter_width=&raquo;1&#8243; make_equal=&raquo;on&raquo; admin_label=&raquo;CTA Row&raquo; module_class=&raquo; et_pb_row_fullwidth&raquo; _builder_version=&raquo;4.5.8&#8243; width=&raquo;100%&raquo; width_tablet=&raquo;100%&raquo; width_phone=&raquo;&raquo; width_last_edited=&raquo;on|desktop&raquo; max_width=&raquo;100%&raquo; max_width_tablet=&raquo;100%&raquo; max_width_phone=&raquo;&raquo; max_width_last_edited=&raquo;on|desktop&raquo; custom_padding=&raquo;0px|0px|0px|0px&raquo; hover_enabled=&raquo;0&#8243; make_fullwidth=&raquo;on&raquo; locked=&raquo;off&raquo;][et_pb_column type=&raquo;1_2&#8243; _builder_version=&raquo;4.5.8&#8243; background_image=&raquo;https:\/\/brynemedisinskehudpleie.no\/wp-content\/uploads\/2020\/01\/KLE_9983-resized.jpg&raquo; custom_padding=&raquo;|||&raquo; hover_enabled=&raquo;0&#8243; custom_padding__hover=&raquo;|||&raquo; title_text=&raquo;KLE_9983-resized&raquo;][et_pb_divider show_divider=&raquo;off&raquo; _builder_version=&raquo;4.2.1&#8243; height=&raquo;400px&raquo; locked=&raquo;off&raquo;][\/et_pb_divider][\/et_pb_column][et_pb_column type=&raquo;1_2&#8243; _builder_version=&raquo;4.2.1&#8243; background_color=&raquo;rgba(0,0,0,0)&raquo; use_background_color_gradient=&raquo;on&raquo; background_color_gradient_start=&raquo;#00c6d1&#8243; background_color_gradient_end=&raquo;#0099b5&#8243; background_color_gradient_direction=&raquo;160deg&raquo; custom_padding=&raquo;|||&raquo; custom_padding__hover=&raquo;|||&raquo;][et_pb_cta title=&raquo;Filler-behandling&raquo; button_url=&raquo;\/priser\/&raquo; button_text=&raquo;Priser&raquo; _builder_version=&raquo;4.5.6&#8243; header_font=&raquo;Yeseva One||||||||&raquo; header_text_color=&raquo;#ffffff&raquo; header_font_size=&raquo;72px&raquo; header_line_height=&raquo;1.4em&raquo; body_font=&raquo;Montserrat|500|||||||&raquo; body_text_color=&raquo;rgba(255,255,255,0.5)&raquo; body_font_size=&raquo;16px&raquo; body_line_height=&raquo;1.9em&raquo; use_background_color=&raquo;off&raquo; custom_button=&raquo;on&raquo; button_text_size=&raquo;16px&raquo; button_text_color=&raquo;#ffffff&raquo; button_bg_color=&raquo;rgba(0,0,0,0.13)&raquo; button_border_width=&raquo;0px&raquo; button_border_color=&raquo;rgba(47,56,84,0)&raquo; button_border_radius=&raquo;60px&raquo; button_letter_spacing=&raquo;1px&raquo; button_font=&raquo;|700||on|||||&raquo; button_use_icon=&raquo;off&raquo; button_alignment=&raquo;left&raquo; button_custom_padding=&raquo;15px|30px|15px|30px|true|true&raquo; text_orientation=&raquo;left&raquo; max_width=&raquo;580px&raquo; max_width_tablet=&raquo;&raquo; max_width_phone=&raquo;&raquo; max_width_last_edited=&raquo;on|desktop&raquo; module_alignment=&raquo;left&raquo; custom_margin=&raquo;|||&raquo; custom_padding=&raquo;100px|60px|100px|60px&raquo; custom_padding_tablet=&raquo;60px||60px||true|false&raquo; custom_padding_phone=&raquo;40px||40px||true|false&raquo; custom_padding_last_edited=&raquo;on|phone&raquo; header_font_size_tablet=&raquo;42px&raquo; header_font_size_phone=&raquo;&raquo; header_font_size_last_edited=&raquo;on|tablet&raquo; button_text_color_hover=&raquo;#2f3854&#8243; button_border_radius_hover=&raquo;66px&raquo; button_letter_spacing_hover=&raquo;1px&raquo; button_bg_color_hover=&raquo;#ffffff&raquo; button_text_size__hover_enabled=&raquo;off&raquo; button_one_text_size__hover_enabled=&raquo;off&raquo; button_two_text_size__hover_enabled=&raquo;off&raquo; button_text_color__hover_enabled=&raquo;off|desktop&raquo; button_text_color__hover=&raquo;#2f3854&#8243; button_one_text_color__hover_enabled=&raquo;off&raquo; button_two_text_color__hover_enabled=&raquo;off&raquo; button_border_width__hover_enabled=&raquo;off&raquo; button_one_border_width__hover_enabled=&raquo;off&raquo; button_two_border_width__hover_enabled=&raquo;off&raquo; button_border_color__hover_enabled=&raquo;off&raquo; button_one_border_color__hover_enabled=&raquo;off&raquo; button_two_border_color__hover_enabled=&raquo;off&raquo; button_border_radius__hover_enabled=&raquo;off|hover&raquo; button_border_radius__hover=&raquo;66px&raquo; button_one_border_radius__hover_enabled=&raquo;off&raquo; button_two_border_radius__hover_enabled=&raquo;off&raquo; button_letter_spacing__hover_enabled=&raquo;off|hover&raquo; button_letter_spacing__hover=&raquo;1px&raquo; button_one_letter_spacing__hover_enabled=&raquo;off&raquo; button_two_letter_spacing__hover_enabled=&raquo;off&raquo; button_bg_color__hover_enabled=&raquo;on|hover&raquo; button_bg_color__hover=&raquo;rgba(47,56,84,0.5)&raquo; button_one_bg_color__hover_enabled=&raquo;off&raquo; button_two_bg_color__hover_enabled=&raquo;off&raquo;]<\/p>\n<p><span>Filler er en samlebetegnelse for hyaluronsyre produkter som injiseres inn i ulike lag og omr\u00e5der av ansiktet. Hyaluronsyre er en av grunnsubstansene i alt bindevev i kroppen og gir huden din et mykt og friskt utseende, samt elastisitet, fasthet og fukt.\u00a0 Innholdet av hyaluronsyre i kroppen avtar med \u00f8kende alder, og allerede i 40-50 \u00e5rene har vi i gjennomsnitt tapt 50 % av denne naturlige &laquo;ungdomskilden&raquo;.\u00a0 Dette er viktig \u00e5 erstatte.\u00a0<\/span><\/p>\n<p>M\u00e5let er et naturlig vakkert resultat, IKKE\u00a0 \u00e5 fylle og lage noe som ikke var der, men \u00e5 restaurere og gjenopprette det som har g\u00e5tt tapt.\u00a0<span><\/span><\/p>\n<p><span><\/span><\/p>\n<p>[\/et_pb_cta][\/et_pb_column][\/et_pb_row][\/et_pb_section][et_pb_section fb_built=&raquo;1&#8243; admin_label=&raquo;Team&raquo; _builder_version=&raquo;4.2.1&#8243; background_color=&raquo;#324b4d&raquo; use_background_color_gradient=&raquo;on&raquo; background_color_gradient_start=&raquo;rgba(47,56,84,0.4)&raquo; background_color_gradient_end=&raquo;rgba(0,0,0,0)&raquo; background_color_gradient_direction=&raquo;160deg&raquo; custom_padding=&raquo;100px|0px|100px|0px&raquo;][et_pb_row _builder_version=&raquo;3.25&#8243;][et_pb_column type=&raquo;4_4&#8243; _builder_version=&raquo;3.25&#8243; custom_padding=&raquo;|||&raquo; custom_padding__hover=&raquo;|||&raquo;][et_pb_image src=&raquo;https:\/\/brynemedisinskehudpleie.no\/wp-content\/uploads\/2020\/01\/ikon-Iinjeksjon-100.png&raquo; alt=&raquo;Injeksjonsbehandling&raquo; title_text=&raquo;Injeksjon&raquo; align=&raquo;center&raquo; _builder_version=&raquo;4.5.6&#8243;][\/et_pb_image][et_pb_text _builder_version=&raquo;4.2.1&#8243; text_font=&raquo;Montserrat|500|||||||&raquo; text_text_color=&raquo;rgba(255,255,255,0.5)&raquo; text_font_size=&raquo;16px&raquo; text_line_height=&raquo;1.9em&raquo; header_font=&raquo;||||||||&raquo; header_2_font=&raquo;Yeseva One||||||||&raquo; header_2_font_size=&raquo;50px&raquo; header_2_line_height=&raquo;1.3em&raquo; text_orientation=&raquo;center&raquo; background_layout=&raquo;dark&raquo; max_width=&raquo;700px&raquo; module_alignment=&raquo;center&raquo; header_2_font_size_tablet=&raquo;42px&raquo; header_2_font_size_phone=&raquo;&raquo; header_2_font_size_last_edited=&raquo;on|phone&raquo;]<\/p>\n<h2><span>Teosyal -the best of hyaluronic acid<\/span><\/h2>\n<p>[\/et_pb_text][\/et_pb_column][\/et_pb_row][et_pb_row column_structure=&raquo;1_2,1_2&#8243; _builder_version=&raquo;4.2.1&#8243; custom_padding=&raquo;27px|0px|50px|0px&raquo;][et_pb_column type=&raquo;1_2&#8243; _builder_version=&raquo;3.25&#8243; custom_padding=&raquo;|||&raquo; custom_padding__hover=&raquo;|||&raquo;][et_pb_text admin_label=&raquo;Paragraph&raquo; _builder_version=&raquo;4.5.6&#8243; text_font=&raquo;Montserrat|500|||||||&raquo; text_text_color=&raquo;rgba(255,255,255,0.5)&raquo; text_font_size=&raquo;16px&raquo; text_line_height=&raquo;1.9em&raquo; header_font=&raquo;||||||||&raquo; header_2_font=&raquo;Yeseva One||||||||&raquo; header_2_text_color=&raquo;#2f3854&#8243; header_2_font_size=&raquo;50px&raquo; header_2_line_height=&raquo;1.4em&raquo; header_3_font=&raquo;Montserrat|700|||||||&raquo; header_3_text_color=&raquo;rgba(255,255,255,0.8)&raquo; max_width=&raquo;700px&raquo; module_alignment=&raquo;center&raquo;]<\/p>\n<p>Mitt valg av det sveitsiske kvalitetsmerket\u00a0 Teosyal fra Teoxane Laboratoires, en av verdens st\u00f8rste produsenter, kom som et resultat av mine tidligere erfaringer med andre kjente fillermerker som kunde, i tillegg til min h\u00f8yskoleutdanning ved H\u00f8yskolen i S\u00f8r\u00f8st-Norge\/Senzie, hvor den anerkjente skotske Dr Kieren Bong, introduserte oss for dette merket med unike egenskaper.<\/p>\n<p>Det som skiller Teosyal fra andre kjente merker, er f\u00f8rst og fremst den spesialutviklede linjen RHA, som st\u00e5r for Resilient Hyaluronic Acid, som finnes i ulike tykkelser alt etter hvor den skal injiseres. Denne hyaluronsyregelen inneholder bare langkjedet hyaluronsyre, hvilket betyr at den vil f\u00f8ye seg etter ansiktets mimikk uten \u00e5 fragmenteres og har bedre varighet. Ansiktet er ikke statisk og dermed kan heller ikke produktene som injiseres v\u00e6re det.<\/p>\n<p>Hyaluronsyrefiller kan injiseres i mange ulike omr\u00e5der av ansiktet:<\/p>\n<p>-utjevne rynker og erstatte tapt volum i panne<\/p>\n<p>-utjevne t\u00e5regrop\/ringer under \u00f8yne<\/p>\n<p>-erstatte\/bygge\/l\u00f8fte kinnben og volum<\/p>\n<p>-utjevne nasolabiale linjer og marionettelinjer<\/p>\n<p>-gi plump\/fylde\/kontur og volum til lepper<\/p>\n<p>-definisjon kjevelinje<\/p>\n<p>-definere\/volumisere hake<\/p>\n<p>[\/et_pb_text][\/et_pb_column][et_pb_column type=&raquo;1_2&#8243; _builder_version=&raquo;3.25&#8243; custom_padding=&raquo;|||&raquo; custom_padding__hover=&raquo;|||&raquo;][et_pb_text admin_label=&raquo;Paragraph&raquo; _builder_version=&raquo;4.5.6&#8243; text_font=&raquo;Montserrat|500|||||||&raquo; text_text_color=&raquo;rgba(255,255,255,0.5)&raquo; text_font_size=&raquo;16px&raquo; text_line_height=&raquo;1.9em&raquo; header_font=&raquo;||||||||&raquo; header_2_font=&raquo;Yeseva One||||||||&raquo; header_2_text_color=&raquo;#2f3854&#8243; header_2_font_size=&raquo;50px&raquo; header_2_line_height=&raquo;1.4em&raquo; header_3_font=&raquo;Montserrat|700|||||||&raquo; header_3_text_color=&raquo;rgba(255,255,255,0.8)&raquo; max_width=&raquo;700px&raquo; module_alignment=&raquo;center&raquo;]<\/p>\n<p>\u00a0Hyaluronsyre er aktivt involvert i celleaktvitet, slik at behandling med hyaluronsyrefiller vil ikke bare ha betydning rent kosmetisk, men ogs\u00e5 bidra til\u00a0 hudkvalitetsfremmende egenskaper gjennom \u00e5 fukte, fremme hudens ulike funksjoner, samt hudens egen produksjon av kollagen og elastin. Den fyller ut huden og gir slik en glattere overflate, opprettholder og binder fuktigheten i huden, og bidrar til \u00e5 gj\u00f8re huden mer motstandsdyktig.<\/p>\n<p>Det finnes idag ingen krav til hvilke kvalifikasjoner man m\u00e5 inneha for \u00e5 gj\u00f8re injeksjonsbehandlinger med filler, og dette stiller desto st\u00f8rre krav til at du som vurderer \u00e5 f\u00e5 gjort slike behandlinger, forsikrer deg om at behandleren har n\u00f8dvendige kvalifikasjoner ift anatomi, teknikker og produkter, og ikke minst hvordan man skal h\u00e5ndtere eventuelle komplikasjoner.<\/p>\n<p>Som offentlig godkjent sykepleier, med videreutdanning innen medisinsk-kosmetiske behandlinger og uttallige kurs og konferanser i etterkant, er jeg kurset av de aller dyktigste leger p\u00e5 feltet, med kunnskap om anatomi, faresoner og komplikasjonsh\u00e5ndtering. Jeg er opptatt av at du skal f\u00f8le deg s\u00e5 trygg og ivaretatt som mulig.<\/p>\n<p>[\/et_pb_text][\/et_pb_column][\/et_pb_row][\/et_pb_section][et_pb_section fb_built=&raquo;1&#8243; admin_label=&raquo;Services&raquo; _builder_version=&raquo;4.2.1&#8243; locked=&raquo;off&raquo;][et_pb_row _builder_version=&raquo;3.25&#8243; custom_padding=&raquo;|||&raquo;][et_pb_column type=&raquo;4_4&#8243; _builder_version=&raquo;3.25&#8243; custom_padding=&raquo;|||&raquo; custom_padding__hover=&raquo;|||&raquo;][et_pb_text _builder_version=&raquo;3.27.4&#8243; text_font=&raquo;Montserrat|500|||||||&raquo; text_text_color=&raquo;rgba(47,56,84,0.5)&raquo; text_font_size=&raquo;16px&raquo; text_line_height=&raquo;1.9em&raquo; header_font=&raquo;||||||||&raquo; header_2_font=&raquo;Yeseva One||||||||&raquo; header_2_font_size=&raquo;50px&raquo; header_2_line_height=&raquo;1.3em&raquo; text_orientation=&raquo;center&raquo; max_width=&raquo;700px&raquo; module_alignment=&raquo;center&raquo;]<\/p>\n<h2>Ofte stilte sp\u00f8rsm\u00e5l<\/h2>\n<p>[\/et_pb_text][\/et_pb_column][\/et_pb_row][et_pb_row column_structure=&raquo;1_2,1_2&#8243; _builder_version=&raquo;3.25&#8243; custom_padding=&raquo;27px|0px|50px|0px&raquo;][et_pb_column type=&raquo;1_2&#8243; _builder_version=&raquo;3.25&#8243; custom_padding=&raquo;|||&raquo; custom_padding__hover=&raquo;|||&raquo;][et_pb_text admin_label=&raquo;Paragraph&raquo; _builder_version=&raquo;4.2.1&#8243; text_font=&raquo;Montserrat|500|||||||&raquo; text_text_color=&raquo;rgba(47,56,84,0.5)&raquo; text_font_size=&raquo;16px&raquo; text_line_height=&raquo;1.9em&raquo; header_font=&raquo;||||||||&raquo; header_2_font=&raquo;Yeseva One||||||||&raquo; header_2_text_color=&raquo;#2f3854&#8243; header_2_font_size=&raquo;50px&raquo; header_2_line_height=&raquo;1.4em&raquo; max_width=&raquo;700px&raquo; module_alignment=&raquo;center&raquo;]<\/p>\n<p>\u00a0Fillerbehandlinger har utviklet seg enormt p\u00e5 noen f\u00e5 \u00e5r, b\u00e5de med tanke p\u00e5 produktene og teknikkene som brukes, men ikke minst ogs\u00e5 fagkunnskapen man har om hva som skjer n\u00e5r man eldes, og som danner grunnlaget for hvordan man velger \u00e5 behandle et ansikt.\u00a0<\/p>\n<p>Fra \u00e5 v\u00e6re noe man i stor grad brukte til \u00e5 forst\u00f8rre lepper og fylle ut rynker og linjer med, er fillerbehandlinger idag sv\u00e6rt avanserte injeksjonsbehandlinger, hvor man kan restaurere og gjenopprette tapt volum og endrede konturer,\u00a0 b\u00e5de mtp beinstruktur, fettlagene og selve huden.<\/p>\n<p>Med gode produkter og teknikker kan man med relativt sm\u00e5 mengder filler oppn\u00e5 sv\u00e6rt naturlige, diskrete og vakre resultater. Teosyal sine fillere har evnen til \u00e5 f\u00f8ye seg naturlig etter vevets bevegelser, slik at det ikke blir stivt og unaturlig. Fillerne er tilpasset de nyeste teknikkene, hvor filler med ulike egenskaper legges i ulike lag i ansiktet for \u00e5 gjenoppbygge tapte strukturer og volum, med s\u00e5kalt multi-layering technique. RHA produktene til Teosyal tar hensyn til at ansiktet ikke er statisk, resultatet skal v\u00e6re vakkert ogs\u00e5 ved bevegelse, n\u00e5r vi smiler, ler og\u00a0 uttrykker oss. Dette er unikt for Teosyal RHA linjen.\u00a0<\/p>\n<ul><\/ul>\n<p>[\/et_pb_text][\/et_pb_column][et_pb_column type=&raquo;1_2&#8243; _builder_version=&raquo;3.25&#8243; custom_padding=&raquo;|||&raquo; custom_padding__hover=&raquo;|||&raquo;][et_pb_blurb title=&raquo;N\u00e5r kan jeg forvente \u00e5 se resultater?&raquo; use_icon=&raquo;on&raquo; font_icon=&raquo;%%202%%&raquo; icon_placement=&raquo;left&raquo; use_icon_font_size=&raquo;on&raquo; icon_font_size=&raquo;27px&raquo; _builder_version=&raquo;4.2.1&#8243; header_font=&raquo;Montserrat|700|||||||&raquo; header_text_color=&raquo;#333&#8243; header_font_size=&raquo;16px&raquo; header_line_height=&raquo;1.9em&raquo; body_font=&raquo;Montserrat|500|||||||&raquo; body_text_color=&raquo;rgba(47,56,84,0.5)&raquo; body_line_height=&raquo;1.9em&raquo; custom_margin=&raquo;|||&raquo; custom_padding=&raquo;|||&raquo; animation_style=&raquo;zoom&raquo; animation_direction=&raquo;left&raquo; animation_intensity_zoom=&raquo;10%&raquo;]<\/p>\n<p>Resultat kan ses med en gang, selv om det de f\u00f8rste 2-3 d\u00f8gn vil v\u00e6re hevelse i varierende grad.\u00a0<\/p>\n<p>[\/et_pb_blurb][et_pb_blurb title=&raquo;Hvor lenge varer resultatet?&raquo; use_icon=&raquo;on&raquo; font_icon=&raquo;%%202%%&raquo; icon_placement=&raquo;left&raquo; use_icon_font_size=&raquo;on&raquo; icon_font_size=&raquo;27px&raquo; _builder_version=&raquo;3.0.105&#8243; header_font=&raquo;Montserrat|700|||||||&raquo; header_text_color=&raquo;#333&#8243; header_font_size=&raquo;16px&raquo; header_line_height=&raquo;1.9em&raquo; body_font=&raquo;Montserrat|500|||||||&raquo; body_text_color=&raquo;rgba(47,56,84,0.5)&raquo; body_line_height=&raquo;1.9em&raquo; custom_margin=&raquo;|||&raquo; custom_padding=&raquo;|||&raquo; animation_style=&raquo;zoom&raquo; animation_direction=&raquo;left&raquo; animation_intensity_zoom=&raquo;10%&raquo;]<\/p>\n<p>,Det vil variere fra 6 til 18 m\u00e5neder, avhengig av hvilke omr\u00e5der hvilke produkter og hvor mye som injiseres.\u00a0 I tillegg kommer variasjoner i kroppens egen naturlige nedbrytningsprosess. For et varig resultat m\u00e5 behandling gjentas.<\/p>\n<p>[\/et_pb_blurb][et_pb_blurb title=&raquo;Gj\u00f8r det vondt?&raquo; use_icon=&raquo;on&raquo; font_icon=&raquo;%%202%%&raquo; icon_placement=&raquo;left&raquo; use_icon_font_size=&raquo;on&raquo; icon_font_size=&raquo;27px&raquo; _builder_version=&raquo;3.0.105&#8243; header_font=&raquo;Montserrat|700|||||||&raquo; header_text_color=&raquo;#333&#8243; header_font_size=&raquo;16px&raquo; header_line_height=&raquo;1.9em&raquo; body_font=&raquo;Montserrat|500|||||||&raquo; body_text_color=&raquo;rgba(47,56,84,0.5)&raquo; body_line_height=&raquo;1.9em&raquo; custom_margin=&raquo;|||&raquo; custom_padding=&raquo;|||&raquo; animation_style=&raquo;zoom&raquo; animation_direction=&raquo;left&raquo; animation_intensity_zoom=&raquo;10%&raquo;]<\/p>\n<p>Her vil det v\u00e6re individuelle forskjeller, men bortsett fra lepper, hvor bed\u00f8vende krem legges p\u00e5, er det normalt ikke forbundet med mye smerter. Litt ubehag vil de fleste kunne oppleve, spesielt f\u00f8rste gang om man er litt spent og nerv\u00f8s .<\/p>\n<p>[\/et_pb_blurb][\/et_pb_column][\/et_pb_row][\/et_pb_section]<\/p>\n","protected":false},"excerpt":{"rendered":"<p>Filler er en samlebetegnelse for hyaluronsyre produkter som injiseres inn i ulike lag og omr\u00e5der av ansiktet. Hyaluronsyre er en av grunnsubstansene i alt bindevev i kroppen og gir huden din et mykt og friskt utseende, samt elastisitet, fasthet og fukt.\u00a0 Innholdet av hyaluronsyre i kroppen avtar med \u00f8kende alder, og allerede i 40-50 \u00e5rene [&hellip;]<\/p>\n","protected":false},"author":1,"featured_media":0,"parent":4065,"menu_order":0,"comment_status":"closed","ping_status":"closed","template":"","meta":{"_et_pb_use_builder":"on","_et_pb_old_content":"<!-- wp:divi\/placeholder \/-->","_et_gb_content_width":"","footnotes":""},"class_list":["post-4640","page","type-page","status-publish","hentry"],"yoast_head":"<!-- This site is optimized with the Yoast SEO plugin v27.3 - https:\/\/yoast.com\/product\/yoast-seo-wordpress\/ -->\n<title>Fillerbehandling - Bryne Medisinske Hudpleie<\/title>\n<meta name=\"robots\" content=\"index, follow, max-snippet:-1, max-image-preview:large, max-video-preview:-1\" \/>\n<link rel=\"canonical\" href=\"https:\/\/brynemedisinskehudpleie.no\/en\/treatment\/filler-treatment\/\" \/>\n<meta property=\"og:locale\" content=\"en_US\" \/>\n<meta property=\"og:type\" content=\"article\" \/>\n<meta property=\"og:title\" content=\"Fillerbehandling - Bryne Medisinske Hudpleie\" \/>\n<meta property=\"og:url\" content=\"https:\/\/brynemedisinskehudpleie.no\/en\/treatment\/filler-treatment\/\" \/>\n<meta property=\"og:site_name\" content=\"Bryne Medisinske Hudpleie\" \/>\n<meta property=\"article:modified_time\" content=\"2020-08-26T08:06:49+00:00\" \/>\n<meta name=\"twitter:card\" content=\"summary_large_image\" \/>\n<meta name=\"twitter:label1\" content=\"Est. reading time\" \/>\n\t<meta name=\"twitter:data1\" content=\"10 minutes\" \/>\n<script type=\"application\/ld+json\" class=\"yoast-schema-graph\">{\"@context\":\"https:\\\/\\\/schema.org\",\"@graph\":[{\"@type\":\"WebPage\",\"@id\":\"https:\\\/\\\/brynemedisinskehudpleie.no\\\/behandling\\\/fillerbehandling\\\/\",\"url\":\"https:\\\/\\\/brynemedisinskehudpleie.no\\\/behandling\\\/fillerbehandling\\\/\",\"name\":\"Fillerbehandling - Bryne Medisinske Hudpleie\",\"isPartOf\":{\"@id\":\"https:\\\/\\\/brynemedisinskehudpleie.no\\\/#website\"},\"datePublished\":\"2020-08-11T13:57:23+00:00\",\"dateModified\":\"2020-08-26T08:06:49+00:00\",\"breadcrumb\":{\"@id\":\"https:\\\/\\\/brynemedisinskehudpleie.no\\\/behandling\\\/fillerbehandling\\\/#breadcrumb\"},\"inLanguage\":\"en-US\",\"potentialAction\":[{\"@type\":\"ReadAction\",\"target\":[\"https:\\\/\\\/brynemedisinskehudpleie.no\\\/behandling\\\/fillerbehandling\\\/\"]}]},{\"@type\":\"BreadcrumbList\",\"@id\":\"https:\\\/\\\/brynemedisinskehudpleie.no\\\/behandling\\\/fillerbehandling\\\/#breadcrumb\",\"itemListElement\":[{\"@type\":\"ListItem\",\"position\":1,\"name\":\"Home\",\"item\":\"https:\\\/\\\/brynemedisinskehudpleie.no\\\/\"},{\"@type\":\"ListItem\",\"position\":2,\"name\":\"Behandling\",\"item\":\"https:\\\/\\\/brynemedisinskehudpleie.no\\\/behandling\\\/\"},{\"@type\":\"ListItem\",\"position\":3,\"name\":\"Fillerbehandling\"}]},{\"@type\":\"WebSite\",\"@id\":\"https:\\\/\\\/brynemedisinskehudpleie.no\\\/#website\",\"url\":\"https:\\\/\\\/brynemedisinskehudpleie.no\\\/\",\"name\":\"Bryne Medisinske Hudpleie\",\"description\":\"Kosmetisk-medisinske hudbehandlinger og veiledning\",\"potentialAction\":[{\"@type\":\"SearchAction\",\"target\":{\"@type\":\"EntryPoint\",\"urlTemplate\":\"https:\\\/\\\/brynemedisinskehudpleie.no\\\/?s={search_term_string}\"},\"query-input\":{\"@type\":\"PropertyValueSpecification\",\"valueRequired\":true,\"valueName\":\"search_term_string\"}}],\"inLanguage\":\"en-US\"}]}<\/script>\n<!-- \/ Yoast SEO plugin. -->","yoast_head_json":{"title":"Filler treatment - Bryne Medisinske Hudpleie","robots":{"index":"index","follow":"follow","max-snippet":"max-snippet:-1","max-image-preview":"max-image-preview:large","max-video-preview":"max-video-preview:-1"},"canonical":"https:\/\/brynemedisinskehudpleie.no\/en\/treatment\/filler-treatment\/","og_locale":"en_US","og_type":"article","og_title":"Fillerbehandling - Bryne Medisinske Hudpleie","og_url":"https:\/\/brynemedisinskehudpleie.no\/en\/treatment\/filler-treatment\/","og_site_name":"Bryne Medisinske Hudpleie","article_modified_time":"2020-08-26T08:06:49+00:00","twitter_card":"summary_large_image","twitter_misc":{"Est. reading time":"10 minutes"},"schema":{"@context":"https:\/\/schema.org","@graph":[{"@type":"WebPage","@id":"https:\/\/brynemedisinskehudpleie.no\/behandling\/fillerbehandling\/","url":"https:\/\/brynemedisinskehudpleie.no\/behandling\/fillerbehandling\/","name":"Filler treatment - Bryne Medisinske Hudpleie","isPartOf":{"@id":"https:\/\/brynemedisinskehudpleie.no\/#website"},"datePublished":"2020-08-11T13:57:23+00:00","dateModified":"2020-08-26T08:06:49+00:00","breadcrumb":{"@id":"https:\/\/brynemedisinskehudpleie.no\/behandling\/fillerbehandling\/#breadcrumb"},"inLanguage":"en-US","potentialAction":[{"@type":"ReadAction","target":["https:\/\/brynemedisinskehudpleie.no\/behandling\/fillerbehandling\/"]}]},{"@type":"BreadcrumbList","@id":"https:\/\/brynemedisinskehudpleie.no\/behandling\/fillerbehandling\/#breadcrumb","itemListElement":[{"@type":"ListItem","position":1,"name":"Home","item":"https:\/\/brynemedisinskehudpleie.no\/"},{"@type":"ListItem","position":2,"name":"Behandling","item":"https:\/\/brynemedisinskehudpleie.no\/behandling\/"},{"@type":"ListItem","position":3,"name":"Fillerbehandling"}]},{"@type":"WebSite","@id":"https:\/\/brynemedisinskehudpleie.no\/#website","url":"https:\/\/brynemedisinskehudpleie.no\/","name":"Bryne Medical Skin Care","description":"Cosmetic-medical skin treatments and guidance","potentialAction":[{"@type":"SearchAction","target":{"@type":"EntryPoint","urlTemplate":"https:\/\/brynemedisinskehudpleie.no\/?s={search_term_string}"},"query-input":{"@type":"PropertyValueSpecification","valueRequired":true,"valueName":"search_term_string"}}],"inLanguage":"en-US"}]}},"_links":{"self":[{"href":"https:\/\/brynemedisinskehudpleie.no\/en\/wp-json\/wp\/v2\/pages\/4640","targetHints":{"allow":["GET"]}}],"collection":[{"href":"https:\/\/brynemedisinskehudpleie.no\/en\/wp-json\/wp\/v2\/pages"}],"about":[{"href":"https:\/\/brynemedisinskehudpleie.no\/en\/wp-json\/wp\/v2\/types\/page"}],"author":[{"embeddable":true,"href":"https:\/\/brynemedisinskehudpleie.no\/en\/wp-json\/wp\/v2\/users\/1"}],"replies":[{"embeddable":true,"href":"https:\/\/brynemedisinskehudpleie.no\/en\/wp-json\/wp\/v2\/comments?post=4640"}],"version-history":[{"count":0,"href":"https:\/\/brynemedisinskehudpleie.no\/en\/wp-json\/wp\/v2\/pages\/4640\/revisions"}],"up":[{"embeddable":true,"href":"https:\/\/brynemedisinskehudpleie.no\/en\/wp-json\/wp\/v2\/pages\/4065"}],"wp:attachment":[{"href":"https:\/\/brynemedisinskehudpleie.no\/en\/wp-json\/wp\/v2\/media?parent=4640"}],"curies":[{"name":"wp","href":"https:\/\/api.w.org\/{rel}","templated":true}]}}