{"id":4075,"date":"2020-01-22T07:49:47","date_gmt":"2020-01-22T07:49:47","guid":{"rendered":"http:\/\/brynemedisinskehudpleie.no\/?page_id=4075"},"modified":"2021-09-05T05:58:08","modified_gmt":"2021-09-05T05:58:08","slug":"book-an-appointment","status":"publish","type":"page","link":"https:\/\/brynemedisinskehudpleie.no\/en\/bestille-time\/","title":{"rendered":"Book an appointment"},"content":{"rendered":"<p>[et_pb_section fb_built=&raquo;1&#8243; admin_label=&raquo;Video&raquo; _builder_version=&raquo;3.22&#8243; custom_padding=&raquo;0px|0px|0px|0px&raquo; locked=&raquo;off&raquo; global_colors_info=&raquo;{}&raquo;][et_pb_row column_structure=&raquo;1_2,1_2&#8243; use_custom_gutter=&raquo;on&raquo; gutter_width=&raquo;1&#8243; make_equal=&raquo;on&raquo; admin_label=&raquo;CTA Row&raquo; module_class=&raquo; et_pb_row_fullwidth&raquo; _builder_version=&raquo;4.2.1&#8243; width=&raquo;100%&raquo; width_tablet=&raquo;100%&raquo; width_phone=&raquo;&raquo; width_last_edited=&raquo;on|desktop&raquo; max_width=&raquo;100%&raquo; max_width_tablet=&raquo;100%&raquo; max_width_phone=&raquo;&raquo; max_width_last_edited=&raquo;on|desktop&raquo; custom_padding=&raquo;0px|0px|0px|0px&raquo; make_fullwidth=&raquo;on&raquo; locked=&raquo;off&raquo; global_colors_info=&raquo;{}&raquo;][et_pb_column type=&raquo;1_2&#8243; _builder_version=&raquo;4.2.1&#8243; background_image=&raquo;https:\/\/brynemedisinskehudpleie.no\/wp-content\/uploads\/2020\/01\/KLE_9983-resized.jpg&raquo; custom_padding=&raquo;|||&raquo; global_colors_info=&raquo;{}&raquo; custom_padding__hover=&raquo;|||&raquo;][et_pb_divider show_divider=&raquo;off&raquo; _builder_version=&raquo;4.2.1&#8243; height=&raquo;400px&raquo; locked=&raquo;off&raquo; global_colors_info=&raquo;{}&raquo;][\/et_pb_divider][\/et_pb_column][et_pb_column type=&raquo;1_2&#8243; _builder_version=&raquo;4.2.1&#8243; background_color=&raquo;rgba(0,0,0,0)&raquo; use_background_color_gradient=&raquo;on&raquo; background_color_gradient_start=&raquo;#00c6d1&#8243; background_color_gradient_end=&raquo;#0099b5&#8243; background_color_gradient_direction=&raquo;160deg&raquo; custom_padding=&raquo;|||&raquo; global_colors_info=&raquo;{}&raquo; custom_padding__hover=&raquo;|||&raquo;][et_pb_cta title=&raquo;Bestille time&raquo; button_url=&raquo;https:\/\/hudbryne.bestille.no&raquo; button_text=&raquo;Bestille time&raquo; _builder_version=&raquo;4.10.5&#8243; header_font=&raquo;Yeseva One||||||||&raquo; header_text_color=&raquo;#ffffff&raquo; header_font_size=&raquo;72px&raquo; header_line_height=&raquo;1.4em&raquo; body_font=&raquo;Montserrat|500|||||||&raquo; body_text_color=&raquo;rgba(255,255,255,0.5)&raquo; body_font_size=&raquo;16px&raquo; body_line_height=&raquo;1.9em&raquo; use_background_color=&raquo;off&raquo; custom_button=&raquo;on&raquo; button_text_size=&raquo;16px&raquo; button_text_color=&raquo;#ffffff&raquo; button_bg_color=&raquo;rgba(0,0,0,0.13)&raquo; button_border_width=&raquo;0px&raquo; button_border_color=&raquo;rgba(47,56,84,0)&raquo; button_border_radius=&raquo;60px&raquo; button_letter_spacing=&raquo;1px&raquo; button_font=&raquo;|700||on|||||&raquo; button_use_icon=&raquo;off&raquo; button_alignment=&raquo;left&raquo; button_custom_padding=&raquo;15px|30px|15px|30px|true|true&raquo; text_orientation=&raquo;left&raquo; max_width=&raquo;580px&raquo; max_width_tablet=&raquo;&raquo; max_width_phone=&raquo;&raquo; max_width_last_edited=&raquo;on|desktop&raquo; module_alignment=&raquo;left&raquo; custom_margin=&raquo;|||&raquo; custom_padding=&raquo;100px|60px|100px|60px&raquo; custom_padding_tablet=&raquo;60px||60px||true|false&raquo; custom_padding_phone=&raquo;40px||40px||true|false&raquo; custom_padding_last_edited=&raquo;on|phone&raquo; hover_enabled=&raquo;0&#8243; header_font_size_tablet=&raquo;42px&raquo; header_font_size_phone=&raquo;&raquo; header_font_size_last_edited=&raquo;on|tablet&raquo; button_text_color_hover=&raquo;#2f3854&#8243; button_border_radius_hover=&raquo;66px&raquo; button_letter_spacing_hover=&raquo;1px&raquo; button_bg_color_hover=&raquo;#ffffff&raquo; global_colors_info=&raquo;{}&raquo; button_text_size__hover_enabled=&raquo;off&raquo; button_one_text_size__hover_enabled=&raquo;off&raquo; button_two_text_size__hover_enabled=&raquo;off&raquo; button_text_color__hover_enabled=&raquo;off|desktop&raquo; button_text_color__hover=&raquo;#2f3854&#8243; button_one_text_color__hover_enabled=&raquo;off&raquo; button_two_text_color__hover_enabled=&raquo;off&raquo; button_border_width__hover_enabled=&raquo;off&raquo; button_one_border_width__hover_enabled=&raquo;off&raquo; button_two_border_width__hover_enabled=&raquo;off&raquo; button_border_color__hover_enabled=&raquo;off&raquo; button_one_border_color__hover_enabled=&raquo;off&raquo; button_two_border_color__hover_enabled=&raquo;off&raquo; button_border_radius__hover_enabled=&raquo;on&raquo; button_border_radius__hover=&raquo;66px&raquo; button_one_border_radius__hover_enabled=&raquo;off&raquo; button_two_border_radius__hover_enabled=&raquo;off&raquo; button_letter_spacing__hover_enabled=&raquo;on&raquo; button_letter_spacing__hover=&raquo;1px&raquo; button_one_letter_spacing__hover_enabled=&raquo;off&raquo; button_two_letter_spacing__hover_enabled=&raquo;off&raquo; button_bg_color__hover_enabled=&raquo;on|hover&raquo; button_bg_color__hover=&raquo;rgba(47,56,84,0.5)&raquo; button_one_bg_color__hover_enabled=&raquo;off&raquo; button_two_bg_color__hover_enabled=&raquo;off&raquo; sticky_enabled=&raquo;0&#8243;]<\/p>\n<p><span>Det er n\u00e5 mulig \u00e5 bestille time hos Bryne medisinske hudpleie via onlinebooking.<\/span><\/p>\n<p>[\/et_pb_cta][\/et_pb_column][\/et_pb_row][\/et_pb_section][et_pb_section fb_built=&raquo;1&#8243; admin_label=&raquo;Features&raquo; _builder_version=&raquo;4.2.1&#8243; custom_padding=&raquo;100px|0px|100px|0px|false|false&raquo; global_colors_info=&raquo;{}&raquo;][et_pb_row column_structure=&raquo;1_2,1_2&#8243; _builder_version=&raquo;3.25&#8243; global_colors_info=&raquo;{}&raquo;][et_pb_column type=&raquo;1_2&#8243; _builder_version=&raquo;3.25&#8243; custom_padding=&raquo;|||&raquo; global_colors_info=&raquo;{}&raquo; custom_padding__hover=&raquo;|||&raquo;][et_pb_image src=&raquo;https:\/\/brynemedisinskehudpleie.no\/wp-content\/uploads\/2020\/01\/shutterstock_1487551031-resized2.jpg&raquo; align_tablet=&raquo;center&raquo; align_phone=&raquo;&raquo; align_last_edited=&raquo;on|desktop&raquo; _builder_version=&raquo;4.2.1&#8243; animation_style=&raquo;slide&raquo; animation_direction=&raquo;right&raquo; animation_intensity_slide=&raquo;5%&raquo; global_colors_info=&raquo;{}&raquo;][\/et_pb_image][\/et_pb_column][et_pb_column type=&raquo;1_2&#8243; _builder_version=&raquo;3.25&#8243; custom_padding=&raquo;|||&raquo; global_colors_info=&raquo;{}&raquo; custom_padding__hover=&raquo;|||&raquo;][et_pb_cta title=&raquo;Du er i trygge hender hos oss&raquo; button_url=&raquo;@ET-DC@eyJkeW5hbWljIjp0cnVlLCJjb250ZW50IjoicG9zdF9saW5rX3VybF9wYWdlIiwic2V0dGluZ3MiOnsicG9zdF9pZCI6IjQwNDQifX0=@&raquo; button_text=&raquo;Les mer om meg&raquo; _builder_version=&raquo;4.5.8&#8243; _dynamic_attributes=&raquo;button_url&raquo; header_font=&raquo;Yeseva One||||||||&raquo; header_font_size=&raquo;45px&raquo; header_line_height=&raquo;1.4em&raquo; body_font=&raquo;Montserrat|500|||||||&raquo; body_text_color=&raquo;rgba(47,56,84,0.5)&raquo; body_font_size=&raquo;16px&raquo; body_line_height=&raquo;1.9em&raquo; use_background_color=&raquo;off&raquo; custom_button=&raquo;on&raquo; button_text_size=&raquo;16px&raquo; button_text_color=&raquo;#ffffff&raquo; button_bg_color=&raquo;#00c6d1&#8243; button_bg_use_color_gradient=&raquo;on&raquo; button_bg_color_gradient_start=&raquo;rgba(47,56,84,0.5)&raquo; button_bg_color_gradient_end=&raquo;rgba(0,0,0,0)&raquo; button_bg_color_gradient_direction=&raquo;120deg&raquo; button_border_width=&raquo;0px&raquo; button_border_color=&raquo;rgba(47,56,84,0)&raquo; button_border_radius=&raquo;60px&raquo; button_letter_spacing=&raquo;1px&raquo; button_font=&raquo;Montserrat|700||on|||||&raquo; button_use_icon=&raquo;off&raquo; button_alignment=&raquo;left&raquo; button_custom_padding=&raquo;15px|30px|15px|30px|true|true&raquo; text_orientation=&raquo;left&raquo; background_layout=&raquo;light&raquo; button_text_color_hover=&raquo;#ffffff&raquo; button_border_radius_hover=&raquo;66px&raquo; button_letter_spacing_hover=&raquo;1px&raquo; button_bg_color_hover=&raquo;#2f3854&#8243; global_colors_info=&raquo;{}&raquo; button_text_size__hover_enabled=&raquo;off&raquo; button_one_text_size__hover_enabled=&raquo;off&raquo; button_two_text_size__hover_enabled=&raquo;off&raquo; button_text_color__hover_enabled=&raquo;off|desktop&raquo; button_text_color__hover=&raquo;#ffffff&raquo; button_one_text_color__hover_enabled=&raquo;off&raquo; button_two_text_color__hover_enabled=&raquo;off&raquo; button_border_width__hover_enabled=&raquo;off&raquo; button_one_border_width__hover_enabled=&raquo;off&raquo; button_two_border_width__hover_enabled=&raquo;off&raquo; button_border_color__hover_enabled=&raquo;off&raquo; button_one_border_color__hover_enabled=&raquo;off&raquo; button_two_border_color__hover_enabled=&raquo;off&raquo; button_border_radius__hover_enabled=&raquo;off|desktop&raquo; button_border_radius__hover=&raquo;66px&raquo; button_one_border_radius__hover_enabled=&raquo;off&raquo; button_two_border_radius__hover_enabled=&raquo;off&raquo; button_letter_spacing__hover_enabled=&raquo;off|desktop&raquo; button_letter_spacing__hover=&raquo;1px&raquo; button_one_letter_spacing__hover_enabled=&raquo;off&raquo; button_two_letter_spacing__hover_enabled=&raquo;off&raquo; button_bg_color__hover_enabled=&raquo;on|desktop&raquo; button_bg_color__hover=&raquo;#0099b5&#8243; button_one_bg_color__hover_enabled=&raquo;off&raquo; button_two_bg_color__hover_enabled=&raquo;off&raquo; button_bg_enable_color__hover=&raquo;on&raquo;]<\/p>\n<p><span>Bryne medisinske hudpleie eies og drives av undertegnede, Monica H\u00e5land. Jeg er utdannet l\u00e6rer og sykepleier, og tok i 2015 videreutdanning i kosmetisk-dermatologisk sykepleie ved H\u00f8yskolen i S\u00f8r\u00f8st-Norge\/Senzieakademiet.<\/span><\/p>\n<p>[\/et_pb_cta][\/et_pb_column][\/et_pb_row][\/et_pb_section][et_pb_section fb_built=&raquo;1&#8243; admin_label=&raquo;Features&raquo; _builder_version=&raquo;3.22&#8243; custom_padding=&raquo;0px|0px|0px|0px&raquo; global_colors_info=&raquo;{}&raquo;][et_pb_row column_structure=&raquo;1_2,1_2&#8243; use_custom_gutter=&raquo;on&raquo; gutter_width=&raquo;1&#8243; make_equal=&raquo;on&raquo; admin_label=&raquo;CTA Row&raquo; module_class=&raquo; et_pb_row_fullwidth&raquo; _builder_version=&raquo;4.2.1&#8243; width=&raquo;100%&raquo; width_tablet=&raquo;100%&raquo; width_phone=&raquo;&raquo; width_last_edited=&raquo;on|desktop&raquo; max_width=&raquo;100%&raquo; max_width_tablet=&raquo;100%&raquo; max_width_phone=&raquo;&raquo; max_width_last_edited=&raquo;on|desktop&raquo; custom_padding=&raquo;0px|0px|0px|0px&raquo; make_fullwidth=&raquo;on&raquo; global_colors_info=&raquo;{}&raquo;][et_pb_column type=&raquo;1_2&#8243; _builder_version=&raquo;4.2.1&#8243; background_image=&raquo;https:\/\/brynemedisinskehudpleie.no\/wp-content\/uploads\/2020\/01\/KLE_0022-resized.jpg&raquo; custom_padding=&raquo;|||&raquo; global_colors_info=&raquo;{}&raquo; custom_padding__hover=&raquo;|||&raquo;][et_pb_divider show_divider=&raquo;off&raquo; _builder_version=&raquo;3.2&#8243; height=&raquo;400px&raquo; locked=&raquo;off&raquo; global_colors_info=&raquo;{}&raquo;][\/et_pb_divider][\/et_pb_column][et_pb_column type=&raquo;1_2&#8243; _builder_version=&raquo;4.2.1&#8243; background_color=&raquo;#324b4d&raquo; custom_padding=&raquo;|||&raquo; global_colors_info=&raquo;{}&raquo; custom_padding__hover=&raquo;|||&raquo;][et_pb_cta title=&raquo;Vi tilbyr flere typer behandlinger&raquo; button_url=&raquo;@ET-DC@eyJkeW5hbWljIjp0cnVlLCJjb250ZW50IjoicG9zdF9saW5rX3VybF9wYWdlIiwic2V0dGluZ3MiOnsicG9zdF9pZCI6IjQwNjUifX0=@&raquo; button_text=&raquo;Les mer&raquo; _builder_version=&raquo;4.5.8&#8243; _dynamic_attributes=&raquo;button_url&raquo; header_font=&raquo;Yeseva One||||||||&raquo; header_text_color=&raquo;#ffffff&raquo; header_font_size=&raquo;45px&raquo; header_line_height=&raquo;1.4em&raquo; body_font=&raquo;Montserrat|500|||||||&raquo; body_text_color=&raquo;rgba(255,255,255,0.5)&raquo; body_font_size=&raquo;16px&raquo; body_line_height=&raquo;1.9em&raquo; use_background_color=&raquo;off&raquo; custom_button=&raquo;on&raquo; button_text_size=&raquo;16px&raquo; button_text_color=&raquo;#ffffff&raquo; button_bg_color=&raquo;#00c6d1&#8243; button_bg_use_color_gradient=&raquo;on&raquo; button_bg_color_gradient_start=&raquo;rgba(47,56,84,0.5)&raquo; button_bg_color_gradient_end=&raquo;rgba(0,0,0,0)&raquo; button_bg_color_gradient_direction=&raquo;120deg&raquo; button_border_width=&raquo;0px&raquo; button_border_color=&raquo;rgba(47,56,84,0)&raquo; button_border_radius=&raquo;60px&raquo; button_letter_spacing=&raquo;1px&raquo; button_font=&raquo;Montserrat|700||on|||||&raquo; button_use_icon=&raquo;off&raquo; button_alignment=&raquo;left&raquo; button_custom_padding=&raquo;15px|30px|15px|30px|true|true&raquo; text_orientation=&raquo;left&raquo; max_width=&raquo;580px&raquo; max_width_tablet=&raquo;&raquo; max_width_phone=&raquo;&raquo; max_width_last_edited=&raquo;on|desktop&raquo; module_alignment=&raquo;left&raquo; custom_margin=&raquo;|||&raquo; custom_padding=&raquo;100px|60px|100px|60px&raquo; button_text_color_hover=&raquo;#2f3854&#8243; button_border_radius_hover=&raquo;66px&raquo; button_letter_spacing_hover=&raquo;1px&raquo; button_bg_color_hover=&raquo;#ffffff&raquo; global_colors_info=&raquo;{}&raquo; button_text_size__hover_enabled=&raquo;off&raquo; button_one_text_size__hover_enabled=&raquo;off&raquo; button_two_text_size__hover_enabled=&raquo;off&raquo; button_text_color__hover_enabled=&raquo;off|desktop&raquo; button_text_color__hover=&raquo;#324b4d&raquo; button_one_text_color__hover_enabled=&raquo;off&raquo; button_two_text_color__hover_enabled=&raquo;off&raquo; button_border_width__hover_enabled=&raquo;off&raquo; button_one_border_width__hover_enabled=&raquo;off&raquo; button_two_border_width__hover_enabled=&raquo;off&raquo; button_border_color__hover_enabled=&raquo;off&raquo; button_one_border_color__hover_enabled=&raquo;off&raquo; button_two_border_color__hover_enabled=&raquo;off&raquo; button_border_radius__hover_enabled=&raquo;off|hover&raquo; button_border_radius__hover=&raquo;66px&raquo; button_one_border_radius__hover_enabled=&raquo;off&raquo; button_two_border_radius__hover_enabled=&raquo;off&raquo; button_letter_spacing__hover_enabled=&raquo;off|hover&raquo; button_letter_spacing__hover=&raquo;1px&raquo; button_one_letter_spacing__hover_enabled=&raquo;off&raquo; button_two_letter_spacing__hover_enabled=&raquo;off&raquo; button_bg_color__hover_enabled=&raquo;on|hover&raquo; button_bg_color__hover=&raquo;#94b0b2&#8243; button_one_bg_color__hover_enabled=&raquo;off&raquo; button_two_bg_color__hover_enabled=&raquo;off&raquo; button_bg_enable_color__hover=&raquo;on&raquo;]<\/p>\n<p>Trenger du en konsultasjon for \u00e5 kartlegge hvilken behandling du trenger? Vet du allerede hva du \u00f8nsker? Ta en kikk p\u00e5 de ulike behandlingene vi tilbyr for \u00e5 lese mer detaljert informasjon om disse.<\/p>\n<p>[\/et_pb_cta][\/et_pb_column][\/et_pb_row][\/et_pb_section]<\/p>\n","protected":false},"excerpt":{"rendered":"<p>Det er n\u00e5 mulig \u00e5 bestille time hos Bryne medisinske hudpleie via onlinebooking.Bryne medisinske hudpleie eies og drives av undertegnede, Monica H\u00e5land. Jeg er utdannet l\u00e6rer og sykepleier, og tok i 2015 videreutdanning i kosmetisk-dermatologisk sykepleie ved H\u00f8yskolen i S\u00f8r\u00f8st-Norge\/Senzieakademiet.Trenger du en konsultasjon for \u00e5 kartlegge hvilken behandling du trenger? Vet du allerede hva du [&hellip;]<\/p>\n","protected":false},"author":1,"featured_media":0,"parent":0,"menu_order":0,"comment_status":"closed","ping_status":"closed","template":"","meta":{"_et_pb_use_builder":"on","_et_pb_old_content":"<!-- wp:divi\/placeholder \/-->","_et_gb_content_width":"","footnotes":""},"class_list":["post-4075","page","type-page","status-publish","hentry"],"yoast_head":"<!-- This site is optimized with the Yoast SEO plugin v27.3 - https:\/\/yoast.com\/product\/yoast-seo-wordpress\/ -->\n<title>Bestille time - Bryne Medisinske Hudpleie<\/title>\n<meta name=\"robots\" content=\"index, follow, max-snippet:-1, max-image-preview:large, max-video-preview:-1\" \/>\n<link rel=\"canonical\" href=\"https:\/\/brynemedisinskehudpleie.no\/en\/book-an-appointment\/\" \/>\n<meta property=\"og:locale\" content=\"en_US\" \/>\n<meta property=\"og:type\" content=\"article\" \/>\n<meta property=\"og:title\" content=\"Bestille time - Bryne Medisinske Hudpleie\" \/>\n<meta property=\"og:url\" content=\"https:\/\/brynemedisinskehudpleie.no\/en\/book-an-appointment\/\" \/>\n<meta property=\"og:site_name\" content=\"Bryne Medisinske Hudpleie\" \/>\n<meta property=\"article:modified_time\" content=\"2021-09-05T05:58:08+00:00\" \/>\n<meta name=\"twitter:card\" content=\"summary_large_image\" \/>\n<meta name=\"twitter:label1\" content=\"Est. reading time\" \/>\n\t<meta name=\"twitter:data1\" content=\"2 minutes\" \/>\n<script type=\"application\/ld+json\" class=\"yoast-schema-graph\">{\"@context\":\"https:\\\/\\\/schema.org\",\"@graph\":[{\"@type\":\"WebPage\",\"@id\":\"https:\\\/\\\/brynemedisinskehudpleie.no\\\/bestille-time\\\/\",\"url\":\"https:\\\/\\\/brynemedisinskehudpleie.no\\\/bestille-time\\\/\",\"name\":\"Bestille time - Bryne Medisinske Hudpleie\",\"isPartOf\":{\"@id\":\"https:\\\/\\\/brynemedisinskehudpleie.no\\\/#website\"},\"datePublished\":\"2020-01-22T07:49:47+00:00\",\"dateModified\":\"2021-09-05T05:58:08+00:00\",\"breadcrumb\":{\"@id\":\"https:\\\/\\\/brynemedisinskehudpleie.no\\\/bestille-time\\\/#breadcrumb\"},\"inLanguage\":\"en-US\",\"potentialAction\":[{\"@type\":\"ReadAction\",\"target\":[\"https:\\\/\\\/brynemedisinskehudpleie.no\\\/bestille-time\\\/\"]}]},{\"@type\":\"BreadcrumbList\",\"@id\":\"https:\\\/\\\/brynemedisinskehudpleie.no\\\/bestille-time\\\/#breadcrumb\",\"itemListElement\":[{\"@type\":\"ListItem\",\"position\":1,\"name\":\"Home\",\"item\":\"https:\\\/\\\/brynemedisinskehudpleie.no\\\/\"},{\"@type\":\"ListItem\",\"position\":2,\"name\":\"Bestille time\"}]},{\"@type\":\"WebSite\",\"@id\":\"https:\\\/\\\/brynemedisinskehudpleie.no\\\/#website\",\"url\":\"https:\\\/\\\/brynemedisinskehudpleie.no\\\/\",\"name\":\"Bryne Medisinske Hudpleie\",\"description\":\"Kosmetisk-medisinske hudbehandlinger og veiledning\",\"potentialAction\":[{\"@type\":\"SearchAction\",\"target\":{\"@type\":\"EntryPoint\",\"urlTemplate\":\"https:\\\/\\\/brynemedisinskehudpleie.no\\\/?s={search_term_string}\"},\"query-input\":{\"@type\":\"PropertyValueSpecification\",\"valueRequired\":true,\"valueName\":\"search_term_string\"}}],\"inLanguage\":\"en-US\"}]}<\/script>\n<!-- \/ Yoast SEO plugin. -->","yoast_head_json":{"title":"Book an appointment - Bryne Medisinske Hudpleie","robots":{"index":"index","follow":"follow","max-snippet":"max-snippet:-1","max-image-preview":"max-image-preview:large","max-video-preview":"max-video-preview:-1"},"canonical":"https:\/\/brynemedisinskehudpleie.no\/en\/book-an-appointment\/","og_locale":"en_US","og_type":"article","og_title":"Bestille time - Bryne Medisinske Hudpleie","og_url":"https:\/\/brynemedisinskehudpleie.no\/en\/book-an-appointment\/","og_site_name":"Bryne Medisinske Hudpleie","article_modified_time":"2021-09-05T05:58:08+00:00","twitter_card":"summary_large_image","twitter_misc":{"Est. reading time":"2 minutes"},"schema":{"@context":"https:\/\/schema.org","@graph":[{"@type":"WebPage","@id":"https:\/\/brynemedisinskehudpleie.no\/bestille-time\/","url":"https:\/\/brynemedisinskehudpleie.no\/bestille-time\/","name":"Book an appointment - Bryne Medisinske Hudpleie","isPartOf":{"@id":"https:\/\/brynemedisinskehudpleie.no\/#website"},"datePublished":"2020-01-22T07:49:47+00:00","dateModified":"2021-09-05T05:58:08+00:00","breadcrumb":{"@id":"https:\/\/brynemedisinskehudpleie.no\/bestille-time\/#breadcrumb"},"inLanguage":"en-US","potentialAction":[{"@type":"ReadAction","target":["https:\/\/brynemedisinskehudpleie.no\/bestille-time\/"]}]},{"@type":"BreadcrumbList","@id":"https:\/\/brynemedisinskehudpleie.no\/bestille-time\/#breadcrumb","itemListElement":[{"@type":"ListItem","position":1,"name":"Home","item":"https:\/\/brynemedisinskehudpleie.no\/"},{"@type":"ListItem","position":2,"name":"Bestille time"}]},{"@type":"WebSite","@id":"https:\/\/brynemedisinskehudpleie.no\/#website","url":"https:\/\/brynemedisinskehudpleie.no\/","name":"Bryne Medical Skin Care","description":"Cosmetic-medical skin treatments and guidance","potentialAction":[{"@type":"SearchAction","target":{"@type":"EntryPoint","urlTemplate":"https:\/\/brynemedisinskehudpleie.no\/?s={search_term_string}"},"query-input":{"@type":"PropertyValueSpecification","valueRequired":true,"valueName":"search_term_string"}}],"inLanguage":"en-US"}]}},"_links":{"self":[{"href":"https:\/\/brynemedisinskehudpleie.no\/en\/wp-json\/wp\/v2\/pages\/4075","targetHints":{"allow":["GET"]}}],"collection":[{"href":"https:\/\/brynemedisinskehudpleie.no\/en\/wp-json\/wp\/v2\/pages"}],"about":[{"href":"https:\/\/brynemedisinskehudpleie.no\/en\/wp-json\/wp\/v2\/types\/page"}],"author":[{"embeddable":true,"href":"https:\/\/brynemedisinskehudpleie.no\/en\/wp-json\/wp\/v2\/users\/1"}],"replies":[{"embeddable":true,"href":"https:\/\/brynemedisinskehudpleie.no\/en\/wp-json\/wp\/v2\/comments?post=4075"}],"version-history":[{"count":0,"href":"https:\/\/brynemedisinskehudpleie.no\/en\/wp-json\/wp\/v2\/pages\/4075\/revisions"}],"wp:attachment":[{"href":"https:\/\/brynemedisinskehudpleie.no\/en\/wp-json\/wp\/v2\/media?parent=4075"}],"curies":[{"name":"wp","href":"https:\/\/api.w.org\/{rel}","templated":true}]}}