{"id":4071,"date":"2020-01-22T07:49:26","date_gmt":"2020-01-22T07:49:26","guid":{"rendered":"http:\/\/brynemedisinskehudpleie.no\/?page_id=4071"},"modified":"2025-11-11T11:29:49","modified_gmt":"2025-11-11T10:29:49","slug":"products","status":"publish","type":"page","link":"https:\/\/brynemedisinskehudpleie.no\/en\/produkter\/","title":{"rendered":"Our products"},"content":{"rendered":"<p>[et_pb_section fb_built=&raquo;1&#8243; _builder_version=&raquo;4.16&#8243; custom_padding=&raquo;0px||0px||true|false&raquo; global_colors_info=&raquo;{}&raquo;][et_pb_row column_structure=&raquo;1_2,1_2&#8243; use_custom_gutter=&raquo;on&raquo; gutter_width=&raquo;1&#8243; make_equal=&raquo;on&raquo; admin_label=&raquo;CTA Row&raquo; module_class=&raquo; et_pb_row_fullwidth&raquo; _builder_version=&raquo;4.16&#8243; width=&raquo;100%&raquo; width_tablet=&raquo;100%&raquo; width_phone=&raquo;&raquo; width_last_edited=&raquo;on|desktop&raquo; max_width=&raquo;100%&raquo; max_width_tablet=&raquo;100%&raquo; max_width_phone=&raquo;&raquo; max_width_last_edited=&raquo;on|desktop&raquo; custom_padding=&raquo;0px|0px|0px|0px&raquo; make_fullwidth=&raquo;on&raquo; locked=&raquo;off&raquo; global_colors_info=&raquo;{}&raquo;][et_pb_column type=&raquo;1_2&#8243; _builder_version=&raquo;4.16&#8243; background_image=&raquo;https:\/\/brynemedisinskehudpleie.no\/wp-content\/uploads\/2020\/01\/KLE_9853-resized.jpg&raquo; custom_padding=&raquo;|||&raquo; global_colors_info=&raquo;{}&raquo; custom_padding__hover=&raquo;|||&raquo;][et_pb_divider show_divider=&raquo;off&raquo; _builder_version=&raquo;4.16&#8243; height=&raquo;400px&raquo; locked=&raquo;off&raquo; global_colors_info=&raquo;{}&raquo;][\/et_pb_divider][\/et_pb_column][et_pb_column type=&raquo;1_2&#8243; _builder_version=&raquo;4.16&#8243; background_color=&raquo;rgba(0,0,0,0)&raquo; use_background_color_gradient=&raquo;on&raquo; background_color_gradient_direction=&raquo;160deg&raquo; background_color_gradient_stops=&raquo;#00c6d1 0%|#0099b5 100%&raquo; background_color_gradient_start=&raquo;#00c6d1&#8243; background_color_gradient_end=&raquo;#0099b5&#8243; custom_padding=&raquo;|||&raquo; global_colors_info=&raquo;{}&raquo; custom_padding__hover=&raquo;|||&raquo;][et_pb_cta title=&raquo;Produkter&raquo; button_url=&raquo;#produkt-oversikt&raquo; button_text=&raquo;Se produkter&raquo; _builder_version=&raquo;4.27.4&#8243; header_font=&raquo;Yeseva One||||||||&raquo; header_text_color=&raquo;#ffffff&raquo; header_font_size=&raquo;72px&raquo; header_line_height=&raquo;1.4em&raquo; body_font=&raquo;Montserrat|500|||||||&raquo; body_text_color=&raquo;#ffffff&raquo; body_font_size=&raquo;16px&raquo; body_line_height=&raquo;1.9em&raquo; use_background_color=&raquo;off&raquo; custom_button=&raquo;on&raquo; button_text_size=&raquo;16px&raquo; button_text_color=&raquo;#ffffff&raquo; button_bg_color=&raquo;rgba(0,0,0,0.13)&raquo; button_border_width=&raquo;0px&raquo; button_border_color=&raquo;rgba(47,56,84,0)&raquo; button_border_radius=&raquo;60px&raquo; button_letter_spacing=&raquo;1px&raquo; button_font=&raquo;|700||on|||||&raquo; button_use_icon=&raquo;off&raquo; button_alignment=&raquo;left&raquo; button_custom_padding=&raquo;15px|30px|15px|30px|true|true&raquo; text_orientation=&raquo;left&raquo; max_width=&raquo;580px&raquo; max_width_tablet=&raquo;&raquo; max_width_phone=&raquo;&raquo; max_width_last_edited=&raquo;on|desktop&raquo; module_alignment=&raquo;left&raquo; custom_margin=&raquo;|||&raquo; custom_padding=&raquo;100px|60px|33px|60px||true&raquo; custom_padding_tablet=&raquo;60px||60px||true|false&raquo; custom_padding_phone=&raquo;40px||40px||true|false&raquo; custom_padding_last_edited=&raquo;on|phone&raquo; header_font_size_tablet=&raquo;42px&raquo; header_font_size_phone=&raquo;&raquo; header_font_size_last_edited=&raquo;on|tablet&raquo; button_text_color_hover=&raquo;#2f3854&#8243; button_border_radius_hover=&raquo;66px&raquo; button_letter_spacing_hover=&raquo;1px&raquo; button_bg_color_hover=&raquo;#ffffff&raquo; global_colors_info=&raquo;{}&raquo; button_text_size__hover_enabled=&raquo;off&raquo; button_one_text_size__hover_enabled=&raquo;off&raquo; button_two_text_size__hover_enabled=&raquo;off&raquo; button_text_color__hover_enabled=&raquo;off|desktop&raquo; button_text_color__hover=&raquo;#0099b5&#8243; button_one_text_color__hover_enabled=&raquo;off&raquo; button_two_text_color__hover_enabled=&raquo;off&raquo; button_border_width__hover_enabled=&raquo;off&raquo; button_one_border_width__hover_enabled=&raquo;off&raquo; button_two_border_width__hover_enabled=&raquo;off&raquo; button_border_color__hover_enabled=&raquo;off&raquo; button_one_border_color__hover_enabled=&raquo;off&raquo; button_two_border_color__hover_enabled=&raquo;off&raquo; button_border_radius__hover_enabled=&raquo;off|desktop&raquo; button_border_radius__hover=&raquo;66px&raquo; button_one_border_radius__hover_enabled=&raquo;off&raquo; button_two_border_radius__hover_enabled=&raquo;off&raquo; button_letter_spacing__hover_enabled=&raquo;off|desktop&raquo; button_letter_spacing__hover=&raquo;1px&raquo; button_one_letter_spacing__hover_enabled=&raquo;off&raquo; button_two_letter_spacing__hover_enabled=&raquo;off&raquo; button_bg_color__hover_enabled=&raquo;on|desktop&raquo; button_bg_color__hover=&raquo;rgba(47,56,84,0.5)&raquo; button_one_bg_color__hover_enabled=&raquo;off&raquo; button_two_bg_color__hover_enabled=&raquo;off&raquo;]<\/p>\n<p><span>Det finnes en jungel av ulike produkter p\u00e5 markedet idag. Som kunde kan man bli forvirret av all reklamen som lover det ene og det andre. Kanskje har man pr\u00f8vd mange ulike produkter uten \u00e5 bli forn\u00f8yd.<\/span><\/p>\n<p><span>Jeg \u00f8nsker \u00e5 tilby mine kunder produkter som har en dokumentert effekt p\u00e5 huden, og har valgt produkter ut fra mine fagkunnskaper om\u00a0 ingredienser\u00a0 og kosmetisk kjemi. Serien Environ er utviklet av den s\u00f8rafrikanske plastkirurgen og hudlegen Dr. Des Fernandes, som regnes som en av de fremste ekspertene i verden p\u00e5 dette feltet.\u00a0<\/span><\/p>\n<p><span>Environ sikrer\u00a0 huden det den trenger for \u00e5 komme i balanse, slik at den fremst\u00e5r sunn, vital og vakker gjennom hele livet.\u00a0<\/span><\/p>\n<p>[\/et_pb_cta][\/et_pb_column][\/et_pb_row][\/et_pb_section][et_pb_section fb_built=&raquo;1&#8243; admin_label=&raquo;Team&raquo; _builder_version=&raquo;4.16&#8243; background_color=&raquo;#324b4d&raquo; use_background_color_gradient=&raquo;on&raquo; background_color_gradient_direction=&raquo;160deg&raquo; background_color_gradient_stops=&raquo;rgba(47,56,84,0.4) 0%|rgba(0,0,0,0) 100%&raquo; background_color_gradient_start=&raquo;rgba(47,56,84,0.4)&raquo; background_color_gradient_end=&raquo;rgba(0,0,0,0)&raquo; custom_padding=&raquo;100px|0px|100px|0px&raquo; global_colors_info=&raquo;{}&raquo;][et_pb_row _builder_version=&raquo;4.16&#8243; global_colors_info=&raquo;{}&raquo;][et_pb_column type=&raquo;4_4&#8243; _builder_version=&raquo;4.16&#8243; custom_padding=&raquo;|||&raquo; global_colors_info=&raquo;{}&raquo; custom_padding__hover=&raquo;|||&raquo;][et_pb_image src=&raquo;https:\/\/brynemedisinskehudpleie.no\/wp-content\/uploads\/2020\/01\/ikon-kvinner-hud-100.png&raquo; align=&raquo;center&raquo; _builder_version=&raquo;4.16&#8243; global_colors_info=&raquo;{}&raquo;][\/et_pb_image][et_pb_text _builder_version=&raquo;4.16&#8243; text_font=&raquo;Montserrat|500|||||||&raquo; text_text_color=&raquo;rgba(255,255,255,0.5)&raquo; text_font_size=&raquo;16px&raquo; text_line_height=&raquo;1.9em&raquo; header_font=&raquo;||||||||&raquo; header_2_font=&raquo;Yeseva One||||||||&raquo; header_2_font_size=&raquo;50px&raquo; header_2_line_height=&raquo;1.3em&raquo; text_orientation=&raquo;center&raquo; background_layout=&raquo;dark&raquo; max_width=&raquo;700px&raquo; module_alignment=&raquo;center&raquo; header_2_font_size_tablet=&raquo;42px&raquo; header_2_font_size_phone=&raquo;&raquo; header_2_font_size_last_edited=&raquo;on|phone&raquo; global_colors_info=&raquo;{}&raquo;]<\/p>\n<h2><span>Bryne medisinske hudpleie har valgt kremserien Environ<\/span><\/h2>\n<p>[\/et_pb_text][\/et_pb_column][\/et_pb_row][et_pb_row column_structure=&raquo;1_2,1_2&#8243; _builder_version=&raquo;4.16&#8243; custom_padding=&raquo;27px|0px|50px|0px&raquo; global_colors_info=&raquo;{}&raquo;][et_pb_column type=&raquo;1_2&#8243; _builder_version=&raquo;4.16&#8243; custom_padding=&raquo;|||&raquo; global_colors_info=&raquo;{}&raquo; custom_padding__hover=&raquo;|||&raquo;][et_pb_text admin_label=&raquo;Paragraph&raquo; _builder_version=&raquo;4.16&#8243; text_font=&raquo;Montserrat|500|||||||&raquo; text_text_color=&raquo;rgba(255,255,255,0.5)&raquo; text_font_size=&raquo;16px&raquo; text_line_height=&raquo;1.9em&raquo; header_font=&raquo;||||||||&raquo; header_2_font=&raquo;Yeseva One||||||||&raquo; header_2_text_color=&raquo;#2f3854&#8243; header_2_font_size=&raquo;50px&raquo; header_2_line_height=&raquo;1.4em&raquo; header_3_font=&raquo;Montserrat|700|||||||&raquo; header_3_text_color=&raquo;rgba(255,255,255,0.8)&raquo; max_width=&raquo;700px&raquo; module_alignment=&raquo;center&raquo; global_colors_info=&raquo;{}&raquo;]<\/p>\n<p>Bryne medisinske hudpleie har valgt kremserien Environ, et valg tatt utifra hva disse produktene inneholder, hvordan de er framstilt og hva de f\u00f8lgelig kan utrette ift god hudhelse, som igjen gir en hud med gl\u00f8d, spenst og jevn hudtone- det vi forbinder med en vakker hud.<\/p>\n<h3>Serien er utviklet av den meget anerkjente plastikkirurgen Dr. Des Fernandes, produseres i S\u00f8r-Afrika og eksporteres til over 65 land.<\/h3>\n<p>Enn\u00e5 er det relativt nytt i Norge, selv om Environ var det f\u00f8rste hudpleiemerket som f\u00f8rst anerkjente A-vitaminets betydning for en sunn hud, lanserte og tok i bruk h\u00f8ye doser av vitamin A, C, E og antioksidanter i produktene sine.<\/p>\n<p>Serien har vunnet en rekke priser og utmerkelser for flere av produktene sine, er ikke testet p\u00e5 dyr, men p\u00e5 frivillige deltagere, og fremstilles med milj\u00f8bevisst perspektiv under strenge restriksjoner og f\u00f8lger standard med ISO 14001.<\/p>\n<h3>Environ kan brukes av alle aldre, alle hudtyper, fra helt lys til helt m\u00f8rk, b\u00e5de kvinner og menn.<\/h3>\n<p>Vitamin A er helt essensielt for en sunn hud- for normal celledifferensiering, for normal pigmentering, for hudens immunforsvar, for \u00f8kt kollagen og elastinproduksjon, for regulering av talgproduksjon- og Environ har utviklet sine produkter slik at huden f\u00e5r dekket behovet for A-vitamin, gjennom et s\u00e5kalt step-up system, hvor \u00a0huden gradvis vennes til h\u00f8yere doser og slik unng\u00e5r reaksjoner i form av r\u00f8d, irritert og flassende hud. Alle A-vitamin kremene til Environ inneholder medisinske doser A- vitamin.<\/p>\n<p>[\/et_pb_text][\/et_pb_column][et_pb_column type=&raquo;1_2&#8243; _builder_version=&raquo;4.16&#8243; custom_padding=&raquo;|||&raquo; global_colors_info=&raquo;{}&raquo; custom_padding__hover=&raquo;|||&raquo;][et_pb_text admin_label=&raquo;Paragraph&raquo; _builder_version=&raquo;4.16&#8243; text_font=&raquo;Montserrat|500|||||||&raquo; text_text_color=&raquo;rgba(255,255,255,0.5)&raquo; text_font_size=&raquo;16px&raquo; text_line_height=&raquo;1.9em&raquo; header_font=&raquo;||||||||&raquo; header_2_font=&raquo;Yeseva One||||||||&raquo; header_2_text_color=&raquo;#2f3854&#8243; header_2_font_size=&raquo;50px&raquo; header_2_line_height=&raquo;1.4em&raquo; header_3_font=&raquo;Montserrat|700|||||||&raquo; header_3_text_color=&raquo;rgba(255,255,255,0.8)&raquo; max_width=&raquo;700px&raquo; module_alignment=&raquo;center&raquo; global_colors_info=&raquo;{}&raquo;]<\/p>\n<h3>Mangel p\u00e5 vitamin A kan f\u00f8re til pigmenteringer, solskader, aldring i form av rynkete, slapp hud og tap av kollagen, og hudkreft- i de fleste tilfeller av hudkreft er det p\u00e5vist mangel p\u00e5 vitamin A.<\/h3>\n<p>Vitamin A er alts\u00e5 den viktigste ingrediensen i ethvert hudpleieprogram, men Environ inneholder selvf\u00f8lgelig ogs\u00e5 andre ingredienser som bidrar til en sunn hud. Vitamin C er viktig for kollagenproduksjon, forebygger pigmenteringer og UV-skader, og vitamin E beskytter cellemembranen og virker som naturlig konserveringsmiddel i produktene. Peptider reparerer og gjenoppbygger, og AHA og BHA syrer l\u00f8ser opp tilstopninger, peeler og fukter.<\/p>\n<h3><span>Antiksidanter i form av bl.a. green tea, rosemary leaf extract, resveratrol, honey bush extract og witch hazel stabiliserer frie radikaler og hindrer \u00f8deleggelse av celler.<\/span><\/h3>\n<p><span> Environ har alltid argumentert for bruk av moderat h\u00f8y SPF i kombinasjon med antioksidanter for optimal solbeskyttelse med minst mulig bruk av skadelige kjemikalier. Offisielle anbefalinger kommer n\u00e5 endelig etter, med anerkjennelsen at h\u00f8y faktor ikke er uproblematisk.<\/span><\/p>\n<p><span>Regelmessig bruk av Environ tilpasset kremprogram over tid vil f\u00f8re til sunn hudhelse, med en jevnere\u00a0klarere\u00a0hudtone, mer spenst, styrke og elastisitet. Kan med fordel kombineres med ulike behandlinger i klinikk for ytterligere forbedret effekt.<\/span><\/p>\n<p>[\/et_pb_text][\/et_pb_column][\/et_pb_row][\/et_pb_section][et_pb_section fb_built=&raquo;1&#8243; admin_label=&raquo;Features&raquo; _builder_version=&raquo;4.16&#8243; custom_padding=&raquo;0px|0px|0px|0px|false|false&raquo; locked=&raquo;off&raquo; global_colors_info=&raquo;{}&raquo;][et_pb_row column_structure=&raquo;1_2,1_2&#8243; use_custom_gutter=&raquo;on&raquo; gutter_width=&raquo;1&#8243; make_equal=&raquo;on&raquo; admin_label=&raquo;CTA Row&raquo; module_class=&raquo; et_pb_row_fullwidth&raquo; _builder_version=&raquo;4.16&#8243; width=&raquo;100%&raquo; width_tablet=&raquo;100%&raquo; width_phone=&raquo;&raquo; width_last_edited=&raquo;on|desktop&raquo; max_width=&raquo;100%&raquo; max_width_tablet=&raquo;100%&raquo; max_width_phone=&raquo;&raquo; max_width_last_edited=&raquo;on|desktop&raquo; custom_padding=&raquo;0px|0px|0px|0px|false|false&raquo; make_fullwidth=&raquo;on&raquo; global_colors_info=&raquo;{}&raquo;][et_pb_column type=&raquo;1_2&#8243; _builder_version=&raquo;4.16&#8243; custom_padding=&raquo;|||&raquo; global_colors_info=&raquo;{}&raquo; custom_padding__hover=&raquo;|||&raquo;][et_pb_cta _builder_version=&raquo;4.16&#8243; header_level=&raquo;h3&#8243; header_font=&raquo;Yeseva One||||||||&raquo; header_text_color=&raquo;#94b0b2&#8243; header_font_size=&raquo;45px&raquo; header_line_height=&raquo;1.3em&raquo; body_font=&raquo;Montserrat|500|||||||&raquo; body_text_color=&raquo;rgba(47,56,84,0.5)&raquo; body_font_size=&raquo;16px&raquo; body_line_height=&raquo;1.9em&raquo; use_background_color=&raquo;off&raquo; custom_button=&raquo;on&raquo; button_text_size=&raquo;16px&raquo; button_text_color=&raquo;#ffffff&raquo; button_bg_color=&raquo;#00c6d1&#8243; button_border_width=&raquo;10px&raquo; button_border_color=&raquo;rgba(47,56,84,0)&raquo; button_border_radius=&raquo;60px&raquo; button_letter_spacing=&raquo;1px&raquo; button_font=&raquo;Montserrat|700||on|||||&raquo; button_use_icon=&raquo;off&raquo; button_alignment=&raquo;left&raquo; text_orientation=&raquo;left&raquo; background_layout=&raquo;light&raquo; max_width=&raquo;580px&raquo; max_width_tablet=&raquo;&raquo; max_width_phone=&raquo;&raquo; max_width_last_edited=&raquo;on|desktop&raquo; module_alignment=&raquo;right&raquo; custom_padding=&raquo;100px|60px|100px|60px&raquo; button_bg_color_last_edited=&raquo;off|desktop&raquo; button_border_radius_hover=&raquo;66px&raquo; button_letter_spacing_hover=&raquo;1px&raquo; global_colors_info=&raquo;{}&raquo; button_text_size__hover_enabled=&raquo;off&raquo; button_one_text_size__hover_enabled=&raquo;off&raquo; button_two_text_size__hover_enabled=&raquo;off&raquo; button_text_color__hover_enabled=&raquo;off&raquo; button_one_text_color__hover_enabled=&raquo;off&raquo; button_two_text_color__hover_enabled=&raquo;off&raquo; button_border_width__hover_enabled=&raquo;off&raquo; button_one_border_width__hover_enabled=&raquo;off&raquo; button_two_border_width__hover_enabled=&raquo;off&raquo; button_border_color__hover_enabled=&raquo;off&raquo; button_one_border_color__hover_enabled=&raquo;off&raquo; button_two_border_color__hover_enabled=&raquo;off&raquo; button_border_radius__hover_enabled=&raquo;on&raquo; button_border_radius__hover=&raquo;66px&raquo; button_one_border_radius__hover_enabled=&raquo;off&raquo; button_two_border_radius__hover_enabled=&raquo;off&raquo; button_letter_spacing__hover_enabled=&raquo;on&raquo; button_letter_spacing__hover=&raquo;1px&raquo; button_one_letter_spacing__hover_enabled=&raquo;off&raquo; button_two_letter_spacing__hover_enabled=&raquo;off&raquo; button_bg_color__hover_enabled=&raquo;off&raquo; button_one_bg_color__hover_enabled=&raquo;off&raquo; button_two_bg_color__hover_enabled=&raquo;off&raquo;]<\/p>\n<p>Filosofien bak Environ var if\u00f8lge grunnleggeren Dr Des:<\/p>\n<h3><em>\u00abI wanted to make something that makes the skin actually BE better, not merely feel or appear better.\u00bb\u00a0<\/em><\/h3>\n<p>[\/et_pb_cta][\/et_pb_column][et_pb_column type=&raquo;1_2&#8243; _builder_version=&raquo;4.16&#8243; background_image=&raquo;https:\/\/brynemedisinskehudpleie.no\/wp-content\/uploads\/2020\/01\/KLE_9965-resized.jpg&raquo; custom_padding=&raquo;|||&raquo; global_colors_info=&raquo;{}&raquo; custom_padding__hover=&raquo;|||&raquo;][et_pb_divider show_divider=&raquo;off&raquo; _builder_version=&raquo;4.16&#8243; height=&raquo;400px&raquo; global_colors_info=&raquo;{}&raquo;][\/et_pb_divider][\/et_pb_column][\/et_pb_row][\/et_pb_section][et_pb_section fb_built=&raquo;1&#8243; admin_label=&raquo;Products&raquo; _builder_version=&raquo;4.27.4&#8243; _module_preset=&raquo;default&raquo; hover_enabled=&raquo;0&#8243; global_colors_info=&raquo;{}&raquo; background_color=&raquo;#f5f5f5&#8243; sticky_enabled=&raquo;0&#8243; custom_padding=&raquo;80px||80px||true|false&raquo;][et_pb_row module_id=&raquo;produkt-oversikt&raquo; _builder_version=&raquo;4.27.4&#8243; _module_preset=&raquo;default&raquo; hover_enabled=&raquo;0&#8243; global_colors_info=&raquo;{}&raquo; background_color=&raquo;RGBA(255,255,255,0.5)&raquo; custom_padding=&raquo;30px|30px|30px|30px|true|true&raquo; border_radii=&raquo;on|18px|18px|18px|18px&raquo; sticky_enabled=&raquo;0&#8243; box_shadow_style=&raquo;preset1&#8243; box_shadow_color=&raquo;rgba(0,0,0,0.05)&raquo;][et_pb_column type=&raquo;4_4&#8243; _builder_version=&raquo;4.27.4&#8243; _module_preset=&raquo;default&raquo; global_colors_info=&raquo;{}&raquo;][et_pb_text _builder_version=&raquo;4.27.4&#8243; text_font=&raquo;Montserrat|500|||||||&raquo; text_text_color=&raquo;rgba(255,255,255,0.5)&raquo; text_font_size=&raquo;16px&raquo; text_line_height=&raquo;1.9em&raquo; header_font=&raquo;||||||||&raquo; header_2_font=&raquo;Yeseva One||||||||&raquo; header_2_font_size=&raquo;50px&raquo; header_2_line_height=&raquo;1.3em&raquo; header_3_text_color=&raquo;#324B4D&raquo; header_3_font_size=&raquo;36px&raquo; text_orientation=&raquo;center&raquo; background_layout=&raquo;dark&raquo; max_width=&raquo;700px&raquo; module_alignment=&raquo;left&raquo; custom_margin=&raquo;||||false|false&raquo; header_2_font_size_tablet=&raquo;42px&raquo; header_2_font_size_phone=&raquo;&raquo; header_2_font_size_last_edited=&raquo;on|phone&raquo; global_colors_info=&raquo;{}&raquo;]<\/p>\n<h3 style=\"text-align: left;\"><span>Utvalgte produkter<\/span><\/h3>\n<p>[\/et_pb_text][wopb_productx_template templates=&raquo;5617&#8243; _builder_version=&raquo;4.27.4&#8243; _module_preset=&raquo;default&raquo; custom_margin=&raquo;||||false|false&raquo; global_colors_info=&raquo;{}&raquo;][\/wopb_productx_template][\/et_pb_column][\/et_pb_row][\/et_pb_section]<\/p>\n","protected":false},"excerpt":{"rendered":"<p>Det finnes en jungel av ulike produkter p\u00e5 markedet idag. Som kunde kan man bli forvirret av all reklamen som lover det ene og det andre. Kanskje har man pr\u00f8vd mange ulike produkter uten \u00e5 bli forn\u00f8yd. Jeg \u00f8nsker \u00e5 tilby mine kunder produkter som har en dokumentert effekt p\u00e5 huden, og har valgt produkter [&hellip;]<\/p>\n","protected":false},"author":1,"featured_media":0,"parent":0,"menu_order":0,"comment_status":"closed","ping_status":"closed","template":"","meta":{"_et_pb_use_builder":"on","_et_pb_old_content":"<!-- wp:divi\/placeholder \/-->","_et_gb_content_width":"","footnotes":""},"class_list":["post-4071","page","type-page","status-publish","hentry"],"yoast_head":"<!-- This site is optimized with the Yoast SEO plugin v27.3 - https:\/\/yoast.com\/product\/yoast-seo-wordpress\/ -->\n<title>Produkter - Bryne Medisinske Hudpleie<\/title>\n<meta name=\"robots\" content=\"index, follow, max-snippet:-1, max-image-preview:large, max-video-preview:-1\" \/>\n<link rel=\"canonical\" href=\"https:\/\/brynemedisinskehudpleie.no\/en\/products\/\" \/>\n<meta property=\"og:locale\" content=\"en_US\" \/>\n<meta property=\"og:type\" content=\"article\" \/>\n<meta property=\"og:title\" content=\"Produkter - Bryne Medisinske Hudpleie\" \/>\n<meta property=\"og:url\" content=\"https:\/\/brynemedisinskehudpleie.no\/en\/products\/\" \/>\n<meta property=\"og:site_name\" content=\"Bryne Medisinske Hudpleie\" \/>\n<meta property=\"article:modified_time\" content=\"2025-11-11T10:29:49+00:00\" \/>\n<meta name=\"twitter:card\" content=\"summary_large_image\" \/>\n<meta name=\"twitter:label1\" content=\"Est. reading time\" \/>\n\t<meta name=\"twitter:data1\" content=\"11 minutes\" \/>\n<script type=\"application\/ld+json\" class=\"yoast-schema-graph\">{\"@context\":\"https:\\\/\\\/schema.org\",\"@graph\":[{\"@type\":\"WebPage\",\"@id\":\"https:\\\/\\\/brynemedisinskehudpleie.no\\\/produkter\\\/\",\"url\":\"https:\\\/\\\/brynemedisinskehudpleie.no\\\/produkter\\\/\",\"name\":\"Produkter - Bryne Medisinske Hudpleie\",\"isPartOf\":{\"@id\":\"https:\\\/\\\/brynemedisinskehudpleie.no\\\/#website\"},\"datePublished\":\"2020-01-22T07:49:26+00:00\",\"dateModified\":\"2025-11-11T10:29:49+00:00\",\"breadcrumb\":{\"@id\":\"https:\\\/\\\/brynemedisinskehudpleie.no\\\/produkter\\\/#breadcrumb\"},\"inLanguage\":\"en-US\",\"potentialAction\":[{\"@type\":\"ReadAction\",\"target\":[\"https:\\\/\\\/brynemedisinskehudpleie.no\\\/produkter\\\/\"]}]},{\"@type\":\"BreadcrumbList\",\"@id\":\"https:\\\/\\\/brynemedisinskehudpleie.no\\\/produkter\\\/#breadcrumb\",\"itemListElement\":[{\"@type\":\"ListItem\",\"position\":1,\"name\":\"Home\",\"item\":\"https:\\\/\\\/brynemedisinskehudpleie.no\\\/\"},{\"@type\":\"ListItem\",\"position\":2,\"name\":\"Produkter\"}]},{\"@type\":\"WebSite\",\"@id\":\"https:\\\/\\\/brynemedisinskehudpleie.no\\\/#website\",\"url\":\"https:\\\/\\\/brynemedisinskehudpleie.no\\\/\",\"name\":\"Bryne Medisinske Hudpleie\",\"description\":\"Kosmetisk-medisinske hudbehandlinger og veiledning\",\"potentialAction\":[{\"@type\":\"SearchAction\",\"target\":{\"@type\":\"EntryPoint\",\"urlTemplate\":\"https:\\\/\\\/brynemedisinskehudpleie.no\\\/?s={search_term_string}\"},\"query-input\":{\"@type\":\"PropertyValueSpecification\",\"valueRequired\":true,\"valueName\":\"search_term_string\"}}],\"inLanguage\":\"en-US\"}]}<\/script>\n<!-- \/ Yoast SEO plugin. -->","yoast_head_json":{"title":"Products - Bryne Medical Skin Care","robots":{"index":"index","follow":"follow","max-snippet":"max-snippet:-1","max-image-preview":"max-image-preview:large","max-video-preview":"max-video-preview:-1"},"canonical":"https:\/\/brynemedisinskehudpleie.no\/en\/products\/","og_locale":"en_US","og_type":"article","og_title":"Produkter - Bryne Medisinske Hudpleie","og_url":"https:\/\/brynemedisinskehudpleie.no\/en\/products\/","og_site_name":"Bryne Medisinske Hudpleie","article_modified_time":"2025-11-11T10:29:49+00:00","twitter_card":"summary_large_image","twitter_misc":{"Est. reading time":"11 minutes"},"schema":{"@context":"https:\/\/schema.org","@graph":[{"@type":"WebPage","@id":"https:\/\/brynemedisinskehudpleie.no\/produkter\/","url":"https:\/\/brynemedisinskehudpleie.no\/produkter\/","name":"Products - Bryne Medical Skin Care","isPartOf":{"@id":"https:\/\/brynemedisinskehudpleie.no\/#website"},"datePublished":"2020-01-22T07:49:26+00:00","dateModified":"2025-11-11T10:29:49+00:00","breadcrumb":{"@id":"https:\/\/brynemedisinskehudpleie.no\/produkter\/#breadcrumb"},"inLanguage":"en-US","potentialAction":[{"@type":"ReadAction","target":["https:\/\/brynemedisinskehudpleie.no\/produkter\/"]}]},{"@type":"BreadcrumbList","@id":"https:\/\/brynemedisinskehudpleie.no\/produkter\/#breadcrumb","itemListElement":[{"@type":"ListItem","position":1,"name":"Home","item":"https:\/\/brynemedisinskehudpleie.no\/"},{"@type":"ListItem","position":2,"name":"Produkter"}]},{"@type":"WebSite","@id":"https:\/\/brynemedisinskehudpleie.no\/#website","url":"https:\/\/brynemedisinskehudpleie.no\/","name":"Bryne Medical Skin Care","description":"Cosmetic-medical skin treatments and guidance","potentialAction":[{"@type":"SearchAction","target":{"@type":"EntryPoint","urlTemplate":"https:\/\/brynemedisinskehudpleie.no\/?s={search_term_string}"},"query-input":{"@type":"PropertyValueSpecification","valueRequired":true,"valueName":"search_term_string"}}],"inLanguage":"en-US"}]}},"_links":{"self":[{"href":"https:\/\/brynemedisinskehudpleie.no\/en\/wp-json\/wp\/v2\/pages\/4071","targetHints":{"allow":["GET"]}}],"collection":[{"href":"https:\/\/brynemedisinskehudpleie.no\/en\/wp-json\/wp\/v2\/pages"}],"about":[{"href":"https:\/\/brynemedisinskehudpleie.no\/en\/wp-json\/wp\/v2\/types\/page"}],"author":[{"embeddable":true,"href":"https:\/\/brynemedisinskehudpleie.no\/en\/wp-json\/wp\/v2\/users\/1"}],"replies":[{"embeddable":true,"href":"https:\/\/brynemedisinskehudpleie.no\/en\/wp-json\/wp\/v2\/comments?post=4071"}],"version-history":[{"count":0,"href":"https:\/\/brynemedisinskehudpleie.no\/en\/wp-json\/wp\/v2\/pages\/4071\/revisions"}],"wp:attachment":[{"href":"https:\/\/brynemedisinskehudpleie.no\/en\/wp-json\/wp\/v2\/media?parent=4071"}],"curies":[{"name":"wp","href":"https:\/\/api.w.org\/{rel}","templated":true}]}}