{"id":4069,"date":"2020-01-22T07:49:10","date_gmt":"2020-01-22T07:49:10","guid":{"rendered":"http:\/\/brynemedisinskehudpleie.no\/?page_id=4069"},"modified":"2020-08-17T18:33:27","modified_gmt":"2020-08-17T18:33:27","slug":"chemical-peel-tca","status":"publish","type":"page","link":"https:\/\/brynemedisinskehudpleie.no\/en\/behandling\/kjemisk-peel-tca\/","title":{"rendered":"Chemical peel\/TCA"},"content":{"rendered":"<p>[et_pb_section fb_built=&raquo;1&#8243; _builder_version=&raquo;4.2.1&#8243; custom_padding=&raquo;0px||0px||true|false&raquo;][et_pb_row column_structure=&raquo;1_2,1_2&#8243; use_custom_gutter=&raquo;on&raquo; gutter_width=&raquo;1&#8243; make_equal=&raquo;on&raquo; admin_label=&raquo;CTA Row&raquo; module_class=&raquo; et_pb_row_fullwidth&raquo; _builder_version=&raquo;4.2.1&#8243; width=&raquo;100%&raquo; width_tablet=&raquo;100%&raquo; width_phone=&raquo;&raquo; width_last_edited=&raquo;on|desktop&raquo; max_width=&raquo;100%&raquo; max_width_tablet=&raquo;100%&raquo; max_width_phone=&raquo;&raquo; max_width_last_edited=&raquo;on|desktop&raquo; custom_padding=&raquo;0px|0px|0px|0px&raquo; make_fullwidth=&raquo;on&raquo; locked=&raquo;off&raquo;][et_pb_column type=&raquo;1_2&#8243; _builder_version=&raquo;4.2.1&#8243; background_image=&raquo;https:\/\/brynemedisinskehudpleie.no\/wp-content\/uploads\/2020\/01\/KLE_9927-resized.jpg&raquo; custom_padding=&raquo;|||&raquo; custom_padding__hover=&raquo;|||&raquo;][et_pb_divider show_divider=&raquo;off&raquo; _builder_version=&raquo;4.2.1&#8243; height=&raquo;400px&raquo; locked=&raquo;off&raquo;][\/et_pb_divider][\/et_pb_column][et_pb_column type=&raquo;1_2&#8243; _builder_version=&raquo;4.2.1&#8243; background_color=&raquo;rgba(0,0,0,0)&raquo; use_background_color_gradient=&raquo;on&raquo; background_color_gradient_start=&raquo;#00c6d1&#8243; background_color_gradient_end=&raquo;#0099b5&#8243; background_color_gradient_direction=&raquo;160deg&raquo; custom_padding=&raquo;|||&raquo; custom_padding__hover=&raquo;|||&raquo;][et_pb_cta title=&raquo;Medisinsk TCA peeling&raquo; button_url=&raquo;\/priser\/&raquo; button_text=&raquo;Priser&raquo; _builder_version=&raquo;4.2.1&#8243; header_font=&raquo;Yeseva One||||||||&raquo; header_text_color=&raquo;#ffffff&raquo; header_font_size=&raquo;72px&raquo; header_line_height=&raquo;1.4em&raquo; body_font=&raquo;Montserrat|500|||||||&raquo; body_text_color=&raquo;rgba(255,255,255,0.5)&raquo; body_font_size=&raquo;16px&raquo; body_line_height=&raquo;1.9em&raquo; use_background_color=&raquo;off&raquo; custom_button=&raquo;on&raquo; button_text_size=&raquo;16px&raquo; button_text_color=&raquo;#ffffff&raquo; button_bg_color=&raquo;rgba(0,0,0,0.13)&raquo; button_border_width=&raquo;0px&raquo; button_border_color=&raquo;rgba(47,56,84,0)&raquo; button_border_radius=&raquo;60px&raquo; button_letter_spacing=&raquo;1px&raquo; button_font=&raquo;|700||on|||||&raquo; button_use_icon=&raquo;off&raquo; button_alignment=&raquo;left&raquo; button_custom_padding=&raquo;15px|30px|15px|30px|true|true&raquo; text_orientation=&raquo;left&raquo; max_width=&raquo;580px&raquo; max_width_tablet=&raquo;&raquo; max_width_phone=&raquo;&raquo; max_width_last_edited=&raquo;on|desktop&raquo; module_alignment=&raquo;left&raquo; custom_margin=&raquo;|||&raquo; custom_padding=&raquo;100px|60px|100px|60px&raquo; custom_padding_tablet=&raquo;60px||60px||true|false&raquo; custom_padding_phone=&raquo;40px||40px||true|false&raquo; custom_padding_last_edited=&raquo;on|phone&raquo; header_font_size_tablet=&raquo;42px&raquo; header_font_size_phone=&raquo;&raquo; header_font_size_last_edited=&raquo;on|tablet&raquo; button_text_color_hover=&raquo;#2f3854&#8243; button_border_radius_hover=&raquo;66px&raquo; button_letter_spacing_hover=&raquo;1px&raquo; button_bg_color_hover=&raquo;#ffffff&raquo; button_text_size__hover_enabled=&raquo;off&raquo; button_one_text_size__hover_enabled=&raquo;off&raquo; button_two_text_size__hover_enabled=&raquo;off&raquo; button_text_color__hover_enabled=&raquo;off|desktop&raquo; button_text_color__hover=&raquo;#2f3854&#8243; button_one_text_color__hover_enabled=&raquo;off&raquo; button_two_text_color__hover_enabled=&raquo;off&raquo; button_border_width__hover_enabled=&raquo;off&raquo; button_one_border_width__hover_enabled=&raquo;off&raquo; button_two_border_width__hover_enabled=&raquo;off&raquo; button_border_color__hover_enabled=&raquo;off&raquo; button_one_border_color__hover_enabled=&raquo;off&raquo; button_two_border_color__hover_enabled=&raquo;off&raquo; button_border_radius__hover_enabled=&raquo;off|hover&raquo; button_border_radius__hover=&raquo;66px&raquo; button_one_border_radius__hover_enabled=&raquo;off&raquo; button_two_border_radius__hover_enabled=&raquo;off&raquo; button_letter_spacing__hover_enabled=&raquo;off|hover&raquo; button_letter_spacing__hover=&raquo;1px&raquo; button_one_letter_spacing__hover_enabled=&raquo;off&raquo; button_two_letter_spacing__hover_enabled=&raquo;off&raquo; button_bg_color__hover_enabled=&raquo;on|hover&raquo; button_bg_color__hover=&raquo;rgba(47,56,84,0.5)&raquo; button_one_bg_color__hover_enabled=&raquo;off&raquo; button_two_bg_color__hover_enabled=&raquo;off&raquo;]<\/p>\n<p><span>Som sertifisert Environ behandler tilbyr jeg Environ sine cool peelinger, utviklet gjennom forskning, som behandler, beskytter og pleier huden, samtidig som de er sk\u00e5nsomme men effektive. Disse syrene kan tilpasses alle hudtyper og alle aldre, fra den mest sensitive til den mer grove robuste huden.\u00a0<\/span><\/p>\n<p>[\/et_pb_cta][\/et_pb_column][\/et_pb_row][\/et_pb_section][et_pb_section fb_built=&raquo;1&#8243; admin_label=&raquo;Team&raquo; _builder_version=&raquo;4.2.1&#8243; background_color=&raquo;#324b4d&raquo; use_background_color_gradient=&raquo;on&raquo; background_color_gradient_start=&raquo;rgba(47,56,84,0.4)&raquo; background_color_gradient_end=&raquo;rgba(0,0,0,0)&raquo; background_color_gradient_direction=&raquo;160deg&raquo; custom_padding=&raquo;100px|0px|100px|0px&raquo;][et_pb_row _builder_version=&raquo;3.25&#8243;][et_pb_column type=&raquo;4_4&#8243; _builder_version=&raquo;3.25&#8243; custom_padding=&raquo;|||&raquo; custom_padding__hover=&raquo;|||&raquo;][et_pb_image src=&raquo;https:\/\/brynemedisinskehudpleie.no\/wp-content\/uploads\/2020\/01\/ikon-kjemisk-peel-kvinner-100.png&raquo; align=&raquo;center&raquo; _builder_version=&raquo;4.2.1&#8243;][\/et_pb_image][et_pb_text _builder_version=&raquo;4.2.1&#8243; text_font=&raquo;Montserrat|500|||||||&raquo; text_text_color=&raquo;rgba(255,255,255,0.5)&raquo; text_font_size=&raquo;16px&raquo; text_line_height=&raquo;1.9em&raquo; header_font=&raquo;||||||||&raquo; header_2_font=&raquo;Yeseva One||||||||&raquo; header_2_font_size=&raquo;50px&raquo; header_2_line_height=&raquo;1.3em&raquo; text_orientation=&raquo;center&raquo; background_layout=&raquo;dark&raquo; max_width=&raquo;700px&raquo; module_alignment=&raquo;center&raquo; header_2_font_size_tablet=&raquo;42px&raquo; header_2_font_size_phone=&raquo;&raquo; header_2_font_size_last_edited=&raquo;on|phone&raquo;]<\/p>\n<h2><span>Det finnes en rekke ulike substanser til bruk for kjemisk peel av huden.<\/span><\/h2>\n<p>[\/et_pb_text][\/et_pb_column][\/et_pb_row][et_pb_row column_structure=&raquo;1_2,1_2&#8243; _builder_version=&raquo;4.2.1&#8243; custom_padding=&raquo;27px|0px|50px|0px&raquo;][et_pb_column type=&raquo;1_2&#8243; _builder_version=&raquo;3.25&#8243; custom_padding=&raquo;|||&raquo; custom_padding__hover=&raquo;|||&raquo;][et_pb_text admin_label=&raquo;Paragraph&raquo; _builder_version=&raquo;4.2.1&#8243; text_font=&raquo;Montserrat|500|||||||&raquo; text_text_color=&raquo;rgba(255,255,255,0.5)&raquo; text_font_size=&raquo;16px&raquo; text_line_height=&raquo;1.9em&raquo; header_font=&raquo;||||||||&raquo; header_2_font=&raquo;Yeseva One||||||||&raquo; header_2_text_color=&raquo;#2f3854&#8243; header_2_font_size=&raquo;50px&raquo; header_2_line_height=&raquo;1.4em&raquo; header_3_font=&raquo;Montserrat|700|||||||&raquo; header_3_text_color=&raquo;rgba(255,255,255,0.8)&raquo; max_width=&raquo;700px&raquo; module_alignment=&raquo;center&raquo;]<\/p>\n<p><strong>TCA,<\/strong><span>\u00a0<\/span>Trikloreddiksyre, er en syntetisk framstilt syre, som gj\u00f8r den<span>\u00a0<\/span><strong>sv\u00e6rt trygg<\/strong><span>\u00a0<\/span>i bruk. Allergiske reaksjoner eller alvorlige medisinske komplikasjoner har aldri blitt beskrevet.<\/p>\n<p>Mekanismen bak en kjemisk peel er oppl\u00f8sning av bindingene som holder cellene i huden sammen. Alt etter styrke og virketid vil syren virke p\u00e5 ulike lag \u00a0og ulike celler i huden.<\/p>\n<h3>Environ har utviklet et<span>\u00a0<\/span><strong>TCA Cool Peel System. <\/strong><\/h3>\n<p>Det unike med dette systemet er hvordan syren \u00a0er fremstilt- \u00a0i tykk krem- eller gel-form , noe som gj\u00f8r den enkel \u00e5 p\u00e5f\u00f8re, og gir<span>\u00a0<\/span><strong>god kontroll<\/strong><span>\u00a0<\/span>under selve peeling-prosedyren, med \u00a0p\u00e5f\u00f8ring av \u00a0flere lag etter vurdering.<\/p>\n<p>[\/et_pb_text][\/et_pb_column][et_pb_column type=&raquo;1_2&#8243; _builder_version=&raquo;3.25&#8243; custom_padding=&raquo;|||&raquo; custom_padding__hover=&raquo;|||&raquo;][et_pb_text admin_label=&raquo;Paragraph&raquo; _builder_version=&raquo;4.2.1&#8243; text_font=&raquo;Montserrat|500|||||||&raquo; text_text_color=&raquo;rgba(255,255,255,0.5)&raquo; text_font_size=&raquo;16px&raquo; text_line_height=&raquo;1.9em&raquo; header_font=&raquo;||||||||&raquo; header_2_font=&raquo;Yeseva One||||||||&raquo; header_2_text_color=&raquo;#2f3854&#8243; header_2_font_size=&raquo;50px&raquo; header_2_line_height=&raquo;1.4em&raquo; header_3_font=&raquo;Montserrat|700|||||||&raquo; header_3_text_color=&raquo;rgba(255,255,255,0.8)&raquo; max_width=&raquo;700px&raquo; module_alignment=&raquo;center&raquo;]<\/p>\n<p>Filosofien er mildere og oftere peelinger heller enn dypere og hardere for et bedre, tryggere resultat. Det unike med Environ sitt peeling system er formuleringen og kombinasjonen av lav pH og lav prosent, som ivaretar s\u00e5 mye som mulig av friske hudceller i overhuden samtidig som det oppn\u00e5s en effektiv konsentrasjon dypere ned i huden, og kollagenproduserende celler stimuleres gjennom frigj\u00f8ring av vekstfaktorer.<\/p>\n<h3>Peelingsystemet kan tilpasses alle hudtyper og hudfarger, er kj\u00f8lig og smertefri.<\/h3>\n<p>For lette peelinger er det ingen nedetid, huden f\u00e5r mer gl\u00f8d og virker antiinflammatorisk p\u00e5 rosacea\/aknehud. For dypere peel vil huden flasse noen dager etterp\u00e5.<\/p>\n<p><span>En kur med penslinger vil forbedre hudstruktur og aldringstegn,\u00a0og\u00a0vil hjelpe p\u00e5 aknehud ettersom den er bakteriedrepende og antiinflammatorisk. Det anbefales kremprogram i tillegg og bruk av vitamin A krem 3 uker i forkant for best resultat.<\/span><\/p>\n<p>[\/et_pb_text][\/et_pb_column][\/et_pb_row][\/et_pb_section][et_pb_section fb_built=&raquo;1&#8243; admin_label=&raquo;Services&raquo; _builder_version=&raquo;4.2.1&#8243; locked=&raquo;off&raquo;][et_pb_row _builder_version=&raquo;3.25&#8243; custom_padding=&raquo;|||&raquo;][et_pb_column type=&raquo;4_4&#8243; _builder_version=&raquo;3.25&#8243; custom_padding=&raquo;|||&raquo; custom_padding__hover=&raquo;|||&raquo;][et_pb_text _builder_version=&raquo;3.27.4&#8243; text_font=&raquo;Montserrat|500|||||||&raquo; text_text_color=&raquo;rgba(47,56,84,0.5)&raquo; text_font_size=&raquo;16px&raquo; text_line_height=&raquo;1.9em&raquo; header_font=&raquo;||||||||&raquo; header_2_font=&raquo;Yeseva One||||||||&raquo; header_2_font_size=&raquo;50px&raquo; header_2_line_height=&raquo;1.3em&raquo; text_orientation=&raquo;center&raquo; max_width=&raquo;700px&raquo; module_alignment=&raquo;center&raquo;]<\/p>\n<h2>Ofte stilte sp\u00f8rsm\u00e5l<\/h2>\n<p>[\/et_pb_text][\/et_pb_column][\/et_pb_row][et_pb_row column_structure=&raquo;1_2,1_2&#8243; _builder_version=&raquo;3.25&#8243; custom_padding=&raquo;27px|0px|50px|0px&raquo;][et_pb_column type=&raquo;1_2&#8243; _builder_version=&raquo;3.25&#8243; custom_padding=&raquo;|||&raquo; custom_padding__hover=&raquo;|||&raquo;][et_pb_text admin_label=&raquo;Paragraph&raquo; _builder_version=&raquo;4.2.1&#8243; text_font=&raquo;Montserrat|500|||||||&raquo; text_text_color=&raquo;rgba(47,56,84,0.5)&raquo; text_font_size=&raquo;16px&raquo; text_line_height=&raquo;1.9em&raquo; header_font=&raquo;||||||||&raquo; header_2_font=&raquo;Yeseva One||||||||&raquo; header_2_text_color=&raquo;#2f3854&#8243; header_2_font_size=&raquo;50px&raquo; header_2_line_height=&raquo;1.4em&raquo; max_width=&raquo;700px&raquo; module_alignment=&raquo;center&raquo;]<\/p>\n<p><span>Peelingene jeg tilbyr kan tilpasses alle hudtyper.\u00a0<\/span><\/p>\n<p>Pensling med TCA passer for<\/p>\n<ul>\n<li>problemhud<\/li>\n<li>l\u00e6rhud<\/li>\n<li>rynker, fine linjer<\/li>\n<li>gr\u00e5, gusten hud<\/li>\n<li>solar keratose<\/li>\n<li>rosacea<\/li>\n<\/ul>\n<p>&nbsp;<\/p>\n<p>&nbsp;<\/p>\n<p>Pensling kan ikke utf\u00f8res ved:<\/p>\n<ul>\n<li>bruk av Roaccutan<\/li>\n<li>diabetes(r\u00e5df\u00f8r med lege f\u00f8rst)<\/li>\n<li>graviditet<\/li>\n<li>nylig utf\u00f8rt str\u00e5ling(etter 3 mndr)<\/li>\n<li>mikrodermabrasjon(vente 6-8 uker)<\/li>\n<li>laserbehandling (vente 6 mndr)<\/li>\n<li>voksing og utklemming(vente 10 dager)<\/li>\n<li>hudsykdommer (psoriasis, noen eksemtyper)<\/li>\n<\/ul>\n<p>[\/et_pb_text][\/et_pb_column][et_pb_column type=&raquo;1_2&#8243; _builder_version=&raquo;3.25&#8243; custom_padding=&raquo;|||&raquo; custom_padding__hover=&raquo;|||&raquo;][et_pb_blurb title=&raquo;Hvor raskt kan jeg forvente resultater?&raquo; use_icon=&raquo;on&raquo; font_icon=&raquo;%%202%%&raquo; icon_placement=&raquo;left&raquo; use_icon_font_size=&raquo;on&raquo; icon_font_size=&raquo;27px&raquo; _builder_version=&raquo;4.2.1&#8243; header_font=&raquo;Montserrat|700|||||||&raquo; header_text_color=&raquo;#333&#8243; header_font_size=&raquo;16px&raquo; header_line_height=&raquo;1.9em&raquo; body_font=&raquo;Montserrat|500|||||||&raquo; body_text_color=&raquo;rgba(47,56,84,0.5)&raquo; body_line_height=&raquo;1.9em&raquo; custom_margin=&raquo;|||&raquo; custom_padding=&raquo;|||&raquo; animation_style=&raquo;zoom&raquo; animation_direction=&raquo;left&raquo; animation_intensity_zoom=&raquo;10%&raquo;]<\/p>\n<p>Det vil variere fra person til person, men oftest vil man allerede etter f\u00f8rste behandling se at huden er friskere, jevnere i hudtone og struktur.<\/p>\n<p>[\/et_pb_blurb][et_pb_blurb title=&raquo;Gj\u00f8r det vondt?&raquo; use_icon=&raquo;on&raquo; font_icon=&raquo;%%202%%&raquo; icon_placement=&raquo;left&raquo; use_icon_font_size=&raquo;on&raquo; icon_font_size=&raquo;27px&raquo; _builder_version=&raquo;3.0.105&#8243; header_font=&raquo;Montserrat|700|||||||&raquo; header_text_color=&raquo;#333&#8243; header_font_size=&raquo;16px&raquo; header_line_height=&raquo;1.9em&raquo; body_font=&raquo;Montserrat|500|||||||&raquo; body_text_color=&raquo;rgba(47,56,84,0.5)&raquo; body_line_height=&raquo;1.9em&raquo; custom_margin=&raquo;|||&raquo; custom_padding=&raquo;|||&raquo; animation_style=&raquo;zoom&raquo; animation_direction=&raquo;left&raquo; animation_intensity_zoom=&raquo;10%&raquo;]<\/p>\n<p>Som navnet tilsier er cool-peelingene utviklet slik at de oppleves kj\u00f8lige og sk\u00e5nsomme p\u00e5 huden. Avhengig av type peel, vil noen behandlinger kunne prikke eller stikke litt etter p\u00e5f\u00f8ring, men direkte smertefullt er det ikke.\u00a0<\/p>\n<p>[\/et_pb_blurb][et_pb_blurb title=&raquo;Hvor mange behandlinger m\u00e5 jeg ha?&raquo; use_icon=&raquo;on&raquo; font_icon=&raquo;%%202%%&raquo; icon_placement=&raquo;left&raquo; use_icon_font_size=&raquo;on&raquo; icon_font_size=&raquo;27px&raquo; _builder_version=&raquo;3.0.105&#8243; header_font=&raquo;Montserrat|700|||||||&raquo; header_text_color=&raquo;#333&#8243; header_font_size=&raquo;16px&raquo; header_line_height=&raquo;1.9em&raquo; body_font=&raquo;Montserrat|500|||||||&raquo; body_text_color=&raquo;rgba(47,56,84,0.5)&raquo; body_line_height=&raquo;1.9em&raquo; custom_margin=&raquo;|||&raquo; custom_padding=&raquo;|||&raquo; animation_style=&raquo;zoom&raquo; animation_direction=&raquo;left&raquo; animation_intensity_zoom=&raquo;10%&raquo;]<\/p>\n<p>Dette vil variere, avhengig av hudtilstand og m\u00e5l med behandling. Bortsett fra s\u00e5kalte fresh-up behandlinger, hvor m\u00e5let er en lett oppfriskning, er det ofte anbefalt \u00e5 gj\u00f8re flere behandlinger- ofte 3-6,\u00a0 for best mulig resultat.\u00a0<\/p>\n<p>[\/et_pb_blurb][\/et_pb_column][\/et_pb_row][\/et_pb_section]<\/p>\n","protected":false},"excerpt":{"rendered":"<p>Som sertifisert Environ behandler tilbyr jeg Environ sine cool peelinger, utviklet gjennom forskning, som behandler, beskytter og pleier huden, samtidig som de er sk\u00e5nsomme men effektive. Disse syrene kan tilpasses alle hudtyper og alle aldre, fra den mest sensitive til den mer grove robuste huden.\u00a0Det finnes en rekke ulike substanser til bruk for kjemisk peel [&hellip;]<\/p>\n","protected":false},"author":1,"featured_media":0,"parent":4065,"menu_order":0,"comment_status":"closed","ping_status":"closed","template":"","meta":{"_et_pb_use_builder":"on","_et_pb_old_content":"<!-- wp:divi\/placeholder \/-->","_et_gb_content_width":"","footnotes":""},"class_list":["post-4069","page","type-page","status-publish","hentry"],"yoast_head":"<!-- This site is optimized with the Yoast SEO plugin v27.3 - https:\/\/yoast.com\/product\/yoast-seo-wordpress\/ -->\n<title>Kjemisk peel\/TCA - Bryne Medisinske Hudpleie<\/title>\n<meta name=\"robots\" content=\"index, follow, max-snippet:-1, max-image-preview:large, max-video-preview:-1\" \/>\n<link rel=\"canonical\" href=\"https:\/\/brynemedisinskehudpleie.no\/en\/treatment\/chemical-peel-tca\/\" \/>\n<meta property=\"og:locale\" content=\"en_US\" \/>\n<meta property=\"og:type\" content=\"article\" \/>\n<meta property=\"og:title\" content=\"Kjemisk peel\/TCA - Bryne Medisinske Hudpleie\" \/>\n<meta property=\"og:url\" content=\"https:\/\/brynemedisinskehudpleie.no\/en\/treatment\/chemical-peel-tca\/\" \/>\n<meta property=\"og:site_name\" content=\"Bryne Medisinske Hudpleie\" \/>\n<meta property=\"article:modified_time\" content=\"2020-08-17T18:33:27+00:00\" \/>\n<meta name=\"twitter:card\" content=\"summary_large_image\" \/>\n<meta name=\"twitter:label1\" content=\"Est. reading time\" \/>\n\t<meta name=\"twitter:data1\" content=\"8 minutes\" \/>\n<script type=\"application\/ld+json\" class=\"yoast-schema-graph\">{\"@context\":\"https:\\\/\\\/schema.org\",\"@graph\":[{\"@type\":\"WebPage\",\"@id\":\"https:\\\/\\\/brynemedisinskehudpleie.no\\\/behandling\\\/kjemisk-peel-tca\\\/\",\"url\":\"https:\\\/\\\/brynemedisinskehudpleie.no\\\/behandling\\\/kjemisk-peel-tca\\\/\",\"name\":\"Kjemisk peel\\\/TCA - Bryne Medisinske Hudpleie\",\"isPartOf\":{\"@id\":\"https:\\\/\\\/brynemedisinskehudpleie.no\\\/#website\"},\"datePublished\":\"2020-01-22T07:49:10+00:00\",\"dateModified\":\"2020-08-17T18:33:27+00:00\",\"breadcrumb\":{\"@id\":\"https:\\\/\\\/brynemedisinskehudpleie.no\\\/behandling\\\/kjemisk-peel-tca\\\/#breadcrumb\"},\"inLanguage\":\"en-US\",\"potentialAction\":[{\"@type\":\"ReadAction\",\"target\":[\"https:\\\/\\\/brynemedisinskehudpleie.no\\\/behandling\\\/kjemisk-peel-tca\\\/\"]}]},{\"@type\":\"BreadcrumbList\",\"@id\":\"https:\\\/\\\/brynemedisinskehudpleie.no\\\/behandling\\\/kjemisk-peel-tca\\\/#breadcrumb\",\"itemListElement\":[{\"@type\":\"ListItem\",\"position\":1,\"name\":\"Home\",\"item\":\"https:\\\/\\\/brynemedisinskehudpleie.no\\\/\"},{\"@type\":\"ListItem\",\"position\":2,\"name\":\"Behandling\",\"item\":\"https:\\\/\\\/brynemedisinskehudpleie.no\\\/behandling\\\/\"},{\"@type\":\"ListItem\",\"position\":3,\"name\":\"Kjemisk peel\\\/TCA\"}]},{\"@type\":\"WebSite\",\"@id\":\"https:\\\/\\\/brynemedisinskehudpleie.no\\\/#website\",\"url\":\"https:\\\/\\\/brynemedisinskehudpleie.no\\\/\",\"name\":\"Bryne Medisinske Hudpleie\",\"description\":\"Kosmetisk-medisinske hudbehandlinger og veiledning\",\"potentialAction\":[{\"@type\":\"SearchAction\",\"target\":{\"@type\":\"EntryPoint\",\"urlTemplate\":\"https:\\\/\\\/brynemedisinskehudpleie.no\\\/?s={search_term_string}\"},\"query-input\":{\"@type\":\"PropertyValueSpecification\",\"valueRequired\":true,\"valueName\":\"search_term_string\"}}],\"inLanguage\":\"en-US\"}]}<\/script>\n<!-- \/ Yoast SEO plugin. -->","yoast_head_json":{"title":"Chemical peel\/TCA - Bryne Medisinske Hudpleie","robots":{"index":"index","follow":"follow","max-snippet":"max-snippet:-1","max-image-preview":"max-image-preview:large","max-video-preview":"max-video-preview:-1"},"canonical":"https:\/\/brynemedisinskehudpleie.no\/en\/treatment\/chemical-peel-tca\/","og_locale":"en_US","og_type":"article","og_title":"Kjemisk peel\/TCA - Bryne Medisinske Hudpleie","og_url":"https:\/\/brynemedisinskehudpleie.no\/en\/treatment\/chemical-peel-tca\/","og_site_name":"Bryne Medisinske Hudpleie","article_modified_time":"2020-08-17T18:33:27+00:00","twitter_card":"summary_large_image","twitter_misc":{"Est. reading time":"8 minutes"},"schema":{"@context":"https:\/\/schema.org","@graph":[{"@type":"WebPage","@id":"https:\/\/brynemedisinskehudpleie.no\/behandling\/kjemisk-peel-tca\/","url":"https:\/\/brynemedisinskehudpleie.no\/behandling\/kjemisk-peel-tca\/","name":"Chemical peel\/TCA - Bryne Medisinske Hudpleie","isPartOf":{"@id":"https:\/\/brynemedisinskehudpleie.no\/#website"},"datePublished":"2020-01-22T07:49:10+00:00","dateModified":"2020-08-17T18:33:27+00:00","breadcrumb":{"@id":"https:\/\/brynemedisinskehudpleie.no\/behandling\/kjemisk-peel-tca\/#breadcrumb"},"inLanguage":"en-US","potentialAction":[{"@type":"ReadAction","target":["https:\/\/brynemedisinskehudpleie.no\/behandling\/kjemisk-peel-tca\/"]}]},{"@type":"BreadcrumbList","@id":"https:\/\/brynemedisinskehudpleie.no\/behandling\/kjemisk-peel-tca\/#breadcrumb","itemListElement":[{"@type":"ListItem","position":1,"name":"Home","item":"https:\/\/brynemedisinskehudpleie.no\/"},{"@type":"ListItem","position":2,"name":"Behandling","item":"https:\/\/brynemedisinskehudpleie.no\/behandling\/"},{"@type":"ListItem","position":3,"name":"Kjemisk peel\/TCA"}]},{"@type":"WebSite","@id":"https:\/\/brynemedisinskehudpleie.no\/#website","url":"https:\/\/brynemedisinskehudpleie.no\/","name":"Bryne Medical Skin Care","description":"Cosmetic-medical skin treatments and guidance","potentialAction":[{"@type":"SearchAction","target":{"@type":"EntryPoint","urlTemplate":"https:\/\/brynemedisinskehudpleie.no\/?s={search_term_string}"},"query-input":{"@type":"PropertyValueSpecification","valueRequired":true,"valueName":"search_term_string"}}],"inLanguage":"en-US"}]}},"_links":{"self":[{"href":"https:\/\/brynemedisinskehudpleie.no\/en\/wp-json\/wp\/v2\/pages\/4069","targetHints":{"allow":["GET"]}}],"collection":[{"href":"https:\/\/brynemedisinskehudpleie.no\/en\/wp-json\/wp\/v2\/pages"}],"about":[{"href":"https:\/\/brynemedisinskehudpleie.no\/en\/wp-json\/wp\/v2\/types\/page"}],"author":[{"embeddable":true,"href":"https:\/\/brynemedisinskehudpleie.no\/en\/wp-json\/wp\/v2\/users\/1"}],"replies":[{"embeddable":true,"href":"https:\/\/brynemedisinskehudpleie.no\/en\/wp-json\/wp\/v2\/comments?post=4069"}],"version-history":[{"count":0,"href":"https:\/\/brynemedisinskehudpleie.no\/en\/wp-json\/wp\/v2\/pages\/4069\/revisions"}],"up":[{"embeddable":true,"href":"https:\/\/brynemedisinskehudpleie.no\/en\/wp-json\/wp\/v2\/pages\/4065"}],"wp:attachment":[{"href":"https:\/\/brynemedisinskehudpleie.no\/en\/wp-json\/wp\/v2\/media?parent=4069"}],"curies":[{"name":"wp","href":"https:\/\/api.w.org\/{rel}","templated":true}]}}