{"id":4067,"date":"2020-01-22T07:48:48","date_gmt":"2020-01-22T07:48:48","guid":{"rendered":"http:\/\/brynemedisinskehudpleie.no\/?page_id=4067"},"modified":"2020-08-13T17:01:38","modified_gmt":"2020-08-13T17:01:38","slug":"microneedling","status":"publish","type":"page","link":"https:\/\/brynemedisinskehudpleie.no\/en\/behandling\/microneedling\/","title":{"rendered":"Microneedling"},"content":{"rendered":"<p>[et_pb_section fb_built=&raquo;1&#8243; _builder_version=&raquo;4.2.1&#8243; custom_padding=&raquo;0px||0px||true|false&raquo;][et_pb_row column_structure=&raquo;1_2,1_2&#8243; use_custom_gutter=&raquo;on&raquo; gutter_width=&raquo;1&#8243; make_equal=&raquo;on&raquo; admin_label=&raquo;CTA Row&raquo; module_class=&raquo; et_pb_row_fullwidth&raquo; _builder_version=&raquo;4.2.1&#8243; width=&raquo;100%&raquo; width_tablet=&raquo;100%&raquo; width_phone=&raquo;&raquo; width_last_edited=&raquo;on|desktop&raquo; max_width=&raquo;100%&raquo; max_width_tablet=&raquo;100%&raquo; max_width_phone=&raquo;&raquo; max_width_last_edited=&raquo;on|desktop&raquo; custom_padding=&raquo;0px|0px|0px|0px&raquo; make_fullwidth=&raquo;on&raquo; locked=&raquo;off&raquo;][et_pb_column type=&raquo;1_2&#8243; _builder_version=&raquo;4.2.1&#8243; background_image=&raquo;https:\/\/brynemedisinskehudpleie.no\/wp-content\/uploads\/2020\/01\/KLE_0024-resized.jpg&raquo; custom_padding=&raquo;|||&raquo; custom_padding__hover=&raquo;|||&raquo;][et_pb_divider show_divider=&raquo;off&raquo; _builder_version=&raquo;4.2.1&#8243; height=&raquo;400px&raquo; locked=&raquo;off&raquo;][\/et_pb_divider][\/et_pb_column][et_pb_column type=&raquo;1_2&#8243; _builder_version=&raquo;4.2.1&#8243; background_color=&raquo;rgba(0,0,0,0)&raquo; use_background_color_gradient=&raquo;on&raquo; background_color_gradient_start=&raquo;#00c6d1&#8243; background_color_gradient_end=&raquo;#0099b5&#8243; background_color_gradient_direction=&raquo;160deg&raquo; custom_padding=&raquo;|||&raquo; custom_padding__hover=&raquo;|||&raquo;][et_pb_cta button_url=&raquo;\/priser\/&raquo; button_text=&raquo;Priser&raquo; _builder_version=&raquo;4.5.6&#8243; header_level=&raquo;h1&#8243; header_font=&raquo;Yeseva One||||||||&raquo; header_text_color=&raquo;#ffffff&raquo; header_font_size=&raquo;72px&raquo; header_line_height=&raquo;1.4em&raquo; body_font=&raquo;Montserrat|500|||||||&raquo; body_text_color=&raquo;rgba(255,255,255,0.5)&raquo; body_font_size=&raquo;16px&raquo; body_line_height=&raquo;1.9em&raquo; use_background_color=&raquo;off&raquo; custom_button=&raquo;on&raquo; button_text_size=&raquo;16px&raquo; button_text_color=&raquo;#ffffff&raquo; button_bg_color=&raquo;rgba(0,0,0,0.13)&raquo; button_border_width=&raquo;0px&raquo; button_border_color=&raquo;rgba(47,56,84,0)&raquo; button_border_radius=&raquo;60px&raquo; button_letter_spacing=&raquo;1px&raquo; button_font=&raquo;|700||on|||||&raquo; button_use_icon=&raquo;off&raquo; button_alignment=&raquo;left&raquo; button_custom_padding=&raquo;15px|30px|15px|30px|true|true&raquo; text_orientation=&raquo;left&raquo; max_width=&raquo;580px&raquo; max_width_tablet=&raquo;&raquo; max_width_phone=&raquo;&raquo; max_width_last_edited=&raquo;on|desktop&raquo; module_alignment=&raquo;left&raquo; custom_margin=&raquo;|||&raquo; custom_padding=&raquo;100px|60px|100px|60px&raquo; custom_padding_tablet=&raquo;60px||60px||true|false&raquo; custom_padding_phone=&raquo;40px||40px||true|false&raquo; custom_padding_last_edited=&raquo;on|phone&raquo; header_font_size_tablet=&raquo;20px&raquo; header_font_size_phone=&raquo;&raquo; header_font_size_last_edited=&raquo;on|tablet&raquo; button_text_color_hover=&raquo;#2f3854&#8243; button_border_radius_hover=&raquo;66px&raquo; button_letter_spacing_hover=&raquo;1px&raquo; button_bg_color_hover=&raquo;#ffffff&raquo; button_text_size__hover_enabled=&raquo;off&raquo; button_one_text_size__hover_enabled=&raquo;off&raquo; button_two_text_size__hover_enabled=&raquo;off&raquo; button_text_color__hover_enabled=&raquo;off|hover&raquo; button_text_color__hover=&raquo;#2f3854&#8243; button_one_text_color__hover_enabled=&raquo;off&raquo; button_two_text_color__hover_enabled=&raquo;off&raquo; button_border_width__hover_enabled=&raquo;off&raquo; button_one_border_width__hover_enabled=&raquo;off&raquo; button_two_border_width__hover_enabled=&raquo;off&raquo; button_border_color__hover_enabled=&raquo;off&raquo; button_one_border_color__hover_enabled=&raquo;off&raquo; button_two_border_color__hover_enabled=&raquo;off&raquo; button_border_radius__hover_enabled=&raquo;off|hover&raquo; button_border_radius__hover=&raquo;66px&raquo; button_one_border_radius__hover_enabled=&raquo;off&raquo; button_two_border_radius__hover_enabled=&raquo;off&raquo; button_letter_spacing__hover_enabled=&raquo;off|hover&raquo; button_letter_spacing__hover=&raquo;1px&raquo; button_one_letter_spacing__hover_enabled=&raquo;off&raquo; button_two_letter_spacing__hover_enabled=&raquo;off&raquo; button_bg_color__hover_enabled=&raquo;on|hover&raquo; button_bg_color__hover=&raquo;rgba(47,56,84,0.5)&raquo; button_one_bg_color__hover_enabled=&raquo;off&raquo; button_two_bg_color__hover_enabled=&raquo;off&raquo; button_bg_enable_color__hover=&raquo;on&raquo;]<\/p>\n<h1>Dermapen 4 \/ Micro\u00ad\u00adneedling<\/h1>\n<p>Jeg tilbyr den originale Dermapen 4, med den nyeste, r\u00e5este teknologien, anerkjent som det beste needlingutstyret som finnes p\u00e5 markedet. Behandlingen kan utf\u00f8res med tilpassede serum eller kjemiske peelinger. Intensitet og n\u00e5ledybde tilpasses behandlingsbehov og \u00f8nsker, og dette er f\u00f8rst og fremst en kollagenstimulerende behandling for hudforbedring, oppstramming og bedret hudkvalitet.\u00a0<\/p>\n<p>[\/et_pb_cta][\/et_pb_column][\/et_pb_row][\/et_pb_section][et_pb_section fb_built=&raquo;1&#8243; admin_label=&raquo;Team&raquo; _builder_version=&raquo;4.2.1&#8243; background_color=&raquo;#324b4d&raquo; use_background_color_gradient=&raquo;on&raquo; background_color_gradient_start=&raquo;rgba(47,56,84,0.4)&raquo; background_color_gradient_end=&raquo;rgba(0,0,0,0)&raquo; background_color_gradient_direction=&raquo;160deg&raquo; custom_padding=&raquo;100px|0px|100px|0px&raquo;][et_pb_row _builder_version=&raquo;3.25&#8243;][et_pb_column type=&raquo;4_4&#8243; _builder_version=&raquo;3.25&#8243; custom_padding=&raquo;|||&raquo; custom_padding__hover=&raquo;|||&raquo;][et_pb_image src=&raquo;https:\/\/brynemedisinskehudpleie.no\/wp-content\/uploads\/2020\/01\/ikon-microneedling-kvinner-100.png&raquo; align=&raquo;center&raquo; _builder_version=&raquo;4.2.1&#8243;][\/et_pb_image][et_pb_text _builder_version=&raquo;4.2.1&#8243; text_font=&raquo;Montserrat|500|||||||&raquo; text_text_color=&raquo;rgba(255,255,255,0.5)&raquo; text_font_size=&raquo;16px&raquo; text_line_height=&raquo;1.9em&raquo; header_font=&raquo;||||||||&raquo; header_2_font=&raquo;Yeseva One||||||||&raquo; header_2_font_size=&raquo;50px&raquo; header_2_line_height=&raquo;1.3em&raquo; text_orientation=&raquo;center&raquo; background_layout=&raquo;dark&raquo; max_width=&raquo;700px&raquo; module_alignment=&raquo;center&raquo; header_2_font_size_tablet=&raquo;42px&raquo; header_2_font_size_phone=&raquo;&raquo; header_2_font_size_last_edited=&raquo;on|phone&raquo;]<\/p>\n<h2>Microneedling med Dermapen 4-medisinsk klassifisert utstyr<\/h2>\n<p>[\/et_pb_text][\/et_pb_column][\/et_pb_row][et_pb_row column_structure=&raquo;1_2,1_2&#8243; _builder_version=&raquo;3.25&#8243; custom_padding=&raquo;27px|0px|50px|0px&raquo;][et_pb_column type=&raquo;1_2&#8243; _builder_version=&raquo;3.25&#8243; custom_padding=&raquo;|||&raquo; custom_padding__hover=&raquo;|||&raquo;][et_pb_text admin_label=&raquo;Paragraph&raquo; _builder_version=&raquo;4.2.1&#8243; text_font=&raquo;Montserrat|500|||||||&raquo; text_text_color=&raquo;rgba(255,255,255,0.5)&raquo; text_font_size=&raquo;16px&raquo; text_line_height=&raquo;1.9em&raquo; header_font=&raquo;||||||||&raquo; header_2_font=&raquo;Yeseva One||||||||&raquo; header_2_text_color=&raquo;#2f3854&#8243; header_2_font_size=&raquo;50px&raquo; header_2_line_height=&raquo;1.4em&raquo; header_3_font=&raquo;Montserrat|700|||||||&raquo; header_3_text_color=&raquo;rgba(255,255,255,0.8)&raquo; max_width=&raquo;700px&raquo; module_alignment=&raquo;center&raquo;]<\/p>\n<p>Microneedling er behandling som g\u00e5r ut p\u00e5 \u00e5 penetrere huden med mikrotynne sterile n\u00e5ler med dybde opptil 3 mm for hudforbedring, bedring av arr, strekkmerker, akne, pigmenteringer, porer, linjer\/rynker, rosacea, telangiektasier\/synlige blodkar, milier og nupper.<\/p>\n<h3>Det finnes ulike former for needling-utstyr; stempel, rollere og penner.<\/h3>\n<p>Needling med penn er en videreutvikling av rollere, og sikrer en helt vertikal vinkel idet n\u00e5lene treffer huden, som gir et bedre, sikrere resultat og mindre smerter.<\/p>\n<p>Dermapen er den originale, medisinsk klassifiserte pennen, som kun sykepleiere og leger f\u00e5r anvende, og er k\u00e5ret til det beste needling-utstyret ved flere anledninger. I 2012 ble Dermapen k\u00e5ret til \u00abBest Professional Skin Rejuvenation Device\u00bb p\u00e5 THE Aesthetic Show\u2122 (TAS) i Las Vegas av ut\u00f8vere av estetisk medisin i USA.<\/p>\n<p>[\/et_pb_text][\/et_pb_column][et_pb_column type=&raquo;1_2&#8243; _builder_version=&raquo;3.25&#8243; custom_padding=&raquo;|||&raquo; custom_padding__hover=&raquo;|||&raquo;][et_pb_text admin_label=&raquo;Paragraph&raquo; _builder_version=&raquo;4.2.1&#8243; text_font=&raquo;Montserrat|500|||||||&raquo; text_text_color=&raquo;rgba(255,255,255,0.5)&raquo; text_font_size=&raquo;16px&raquo; text_line_height=&raquo;1.9em&raquo; header_font=&raquo;||||||||&raquo; header_2_font=&raquo;Yeseva One||||||||&raquo; header_2_text_color=&raquo;#2f3854&#8243; header_2_font_size=&raquo;50px&raquo; header_2_line_height=&raquo;1.4em&raquo; header_3_font=&raquo;Montserrat|700|||||||&raquo; header_3_text_color=&raquo;rgba(255,255,255,0.8)&raquo; max_width=&raquo;700px&raquo; module_alignment=&raquo;center&raquo;]<\/p>\n<h3>I motsetning til dermarollere gir Dermapen mulighet for presis innstilling av n\u00e5ledybde og fart alt etter hva man \u00f8nsker \u00e5 behandle, med opptil 1300 kanaler i huden per sekund.<\/h3>\n<p>Dette stimulerer en s\u00e5rtilhelingsprosess i huden, som fremmer reparasjon og hudfornyelse. Naturlige vekstfaktorer frigj\u00f8res og det skjer en nydanning av hudceller og \u00f8kt produksjon av kollagen og elastin, som gir huden mer spenst, bedre og jevnere struktur.<\/p>\n<p>Den nye Dermapen 4 er mer sk\u00e5nsom og tiln\u00e6rmet smertefri, slik at bruk av bed\u00f8velseskrem oftest er un\u00f8dvendig. Dett er en fordel ettersom slik krem p\u00e5virker blodsirkulasjon og dermed resultatet. Det benyttes serum med ulike ingredienser alt etter hva som behandles. Etterp\u00e5 legges en kj\u00f8lende maske i 15-20 minutter. Huden vil v\u00e6re litt varm og r\u00f8d i varierende grad det f\u00f8rste d\u00f8gnet etterp\u00e5, og makeup kan brukes dagen etterp\u00e5. Solfaktor m\u00e5 brukes i dagene etter, og soling m\u00e5 unng\u00e5s.<\/p>\n<p>Best resultat oppn\u00e5s oftest med \u00e5 gjenta behandlingen 3-6 ganger, med tidsintervaller som varierer etter hva som behandles. Tilpasset kremprogram anbefales i tillegg for best mulig resultat.<\/p>\n<p>[\/et_pb_text][\/et_pb_column][\/et_pb_row][\/et_pb_section][et_pb_section fb_built=&raquo;1&#8243; admin_label=&raquo;Services&raquo; _builder_version=&raquo;4.2.1&#8243; locked=&raquo;off&raquo;][et_pb_row _builder_version=&raquo;3.25&#8243; custom_padding=&raquo;|||&raquo;][et_pb_column type=&raquo;4_4&#8243; _builder_version=&raquo;3.25&#8243; custom_padding=&raquo;|||&raquo; custom_padding__hover=&raquo;|||&raquo;][et_pb_text _builder_version=&raquo;3.27.4&#8243; text_font=&raquo;Montserrat|500|||||||&raquo; text_text_color=&raquo;rgba(47,56,84,0.5)&raquo; text_font_size=&raquo;16px&raquo; text_line_height=&raquo;1.9em&raquo; header_font=&raquo;||||||||&raquo; header_2_font=&raquo;Yeseva One||||||||&raquo; header_2_font_size=&raquo;50px&raquo; header_2_line_height=&raquo;1.3em&raquo; text_orientation=&raquo;center&raquo; max_width=&raquo;700px&raquo; module_alignment=&raquo;center&raquo;]<\/p>\n<h2>Ofte stilte sp\u00f8rsm\u00e5l<\/h2>\n<p>[\/et_pb_text][\/et_pb_column][\/et_pb_row][et_pb_row column_structure=&raquo;1_2,1_2&#8243; use_custom_gutter=&raquo;on&raquo; gutter_width=&raquo;2&#8243; _builder_version=&raquo;4.5.6&#8243; width=&raquo;90%&raquo; custom_padding=&raquo;27px|0px|50px|0px&raquo;][et_pb_column type=&raquo;1_2&#8243; _builder_version=&raquo;4.3.4&#8243;][et_pb_text admin_label=&raquo;Paragraph&raquo; _builder_version=&raquo;4.5.6&#8243; text_font=&raquo;Montserrat|500|||||||&raquo; text_text_color=&raquo;rgba(47,56,84,0.5)&raquo; text_font_size=&raquo;16px&raquo; text_line_height=&raquo;1.9em&raquo; header_font=&raquo;||||||||&raquo; header_2_font=&raquo;Yeseva One||||||||&raquo; header_2_text_color=&raquo;#2f3854&#8243; header_2_font_size=&raquo;50px&raquo; header_2_line_height=&raquo;1.4em&raquo; max_width=&raquo;700px&raquo; module_alignment=&raquo;center&raquo; locked=&raquo;off&raquo;]<\/p>\n<h3>Behandlingen kan ikke utf\u00f8res ved:<\/h3>\n<ul>\n<li>aktiv akne<\/li>\n<li>sopp\/bakteriell infeksjon<\/li>\n<li>graviditet\/amming<\/li>\n<li>herpes simplex<\/li>\n<li>aktiv rosacea<\/li>\n<li>\u00e5pne s\u00e5r<\/li>\n<li>hudkreft<\/li>\n<li>vorter<\/li>\n<li>hemofili<\/li>\n<\/ul>\n<p>[\/et_pb_text][\/et_pb_column][et_pb_column type=&raquo;1_2&#8243; _builder_version=&raquo;4.3.4&#8243;][et_pb_blurb title=&raquo;Gj\u00f8r det vondt?&raquo; use_icon=&raquo;on&raquo; font_icon=&raquo;%%202%%&raquo; icon_placement=&raquo;left&raquo; use_icon_font_size=&raquo;on&raquo; icon_font_size=&raquo;27px&raquo; _builder_version=&raquo;4.2.1&#8243; header_font=&raquo;Montserrat|700|||||||&raquo; header_text_color=&raquo;#333&#8243; header_font_size=&raquo;16px&raquo; header_line_height=&raquo;1.9em&raquo; body_font=&raquo;Montserrat|500|||||||&raquo; body_text_color=&raquo;rgba(47,56,84,0.5)&raquo; body_line_height=&raquo;1.9em&raquo; custom_margin=&raquo;|||&raquo; custom_padding=&raquo;|||&raquo; animation_style=&raquo;zoom&raquo; animation_direction=&raquo;left&raquo; animation_intensity_zoom=&raquo;10%&raquo;]<\/p>\n<p>Dermapen 4 er sv\u00e6rt sk\u00e5nsom sammenlignet med andre typer needlingutstyr. Bed\u00f8velseskrem er oftest ikke n\u00f8dvendig.\u00a0<\/p>\n<p>[\/et_pb_blurb][et_pb_blurb title=&raquo;Hvor mange behandlinger anbefales?&raquo; use_icon=&raquo;on&raquo; font_icon=&raquo;%%202%%&raquo; icon_placement=&raquo;left&raquo; use_icon_font_size=&raquo;on&raquo; icon_font_size=&raquo;27px&raquo; _builder_version=&raquo;3.0.105&#8243; header_font=&raquo;Montserrat|700|||||||&raquo; header_text_color=&raquo;#333&#8243; header_font_size=&raquo;16px&raquo; header_line_height=&raquo;1.9em&raquo; body_font=&raquo;Montserrat|500|||||||&raquo; body_text_color=&raquo;rgba(47,56,84,0.5)&raquo; body_line_height=&raquo;1.9em&raquo; custom_margin=&raquo;|||&raquo; custom_padding=&raquo;|||&raquo; animation_style=&raquo;zoom&raquo; animation_direction=&raquo;left&raquo; animation_intensity_zoom=&raquo;10%&raquo;]<\/p>\n<p>Dette vil variere alt etter hva man \u00f8nsker \u00e5 oppn\u00e5, men vanligvis vil det v\u00e6re behov for \u00e5 gj\u00f8re 3-6 behandlinger med noen uker mellom hver behandling for \u00f8nsket resultat.<\/p>\n<p>[\/et_pb_blurb][\/et_pb_column][\/et_pb_row][et_pb_row column_structure=&raquo;1_4,1_4,1_4,1_4&#8243; _builder_version=&raquo;4.2.1&#8243;][et_pb_column type=&raquo;1_4&#8243; _builder_version=&raquo;4.2.1&#8243;][\/et_pb_column][et_pb_column type=&raquo;1_4&#8243; _builder_version=&raquo;4.2.1&#8243;][et_pb_image src=&raquo;https:\/\/brynemedisinskehudpleie.no\/wp-content\/uploads\/2020\/01\/aesthetic-awards.png&raquo; align=&raquo;center&raquo; _builder_version=&raquo;4.2.1&#8243;][\/et_pb_image][\/et_pb_column][et_pb_column type=&raquo;1_4&#8243; _builder_version=&raquo;4.2.1&#8243;][et_pb_image src=&raquo;https:\/\/brynemedisinskehudpleie.no\/wp-content\/uploads\/2020\/01\/polish-medal.png&raquo; align=&raquo;center&raquo; _builder_version=&raquo;4.2.1&#8243;][\/et_pb_image][\/et_pb_column][et_pb_column type=&raquo;1_4&#8243; _builder_version=&raquo;4.2.1&#8243;][\/et_pb_column][\/et_pb_row][\/et_pb_section]<\/p>\n","protected":false},"excerpt":{"rendered":"<p>Dermapen 4 \/ Micro\u00ad\u00adneedling Jeg tilbyr den originale Dermapen 4, med den nyeste, r\u00e5este teknologien, anerkjent som det beste needlingutstyret som finnes p\u00e5 markedet. Behandlingen kan utf\u00f8res med tilpassede serum eller kjemiske peelinger. Intensitet og n\u00e5ledybde tilpasses behandlingsbehov og \u00f8nsker, og dette er f\u00f8rst og fremst en kollagenstimulerende behandling for hudforbedring, oppstramming og bedret hudkvalitet.\u00a0Microneedling [&hellip;]<\/p>\n","protected":false},"author":1,"featured_media":0,"parent":4065,"menu_order":0,"comment_status":"closed","ping_status":"closed","template":"","meta":{"_et_pb_use_builder":"on","_et_pb_old_content":"<!-- wp:divi\/placeholder \/-->","_et_gb_content_width":"","footnotes":""},"class_list":["post-4067","page","type-page","status-publish","hentry"],"yoast_head":"<!-- This site is optimized with the Yoast SEO plugin v27.3 - https:\/\/yoast.com\/product\/yoast-seo-wordpress\/ -->\n<title>Microneedling - Bryne Medisinske Hudpleie<\/title>\n<meta name=\"robots\" content=\"index, follow, max-snippet:-1, max-image-preview:large, max-video-preview:-1\" \/>\n<link rel=\"canonical\" href=\"https:\/\/brynemedisinskehudpleie.no\/en\/treatment\/microneedling\/\" \/>\n<meta property=\"og:locale\" content=\"en_US\" \/>\n<meta property=\"og:type\" content=\"article\" \/>\n<meta property=\"og:title\" content=\"Microneedling - Bryne Medisinske Hudpleie\" \/>\n<meta property=\"og:url\" content=\"https:\/\/brynemedisinskehudpleie.no\/en\/treatment\/microneedling\/\" \/>\n<meta property=\"og:site_name\" content=\"Bryne Medisinske Hudpleie\" \/>\n<meta property=\"article:modified_time\" content=\"2020-08-13T17:01:38+00:00\" \/>\n<meta name=\"twitter:card\" content=\"summary_large_image\" \/>\n<meta name=\"twitter:label1\" content=\"Est. reading time\" \/>\n\t<meta name=\"twitter:data1\" content=\"8 minutes\" \/>\n<script type=\"application\/ld+json\" class=\"yoast-schema-graph\">{\"@context\":\"https:\\\/\\\/schema.org\",\"@graph\":[{\"@type\":\"WebPage\",\"@id\":\"https:\\\/\\\/brynemedisinskehudpleie.no\\\/behandling\\\/microneedling\\\/\",\"url\":\"https:\\\/\\\/brynemedisinskehudpleie.no\\\/behandling\\\/microneedling\\\/\",\"name\":\"Microneedling - Bryne Medisinske Hudpleie\",\"isPartOf\":{\"@id\":\"https:\\\/\\\/brynemedisinskehudpleie.no\\\/#website\"},\"datePublished\":\"2020-01-22T07:48:48+00:00\",\"dateModified\":\"2020-08-13T17:01:38+00:00\",\"breadcrumb\":{\"@id\":\"https:\\\/\\\/brynemedisinskehudpleie.no\\\/behandling\\\/microneedling\\\/#breadcrumb\"},\"inLanguage\":\"en-US\",\"potentialAction\":[{\"@type\":\"ReadAction\",\"target\":[\"https:\\\/\\\/brynemedisinskehudpleie.no\\\/behandling\\\/microneedling\\\/\"]}]},{\"@type\":\"BreadcrumbList\",\"@id\":\"https:\\\/\\\/brynemedisinskehudpleie.no\\\/behandling\\\/microneedling\\\/#breadcrumb\",\"itemListElement\":[{\"@type\":\"ListItem\",\"position\":1,\"name\":\"Home\",\"item\":\"https:\\\/\\\/brynemedisinskehudpleie.no\\\/\"},{\"@type\":\"ListItem\",\"position\":2,\"name\":\"Behandling\",\"item\":\"https:\\\/\\\/brynemedisinskehudpleie.no\\\/behandling\\\/\"},{\"@type\":\"ListItem\",\"position\":3,\"name\":\"Microneedling\"}]},{\"@type\":\"WebSite\",\"@id\":\"https:\\\/\\\/brynemedisinskehudpleie.no\\\/#website\",\"url\":\"https:\\\/\\\/brynemedisinskehudpleie.no\\\/\",\"name\":\"Bryne Medisinske Hudpleie\",\"description\":\"Kosmetisk-medisinske hudbehandlinger og veiledning\",\"potentialAction\":[{\"@type\":\"SearchAction\",\"target\":{\"@type\":\"EntryPoint\",\"urlTemplate\":\"https:\\\/\\\/brynemedisinskehudpleie.no\\\/?s={search_term_string}\"},\"query-input\":{\"@type\":\"PropertyValueSpecification\",\"valueRequired\":true,\"valueName\":\"search_term_string\"}}],\"inLanguage\":\"en-US\"}]}<\/script>\n<!-- \/ Yoast SEO plugin. -->","yoast_head_json":{"title":"Microneedling - Bryne Medisinske Hudpleie","robots":{"index":"index","follow":"follow","max-snippet":"max-snippet:-1","max-image-preview":"max-image-preview:large","max-video-preview":"max-video-preview:-1"},"canonical":"https:\/\/brynemedisinskehudpleie.no\/en\/treatment\/microneedling\/","og_locale":"en_US","og_type":"article","og_title":"Microneedling - Bryne Medisinske Hudpleie","og_url":"https:\/\/brynemedisinskehudpleie.no\/en\/treatment\/microneedling\/","og_site_name":"Bryne Medisinske Hudpleie","article_modified_time":"2020-08-13T17:01:38+00:00","twitter_card":"summary_large_image","twitter_misc":{"Est. reading time":"8 minutes"},"schema":{"@context":"https:\/\/schema.org","@graph":[{"@type":"WebPage","@id":"https:\/\/brynemedisinskehudpleie.no\/behandling\/microneedling\/","url":"https:\/\/brynemedisinskehudpleie.no\/behandling\/microneedling\/","name":"Microneedling - Bryne Medisinske Hudpleie","isPartOf":{"@id":"https:\/\/brynemedisinskehudpleie.no\/#website"},"datePublished":"2020-01-22T07:48:48+00:00","dateModified":"2020-08-13T17:01:38+00:00","breadcrumb":{"@id":"https:\/\/brynemedisinskehudpleie.no\/behandling\/microneedling\/#breadcrumb"},"inLanguage":"en-US","potentialAction":[{"@type":"ReadAction","target":["https:\/\/brynemedisinskehudpleie.no\/behandling\/microneedling\/"]}]},{"@type":"BreadcrumbList","@id":"https:\/\/brynemedisinskehudpleie.no\/behandling\/microneedling\/#breadcrumb","itemListElement":[{"@type":"ListItem","position":1,"name":"Home","item":"https:\/\/brynemedisinskehudpleie.no\/"},{"@type":"ListItem","position":2,"name":"Behandling","item":"https:\/\/brynemedisinskehudpleie.no\/behandling\/"},{"@type":"ListItem","position":3,"name":"Microneedling"}]},{"@type":"WebSite","@id":"https:\/\/brynemedisinskehudpleie.no\/#website","url":"https:\/\/brynemedisinskehudpleie.no\/","name":"Bryne Medical Skin Care","description":"Cosmetic-medical skin treatments and guidance","potentialAction":[{"@type":"SearchAction","target":{"@type":"EntryPoint","urlTemplate":"https:\/\/brynemedisinskehudpleie.no\/?s={search_term_string}"},"query-input":{"@type":"PropertyValueSpecification","valueRequired":true,"valueName":"search_term_string"}}],"inLanguage":"en-US"}]}},"_links":{"self":[{"href":"https:\/\/brynemedisinskehudpleie.no\/en\/wp-json\/wp\/v2\/pages\/4067","targetHints":{"allow":["GET"]}}],"collection":[{"href":"https:\/\/brynemedisinskehudpleie.no\/en\/wp-json\/wp\/v2\/pages"}],"about":[{"href":"https:\/\/brynemedisinskehudpleie.no\/en\/wp-json\/wp\/v2\/types\/page"}],"author":[{"embeddable":true,"href":"https:\/\/brynemedisinskehudpleie.no\/en\/wp-json\/wp\/v2\/users\/1"}],"replies":[{"embeddable":true,"href":"https:\/\/brynemedisinskehudpleie.no\/en\/wp-json\/wp\/v2\/comments?post=4067"}],"version-history":[{"count":0,"href":"https:\/\/brynemedisinskehudpleie.no\/en\/wp-json\/wp\/v2\/pages\/4067\/revisions"}],"up":[{"embeddable":true,"href":"https:\/\/brynemedisinskehudpleie.no\/en\/wp-json\/wp\/v2\/pages\/4065"}],"wp:attachment":[{"href":"https:\/\/brynemedisinskehudpleie.no\/en\/wp-json\/wp\/v2\/media?parent=4067"}],"curies":[{"name":"wp","href":"https:\/\/api.w.org\/{rel}","templated":true}]}}