{"id":4044,"date":"2020-01-21T15:38:01","date_gmt":"2020-01-21T15:38:01","guid":{"rendered":"http:\/\/brynemedisinskehudpleie.no\/?page_id=4044"},"modified":"2020-08-17T14:44:56","modified_gmt":"2020-08-17T14:44:56","slug":"about-me","status":"publish","type":"page","link":"https:\/\/brynemedisinskehudpleie.no\/en\/om-meg\/","title":{"rendered":"About me"},"content":{"rendered":"<p>[et_pb_section fb_built=&raquo;1&#8243; admin_label=&raquo;Video&raquo; _builder_version=&raquo;3.22&#8243; custom_padding=&raquo;0px|0px|0px|0px&raquo;][et_pb_row column_structure=&raquo;1_2,1_2&#8243; use_custom_gutter=&raquo;on&raquo; gutter_width=&raquo;1&#8243; make_equal=&raquo;on&raquo; admin_label=&raquo;CTA Row&raquo; module_class=&raquo; et_pb_row_fullwidth&raquo; _builder_version=&raquo;4.2.1&#8243; width=&raquo;100%&raquo; width_tablet=&raquo;100%&raquo; width_phone=&raquo;&raquo; width_last_edited=&raquo;on|desktop&raquo; max_width=&raquo;100%&raquo; max_width_tablet=&raquo;100%&raquo; max_width_phone=&raquo;&raquo; max_width_last_edited=&raquo;on|desktop&raquo; custom_padding=&raquo;0px|0px|0px|0px&raquo; make_fullwidth=&raquo;on&raquo; locked=&raquo;off&raquo;][et_pb_column type=&raquo;1_2&#8243; _builder_version=&raquo;4.2.1&#8243; background_image=&raquo;https:\/\/brynemedisinskehudpleie.no\/wp-content\/uploads\/2020\/01\/KLE_0050-crop.jpg&raquo; custom_padding=&raquo;|||&raquo; custom_padding__hover=&raquo;|||&raquo;][et_pb_divider show_divider=&raquo;off&raquo; _builder_version=&raquo;4.2.1&#8243; height=&raquo;400px&raquo; locked=&raquo;off&raquo;][\/et_pb_divider][\/et_pb_column][et_pb_column type=&raquo;1_2&#8243; _builder_version=&raquo;4.2.1&#8243; background_color=&raquo;rgba(0,0,0,0)&raquo; use_background_color_gradient=&raquo;on&raquo; background_color_gradient_start=&raquo;#00c6d1&#8243; background_color_gradient_end=&raquo;#0099b5&#8243; background_color_gradient_direction=&raquo;160deg&raquo; custom_padding=&raquo;|||&raquo; custom_padding__hover=&raquo;|||&raquo;][et_pb_cta title=&raquo;Om meg&raquo; button_url=&raquo;\/kontakt\/&raquo; button_text=&raquo;Kontakt Monica&raquo; _builder_version=&raquo;4.2.2&#8243; header_font=&raquo;Yeseva One||||||||&raquo; header_text_color=&raquo;#ffffff&raquo; header_font_size=&raquo;72px&raquo; header_line_height=&raquo;1.4em&raquo; body_font=&raquo;Montserrat|500|||||||&raquo; body_text_color=&raquo;rgba(255,255,255,0.5)&raquo; body_font_size=&raquo;16px&raquo; body_line_height=&raquo;1.9em&raquo; use_background_color=&raquo;off&raquo; custom_button=&raquo;on&raquo; button_text_size=&raquo;16px&raquo; button_text_color=&raquo;#ffffff&raquo; button_bg_color=&raquo;rgba(0,0,0,0.13)&raquo; button_border_width=&raquo;0px&raquo; button_border_color=&raquo;rgba(47,56,84,0)&raquo; button_border_radius=&raquo;60px&raquo; button_letter_spacing=&raquo;1px&raquo; button_font=&raquo;|700||on|||||&raquo; button_use_icon=&raquo;off&raquo; button_alignment=&raquo;left&raquo; button_custom_padding=&raquo;15px|30px|15px|30px|true|true&raquo; text_orientation=&raquo;left&raquo; max_width=&raquo;580px&raquo; max_width_tablet=&raquo;&raquo; max_width_phone=&raquo;&raquo; max_width_last_edited=&raquo;on|desktop&raquo; module_alignment=&raquo;left&raquo; custom_margin=&raquo;|||&raquo; custom_padding=&raquo;100px|60px|100px|60px&raquo; custom_padding_tablet=&raquo;60px||60px||true|false&raquo; custom_padding_phone=&raquo;40px||40px||true|false&raquo; custom_padding_last_edited=&raquo;on|phone&raquo; header_font_size_tablet=&raquo;42px&raquo; header_font_size_phone=&raquo;&raquo; header_font_size_last_edited=&raquo;on|tablet&raquo; button_text_color_hover=&raquo;#2f3854&#8243; button_border_radius_hover=&raquo;66px&raquo; button_letter_spacing_hover=&raquo;1px&raquo; button_bg_color_hover=&raquo;#ffffff&raquo; button_text_size__hover_enabled=&raquo;off&raquo; button_one_text_size__hover_enabled=&raquo;off&raquo; button_two_text_size__hover_enabled=&raquo;off&raquo; button_text_color__hover_enabled=&raquo;off|desktop&raquo; button_text_color__hover=&raquo;#2f3854&#8243; button_one_text_color__hover_enabled=&raquo;off&raquo; button_two_text_color__hover_enabled=&raquo;off&raquo; button_border_width__hover_enabled=&raquo;off&raquo; button_one_border_width__hover_enabled=&raquo;off&raquo; button_two_border_width__hover_enabled=&raquo;off&raquo; button_border_color__hover_enabled=&raquo;off&raquo; button_one_border_color__hover_enabled=&raquo;off&raquo; button_two_border_color__hover_enabled=&raquo;off&raquo; button_border_radius__hover_enabled=&raquo;on&raquo; button_border_radius__hover=&raquo;66px&raquo; button_one_border_radius__hover_enabled=&raquo;off&raquo; button_two_border_radius__hover_enabled=&raquo;off&raquo; button_letter_spacing__hover_enabled=&raquo;on&raquo; button_letter_spacing__hover=&raquo;1px&raquo; button_one_letter_spacing__hover_enabled=&raquo;off&raquo; button_two_letter_spacing__hover_enabled=&raquo;off&raquo; button_bg_color__hover_enabled=&raquo;on|hover&raquo; button_bg_color__hover=&raquo;rgba(47,56,84,0.5)&raquo; button_one_bg_color__hover_enabled=&raquo;off&raquo; button_two_bg_color__hover_enabled=&raquo;off&raquo;]<\/p>\n<p>Bryne medisinske hudpleie eies og drives av undertegnede, Monica H\u00e5land. Jeg er utdannet l\u00e6rer og sykepleier, og tok i 2015 videreutdanning i kosmetisk-dermatologisk sykepleie ved H\u00f8yskolen i S\u00f8r\u00f8st-Norge\/Senzieakademiet.<\/p>\n<p>Jeg er opptatt av \u00e5 tilby mine kunder forskningsbaserte produkter og behandlinger med dokumentert effekt, hvor m\u00e5let er et diskret og naturlig vakkert resultat.\u00a0<\/p>\n<p>[\/et_pb_cta][\/et_pb_column][\/et_pb_row][\/et_pb_section][et_pb_section fb_built=&raquo;1&#8243; admin_label=&raquo;Team&raquo; _builder_version=&raquo;4.2.1&#8243; background_color=&raquo;#324b4d&raquo; use_background_color_gradient=&raquo;on&raquo; background_color_gradient_start=&raquo;rgba(47,56,84,0.4)&raquo; background_color_gradient_end=&raquo;rgba(0,0,0,0)&raquo; background_color_gradient_direction=&raquo;160deg&raquo; custom_padding=&raquo;100px|0px|100px|0px&raquo; locked=&raquo;off&raquo;][et_pb_row _builder_version=&raquo;3.25&#8243;][et_pb_column type=&raquo;4_4&#8243; _builder_version=&raquo;3.25&#8243; custom_padding=&raquo;|||&raquo; custom_padding__hover=&raquo;|||&raquo;][et_pb_image src=&raquo;https:\/\/brynemedisinskehudpleie.no\/wp-content\/uploads\/2020\/01\/sparkle-top.png&raquo; align=&raquo;center&raquo; _builder_version=&raquo;4.2.1&#8243; filter_opacity=&raquo;20%&raquo; locked=&raquo;off&raquo;][\/et_pb_image][et_pb_text _builder_version=&raquo;4.2.1&#8243; text_font=&raquo;Montserrat|500|||||||&raquo; text_text_color=&raquo;rgba(255,255,255,0.5)&raquo; text_font_size=&raquo;16px&raquo; text_line_height=&raquo;1.9em&raquo; header_font=&raquo;||||||||&raquo; header_2_font=&raquo;Yeseva One||||||||&raquo; header_2_font_size=&raquo;50px&raquo; header_2_line_height=&raquo;1.3em&raquo; text_orientation=&raquo;center&raquo; background_layout=&raquo;dark&raquo; max_width=&raquo;700px&raquo; module_alignment=&raquo;center&raquo; header_2_font_size_tablet=&raquo;42px&raquo; header_2_font_size_phone=&raquo;&raquo; header_2_font_size_last_edited=&raquo;on|phone&raquo;]<\/p>\n<h2>Om meg:<\/h2>\n<p>[\/et_pb_text][\/et_pb_column][\/et_pb_row][et_pb_row column_structure=&raquo;1_2,1_2&#8243; _builder_version=&raquo;3.25&#8243; custom_padding=&raquo;27px|0px|50px|0px&raquo;][et_pb_column type=&raquo;1_2&#8243; _builder_version=&raquo;3.25&#8243; custom_padding=&raquo;|||&raquo; custom_padding__hover=&raquo;|||&raquo;][et_pb_text admin_label=&raquo;Paragraph&raquo; _builder_version=&raquo;4.2.1&#8243; text_font=&raquo;Montserrat|500|||||||&raquo; text_text_color=&raquo;rgba(255,255,255,0.5)&raquo; text_font_size=&raquo;16px&raquo; text_line_height=&raquo;1.9em&raquo; header_font=&raquo;||||||||&raquo; header_2_font=&raquo;Yeseva One||||||||&raquo; header_2_text_color=&raquo;#2f3854&#8243; header_2_font_size=&raquo;50px&raquo; header_2_line_height=&raquo;1.4em&raquo; header_3_font=&raquo;Montserrat|700|||||||&raquo; header_3_text_color=&raquo;rgba(255,255,255,0.8)&raquo; max_width=&raquo;700px&raquo; module_alignment=&raquo;center&raquo;]<\/p>\n<h3>Mitt navn er Monica H\u00e5land, jeg er utdannet kosmetisk-dermatologisk sykepleier og adjunkt.<\/h3>\n<p>Jeg har jobbet som sykepleier i hjemmesykepleien og som l\u00e6rer p\u00e5 ungdomsskoleniv\u00e5 f\u00f8r jeg i 2015 tok videreutdanning i kosmetisk-medisinske hudbehandlinger p\u00e5 Senzieakademiet\/H\u00f8yskolen i S\u00f8r\u00f8st Norge.<\/p>\n<p>Det betyr at jeg har tilegnet meg grunnleggende kunnskaper om huden og pleie av ulike hudtilstander, kosmetisk kjemi og ingrediensl\u00e6re, samt har grundig oppl\u00e6ring i medisinske hudbehandlinger som injeksjoner, kjemisk peeling, laser og lysbehandling og microneedling.<\/p>\n<p>Jeg har drevet min egen virksomhet, Bryne medisinske hudpleie, siden h\u00f8sten 2016, samtidig som\u00a0 jeg har jobbet litt deltid som flyvertinne i SAS. Pt jobber jeg litt ved siden av som sykepleier i det offentlige helsevesenet.<\/p>\n<p>[\/et_pb_text][\/et_pb_column][et_pb_column type=&raquo;1_2&#8243; _builder_version=&raquo;3.25&#8243; custom_padding=&raquo;|||&raquo; custom_padding__hover=&raquo;|||&raquo;][et_pb_text admin_label=&raquo;Paragraph&raquo; _builder_version=&raquo;4.2.1&#8243; text_font=&raquo;Montserrat|500|||||||&raquo; text_text_color=&raquo;rgba(255,255,255,0.5)&raquo; text_font_size=&raquo;16px&raquo; text_line_height=&raquo;1.9em&raquo; header_font=&raquo;||||||||&raquo; header_2_font=&raquo;Yeseva One||||||||&raquo; header_2_text_color=&raquo;#2f3854&#8243; header_2_font_size=&raquo;50px&raquo; header_2_line_height=&raquo;1.4em&raquo; header_3_font=&raquo;Montserrat|700|||||||&raquo; header_3_text_color=&raquo;rgba(255,255,255,0.8)&raquo; max_width=&raquo;700px&raquo; module_alignment=&raquo;center&raquo;]<\/p>\n<h3>Jeg er veldig opptatt av \u00e5 holde meg faglig oppdatert, jeg har etter endt videreutdanning som kosmetisk dermatologisk sykepleier kurset meg b\u00e5de innen hudpleie og produkter, og ikke minst innen injeksjonsbehandlinger.<\/h3>\n<p>Jeg har deltatt p\u00e5 kurs og konferanser i inn og utland, med anerkjente internasjonale forelesere, for \u00e5 kunne tilby mine kunder de beste produktene, teknikkene og behandlingene.<\/p>\n<p>Min kunnskap din trygghet- er hva jeg tilbyr, med vekt p\u00e5 naturlige resultater. M\u00e5let er at du som kunde skal bli forn\u00f8yd, med trygge, kvalitetssikrede teknikker og produkter, for et naturlig vakkert resultat.<\/p>\n<p>Jeg setter av god tid til grundig konsultasjon, du f\u00e5r anledning til \u00e5 komme med dine \u00f8nsker, behov og sp\u00f8rsm\u00e5l, f\u00e5r grundig informasjon om hva jeg kan tilby og hjelpe deg med, og om du \u00f8nsker setter vi opp en plan for ditt m\u00e5l.<\/p>\n<p>[\/et_pb_text][\/et_pb_column][\/et_pb_row][\/et_pb_section][et_pb_section fb_built=&raquo;1&#8243; admin_label=&raquo;Services&raquo; _builder_version=&raquo;4.2.1&#8243;][et_pb_row _builder_version=&raquo;3.25&#8243; custom_padding=&raquo;|||&raquo;][et_pb_column type=&raquo;4_4&#8243; _builder_version=&raquo;3.25&#8243; custom_padding=&raquo;|||&raquo; custom_padding__hover=&raquo;|||&raquo;][et_pb_text _builder_version=&raquo;3.27.4&#8243; text_font=&raquo;Montserrat|500|||||||&raquo; text_text_color=&raquo;rgba(47,56,84,0.5)&raquo; text_font_size=&raquo;16px&raquo; text_line_height=&raquo;1.9em&raquo; header_font=&raquo;||||||||&raquo; header_2_font=&raquo;Yeseva One||||||||&raquo; header_2_font_size=&raquo;50px&raquo; header_2_line_height=&raquo;1.3em&raquo; text_orientation=&raquo;center&raquo; max_width=&raquo;700px&raquo; module_alignment=&raquo;center&raquo;]<\/p>\n<h2>Hvorfor velge Bryne medisinske hudpleie?<\/h2>\n<p>[\/et_pb_text][\/et_pb_column][\/et_pb_row][et_pb_row column_structure=&raquo;1_2,1_2&#8243; _builder_version=&raquo;4.2.2&#8243; custom_padding=&raquo;27px|0px|50px|0px&raquo;][et_pb_column type=&raquo;1_2&#8243; _builder_version=&raquo;3.25&#8243; custom_padding=&raquo;|||&raquo; custom_padding__hover=&raquo;|||&raquo;][et_pb_text admin_label=&raquo;Paragraph&raquo; _builder_version=&raquo;3.27.4&#8243; text_font=&raquo;Montserrat|500|||||||&raquo; text_text_color=&raquo;rgba(47,56,84,0.5)&raquo; text_font_size=&raquo;16px&raquo; text_line_height=&raquo;1.9em&raquo; header_font=&raquo;||||||||&raquo; header_2_font=&raquo;Yeseva One||||||||&raquo; header_2_text_color=&raquo;#2f3854&#8243; header_2_font_size=&raquo;50px&raquo; header_2_line_height=&raquo;1.4em&raquo; max_width=&raquo;700px&raquo; module_alignment=&raquo;center&raquo;]<\/p>\n<p><strong>Bryne medisinske hudpleie eies og drives av undertegnede, Monica H\u00e5land. Jeg er utdannet l\u00e6rer og sykepleier, og tok i 2015 videreutdanning i kosmetisk-dermatologisk sykepleie ved H\u00f8yskolen i Drammen\/Senzieakademiet.<\/strong><\/p>\n<p>Gjennom denne videreutdanningen har jeg tilegnet meg grunnleggende kunnskaper om huden, dens oppbygning og funksjon, hva som kjennetegner ulike hudtilstander, optimal pleie av hud, kosmetisk kjemi og ingrediensl\u00e6re- kunnskap for \u00e5 kunne yte hudpleie for optimal hudhelse, med en vital, frisk og fin hud som resultat.\u00a0<\/p>\n<p>Gjennom denne utdanningen har jeg ogs\u00e5 f\u00e5tt grundig innf\u00f8ring i og kunnskaper om kosmetisk- medisinske hudbehandlinger, slik at jeg kan utf\u00f8re trygge behandlinger av god kvalitet. Den anerkjente skotske hudlegen Dr. Kieren Bong er Medical director for Senzie, og jeg er oppl\u00e6rt i injeksjonsteknikker for btx og filler med hans patenterte injeksjonsmetoder.<\/p>\n<p>Jeg tilbyr produkter med vitenskapelig dokumentert effekt, og kurser meg kontinuerlig for \u00e5 holde meg\u00a0oppdatert og kunne tilby deg som kunde det beste av produkter og behandlinger.<\/p>\n<p>[\/et_pb_text][\/et_pb_column][et_pb_column type=&raquo;1_2&#8243; _builder_version=&raquo;3.25&#8243; custom_padding=&raquo;|||&raquo; custom_padding__hover=&raquo;|||&raquo;][et_pb_blurb title=&raquo;Trygge og effektive behandlinger&raquo; use_icon=&raquo;on&raquo; font_icon=&raquo;%%202%%&raquo; icon_placement=&raquo;left&raquo; use_icon_font_size=&raquo;on&raquo; icon_font_size=&raquo;27px&raquo; _builder_version=&raquo;4.2.2&#8243; header_font=&raquo;Montserrat|700|||||||&raquo; header_text_color=&raquo;#333&#8243; header_font_size=&raquo;16px&raquo; header_line_height=&raquo;1.9em&raquo; body_font=&raquo;Montserrat|500|||||||&raquo; body_text_color=&raquo;rgba(47,56,84,0.5)&raquo; body_line_height=&raquo;1.9em&raquo; custom_margin=&raquo;|||&raquo; custom_padding=&raquo;|||&raquo; animation_style=&raquo;zoom&raquo; animation_direction=&raquo;left&raquo; animation_intensity_zoom=&raquo;10%&raquo;]<\/p>\n<p>Trender kommer og g\u00e5r- det finnes et utall av produkter og behandlinger \u00e5 velge blant-og som kunde kan man bli forvirret av alt som tilbys, med lovnader om fantastiske resultater og effekter.\u00a0<\/p>\n<p>Jeg legger stor vekt p\u00e5 \u00e5 bruke min tilegnede fagkunnskap til \u00e5 kunne velge ut og tilby deg som kunde behandlinger og produkter som er basert p\u00e5 forskning og oppdatert kunnskap.\u00a0<\/p>\n<p>&nbsp;<\/p>\n<p>[\/et_pb_blurb][et_pb_blurb use_icon=&raquo;on&raquo; font_icon=&raquo;%%202%%&raquo; icon_placement=&raquo;left&raquo; use_icon_font_size=&raquo;on&raquo; icon_font_size=&raquo;27px&raquo; _builder_version=&raquo;4.5.6&#8243; header_font=&raquo;Montserrat|700|||||||&raquo; header_text_color=&raquo;#333&#8243; header_font_size=&raquo;16px&raquo; header_line_height=&raquo;1.9em&raquo; body_font=&raquo;Montserrat|500|||||||&raquo; body_text_color=&raquo;rgba(47,56,84,0.5)&raquo; body_line_height=&raquo;1.9em&raquo; custom_margin=&raquo;|||&raquo; custom_padding=&raquo;0px|||||&raquo; animation_style=&raquo;zoom&raquo; animation_direction=&raquo;left&raquo; animation_intensity_zoom=&raquo;10%&raquo; hover_enabled=&raquo;0&#8243; title=&raquo;Value for money&raquo;]<\/p>\n<p>\u00c5 kunne tilby trygge, effektive og oppdaterte behandlinger med de nyeste teknikkene og utstyret er mitt m\u00e5l for deg- samtidig som jeg \u00f8nsker og tilstreber at du skal f\u00e5 best mulig resultater av pengene du investerer i form av opplevelse av opplagthet, tilfredshet og god hudhelse. Jeg har valgt et moderat prisniv\u00e5 p\u00e5 mine behandlinger, med mindre bruk av rabatter, slik at greie priser skal komme faste, lojale kunder til gode.\u00a0<\/p>\n<p>[\/et_pb_blurb][et_pb_blurb title=&raquo;Du som kunde skal kunne velge behandling basert p\u00e5 god veiledning og informasjon&raquo; use_icon=&raquo;on&raquo; font_icon=&raquo;%%202%%&raquo; icon_placement=&raquo;left&raquo; use_icon_font_size=&raquo;on&raquo; icon_font_size=&raquo;27px&raquo; _builder_version=&raquo;4.5.6&#8243; header_font=&raquo;Montserrat|700|||||||&raquo; header_text_color=&raquo;#333&#8243; header_font_size=&raquo;16px&raquo; header_line_height=&raquo;1.9em&raquo; body_font=&raquo;Montserrat|500|||||||&raquo; body_text_color=&raquo;rgba(47,56,84,0.5)&raquo; body_line_height=&raquo;1.9em&raquo; custom_margin=&raquo;|||&raquo; custom_padding=&raquo;|||&raquo; animation_style=&raquo;zoom&raquo; animation_direction=&raquo;left&raquo; animation_intensity_zoom=&raquo;10%&raquo; hover_enabled=&raquo;0&#8243;]<\/p>\n<p>Jeg setter av god tid til \u00e5 veilede og informere, h\u00f8re p\u00e5 hva du som kunde \u00f8nsker deg av resultater, og gi deg den kunnskapen du trenger for \u00e5 kunne velge rett behandling ift hva du \u00f8nsker \u00e5 oppn\u00e5. .<\/p>\n<p>[\/et_pb_blurb][\/et_pb_column][\/et_pb_row][\/et_pb_section]<\/p>\n","protected":false},"excerpt":{"rendered":"<p>Bryne medisinske hudpleie eies og drives av undertegnede, Monica H\u00e5land. Jeg er utdannet l\u00e6rer og sykepleier, og tok i 2015 videreutdanning i kosmetisk-dermatologisk sykepleie ved H\u00f8yskolen i S\u00f8r\u00f8st-Norge\/Senzieakademiet. Jeg er opptatt av \u00e5 tilby mine kunder forskningsbaserte produkter og behandlinger med dokumentert effekt, hvor m\u00e5let er et diskret og naturlig vakkert resultat.\u00a0Om meg:Mitt navn er [&hellip;]<\/p>\n","protected":false},"author":1,"featured_media":0,"parent":0,"menu_order":0,"comment_status":"closed","ping_status":"closed","template":"","meta":{"_et_pb_use_builder":"on","_et_pb_old_content":"","_et_gb_content_width":"","footnotes":""},"class_list":["post-4044","page","type-page","status-publish","hentry"],"yoast_head":"<!-- This site is optimized with the Yoast SEO plugin v27.5 - https:\/\/yoast.com\/product\/yoast-seo-wordpress\/ -->\n<title>Om meg - Bryne Medisinske Hudpleie<\/title>\n<meta name=\"robots\" content=\"index, follow, max-snippet:-1, max-image-preview:large, max-video-preview:-1\" \/>\n<link rel=\"canonical\" href=\"https:\/\/brynemedisinskehudpleie.no\/en\/about-me\/\" \/>\n<meta property=\"og:locale\" content=\"en_US\" \/>\n<meta property=\"og:type\" content=\"article\" \/>\n<meta property=\"og:title\" content=\"Om meg - Bryne Medisinske Hudpleie\" \/>\n<meta property=\"og:url\" content=\"https:\/\/brynemedisinskehudpleie.no\/en\/about-me\/\" \/>\n<meta property=\"og:site_name\" content=\"Bryne Medisinske Hudpleie\" \/>\n<meta property=\"article:modified_time\" content=\"2020-08-17T14:44:56+00:00\" \/>\n<meta name=\"twitter:card\" content=\"summary_large_image\" \/>\n<meta name=\"twitter:label1\" content=\"Est. reading time\" \/>\n\t<meta name=\"twitter:data1\" content=\"9 minutes\" \/>\n<script type=\"application\/ld+json\" class=\"yoast-schema-graph\">{\"@context\":\"https:\\\/\\\/schema.org\",\"@graph\":[{\"@type\":\"WebPage\",\"@id\":\"https:\\\/\\\/brynemedisinskehudpleie.no\\\/om-meg\\\/\",\"url\":\"https:\\\/\\\/brynemedisinskehudpleie.no\\\/om-meg\\\/\",\"name\":\"Om meg - Bryne Medisinske Hudpleie\",\"isPartOf\":{\"@id\":\"https:\\\/\\\/brynemedisinskehudpleie.no\\\/#website\"},\"datePublished\":\"2020-01-21T15:38:01+00:00\",\"dateModified\":\"2020-08-17T14:44:56+00:00\",\"breadcrumb\":{\"@id\":\"https:\\\/\\\/brynemedisinskehudpleie.no\\\/om-meg\\\/#breadcrumb\"},\"inLanguage\":\"en-US\",\"potentialAction\":[{\"@type\":\"ReadAction\",\"target\":[\"https:\\\/\\\/brynemedisinskehudpleie.no\\\/om-meg\\\/\"]}]},{\"@type\":\"BreadcrumbList\",\"@id\":\"https:\\\/\\\/brynemedisinskehudpleie.no\\\/om-meg\\\/#breadcrumb\",\"itemListElement\":[{\"@type\":\"ListItem\",\"position\":1,\"name\":\"Home\",\"item\":\"https:\\\/\\\/brynemedisinskehudpleie.no\\\/\"},{\"@type\":\"ListItem\",\"position\":2,\"name\":\"Om meg\"}]},{\"@type\":\"WebSite\",\"@id\":\"https:\\\/\\\/brynemedisinskehudpleie.no\\\/#website\",\"url\":\"https:\\\/\\\/brynemedisinskehudpleie.no\\\/\",\"name\":\"Bryne Medisinske Hudpleie\",\"description\":\"Kosmetisk-medisinske hudbehandlinger og veiledning\",\"potentialAction\":[{\"@type\":\"SearchAction\",\"target\":{\"@type\":\"EntryPoint\",\"urlTemplate\":\"https:\\\/\\\/brynemedisinskehudpleie.no\\\/?s={search_term_string}\"},\"query-input\":{\"@type\":\"PropertyValueSpecification\",\"valueRequired\":true,\"valueName\":\"search_term_string\"}}],\"inLanguage\":\"en-US\"}]}<\/script>\n<!-- \/ Yoast SEO plugin. -->","yoast_head_json":{"title":"About me - Bryne Medisinske Hudpleie","robots":{"index":"index","follow":"follow","max-snippet":"max-snippet:-1","max-image-preview":"max-image-preview:large","max-video-preview":"max-video-preview:-1"},"canonical":"https:\/\/brynemedisinskehudpleie.no\/en\/about-me\/","og_locale":"en_US","og_type":"article","og_title":"Om meg - Bryne Medisinske Hudpleie","og_url":"https:\/\/brynemedisinskehudpleie.no\/en\/about-me\/","og_site_name":"Bryne Medisinske Hudpleie","article_modified_time":"2020-08-17T14:44:56+00:00","twitter_card":"summary_large_image","twitter_misc":{"Est. reading time":"9 minutes"},"schema":{"@context":"https:\/\/schema.org","@graph":[{"@type":"WebPage","@id":"https:\/\/brynemedisinskehudpleie.no\/om-meg\/","url":"https:\/\/brynemedisinskehudpleie.no\/om-meg\/","name":"About me - Bryne Medisinske Hudpleie","isPartOf":{"@id":"https:\/\/brynemedisinskehudpleie.no\/#website"},"datePublished":"2020-01-21T15:38:01+00:00","dateModified":"2020-08-17T14:44:56+00:00","breadcrumb":{"@id":"https:\/\/brynemedisinskehudpleie.no\/om-meg\/#breadcrumb"},"inLanguage":"en-US","potentialAction":[{"@type":"ReadAction","target":["https:\/\/brynemedisinskehudpleie.no\/om-meg\/"]}]},{"@type":"BreadcrumbList","@id":"https:\/\/brynemedisinskehudpleie.no\/om-meg\/#breadcrumb","itemListElement":[{"@type":"ListItem","position":1,"name":"Home","item":"https:\/\/brynemedisinskehudpleie.no\/"},{"@type":"ListItem","position":2,"name":"Om meg"}]},{"@type":"WebSite","@id":"https:\/\/brynemedisinskehudpleie.no\/#website","url":"https:\/\/brynemedisinskehudpleie.no\/","name":"Bryne Medical Skin Care","description":"Cosmetic-medical skin treatments and guidance","potentialAction":[{"@type":"SearchAction","target":{"@type":"EntryPoint","urlTemplate":"https:\/\/brynemedisinskehudpleie.no\/?s={search_term_string}"},"query-input":{"@type":"PropertyValueSpecification","valueRequired":true,"valueName":"search_term_string"}}],"inLanguage":"en-US"}]}},"_links":{"self":[{"href":"https:\/\/brynemedisinskehudpleie.no\/en\/wp-json\/wp\/v2\/pages\/4044","targetHints":{"allow":["GET"]}}],"collection":[{"href":"https:\/\/brynemedisinskehudpleie.no\/en\/wp-json\/wp\/v2\/pages"}],"about":[{"href":"https:\/\/brynemedisinskehudpleie.no\/en\/wp-json\/wp\/v2\/types\/page"}],"author":[{"embeddable":true,"href":"https:\/\/brynemedisinskehudpleie.no\/en\/wp-json\/wp\/v2\/users\/1"}],"replies":[{"embeddable":true,"href":"https:\/\/brynemedisinskehudpleie.no\/en\/wp-json\/wp\/v2\/comments?post=4044"}],"version-history":[{"count":0,"href":"https:\/\/brynemedisinskehudpleie.no\/en\/wp-json\/wp\/v2\/pages\/4044\/revisions"}],"wp:attachment":[{"href":"https:\/\/brynemedisinskehudpleie.no\/en\/wp-json\/wp\/v2\/media?parent=4044"}],"curies":[{"name":"wp","href":"https:\/\/api.w.org\/{rel}","templated":true}]}}